{"id":14247,"date":"2022-12-12T12:35:18","date_gmt":"2022-12-12T12:35:18","guid":{"rendered":"https:\/\/agri-smart.eu\/vystupy\/"},"modified":"2026-02-18T10:13:53","modified_gmt":"2026-02-18T10:13:53","slug":"vystupy","status":"publish","type":"page","link":"https:\/\/agri-smart.eu\/sk\/vystupy\/","title":{"rendered":"V\u00ddSTUPY"},"content":{"rendered":"\n<div class=\"wp-block-columns is-layout-flex wp-container-core-columns-is-layout-28f84493 wp-block-columns-is-layout-flex\">\n<div class=\"wp-block-column is-layout-flow wp-block-column-is-layout-flow\">\n<figure class=\"wp-block-image size-large\"><img decoding=\"async\" src=\"https:\/\/agri-smart.eu\/wp-content\/uploads\/2022\/12\/pexels-photo-247819-3-1-1024x595.jpeg\" alt=\"\" class=\"wp-image-24\"\/><\/figure>\n\n\n\n<h2 class=\"wp-block-heading\"><strong>1. V\u00fdsledky vzdel\u00e1vania zalo\u017een\u00e9 na d\u00f4kazoch a vzdel\u00e1vacie moduly pre rozvoj klimatick\u00fdch a digit\u00e1lnych zru\u010dnost\u00ed pre po\u013enohospod\u00e1rsky sektor<\/strong><\/h2>\n\n\n\n<p>Tento v\u00fdstup bude definova\u0165 v\u00fdsledky vzdel\u00e1vania pre aktu\u00e1lny po\u013enohospod\u00e1rsky vzdel\u00e1vac\u00ed program o environment\u00e1lne udr\u017eate\u013en\u00fdch pracovn\u00fdch postupoch a modern\u00fdch digit\u00e1lnych aplik\u00e1ci\u00e1ch, ktor\u00fd bude na mieru prisp\u00f4soben\u00fd sektorov\u00fdm potreb\u00e1m. Poskytne vyhl\u00e1senie o tom, \u010do by \u0161tudenti mali vedie\u0165, ch\u00e1pa\u0165 a by\u0165 schopn\u00ed vykon\u00e1va\u0165 po ukon\u010den\u00ed vzdel\u00e1vacieho programu AgriSmart. <\/p>\n\n\n\n<div class=\"wp-block-buttons is-layout-flex wp-block-buttons-is-layout-flex\">\n<div class=\"wp-block-button aligncenter\"><a class=\"wp-block-button__link wp-element-button\" href=\"https:\/\/agri-smart.eu\/wp-content\/uploads\/2022\/12\/O1_T4_LearningOutputReport-1.pdf\" target=\"_blank\" rel=\"noreferrer noopener\">Learning Outcomes report<\/a><\/div>\n<\/div>\n<\/div>\n\n\n\n<div class=\"wp-block-column is-layout-flow wp-block-column-is-layout-flow\">\n<figure class=\"wp-block-image size-large is-resized\"><img decoding=\"async\" src=\"https:\/\/agri-smart.eu\/wp-content\/uploads\/2022\/12\/syllabus_2_1-1-e1671186576183-1024x556.jpg\" alt=\"\" class=\"wp-image-6943\" style=\"width:403px;height:218px\"\/><\/figure>\n\n\n\n<h2 class=\"wp-block-heading\"><strong>2. Modul\u00e1rna \u0161trukt\u00fara kurikula (sylabus), vzdel\u00e1vacie pokyny a vzdel\u00e1vacie a hodnotiace materi\u00e1ly<\/strong><\/h2>\n\n\n\n<p>Tento v\u00fdstup vytvor\u00ed modul\u00e1rnu \u0161trukt\u00faru u\u010debn\u00fdch osnov (sylabus), ktor\u00e9 m\u00f4\u017eu vyu\u017e\u00edva\u0165 poskytovatelia OVP, ako aj po\u013enohospod\u00e1ri, ktor\u00ed chc\u00fa rozv\u00edja\u0165 svoje klimatick\u00e9 a digit\u00e1lne zru\u010dnosti. Okrem toho tento v\u00fdstup zah\u0155\u0148a vytvorenie s\u00faboru zdrojov, vr\u00e1tane vzdel\u00e1vac\u00edch pokynov, u\u010debn\u00fdch a hodnotiacich materi\u00e1lov, navrhnut\u00fdch na podporu poskytovania kurzu AGRISMART v oblasti odborn\u00e9ho vzdel\u00e1vania a pr\u00edpravy. Hlavn\u00fdm cie\u013eom je sprostredkova\u0165 a umo\u017eni\u0165 osvojenie si klimatick\u00fdch, inteligentn\u00fdch a digit\u00e1lnych zru\u010dnost\u00ed v sektore po\u013enohospod\u00e1rstva.  <\/p>\n\n\n\n<div class=\"wp-block-buttons is-layout-flex wp-block-buttons-is-layout-flex\">\n<div class=\"wp-block-button aligncenter\"><a class=\"wp-block-button__link wp-element-button\" href=\"https:\/\/agri-smart.eu\/wp-content\/uploads\/2023\/03\/AgriSmart_curriculum_final_SK.pdf\" target=\"_blank\" rel=\"noreferrer noopener\">MODUL\u00c1RNE KURIKULUM<\/a><\/div>\n\n\n\n<div class=\"wp-block-button aligncenter\"><a class=\"wp-block-button__link wp-element-button\" href=\"https:\/\/agri-smart.eu\/wp-content\/uploads\/2023\/03\/O2-T2_final_SK_19102022.pdf\" target=\"_blank\" rel=\"noreferrer noopener\">VZDEL\u00c1VACIE A HODNOTIACE MATERI\u00c1LY<\/a><\/div>\n\n\n\n<div class=\"wp-block-button aligncenter\"><a class=\"wp-block-button__link wp-element-button\" href=\"https:\/\/agri-smart.eu\/wp-content\/uploads\/2023\/03\/O2_T3_FINAL_sk.pdf\" target=\"_blank\" rel=\"noreferrer noopener\">PR\u00cdRU\u010cKA PRE \u0160KOLITE\u013dOV<\/a><\/div>\n<\/div>\n<\/div>\n<\/div>\n\n\n\n<div class=\"wp-block-columns is-layout-flex wp-container-core-columns-is-layout-28f84493 wp-block-columns-is-layout-flex\">\n<div class=\"wp-block-column is-layout-flow wp-block-column-is-layout-flow\">\n<figure class=\"wp-block-image size-large\"><img decoding=\"async\" src=\"https:\/\/agri-smart.eu\/wp-content\/uploads\/2022\/12\/copy-of-lk_books_harlan-108_wide-0de53ac74a75eaa61a975b7b02b83f1cd1a18ba5-1-1024x576.jpg\" alt=\"\" class=\"wp-image-21\"\/><\/figure>\n\n\n\n<h2 class=\"wp-block-heading\"><strong>3. Tvorba vzdel\u00e1vac\u00edch materi\u00e1lov, ako otvoren\u00fdch vzdel\u00e1vac\u00edch zdrojov (OER)<\/strong><\/h2>\n\n\n\n<p>OER, ktor\u00e9 sa maj\u00fa vypracova\u0165, bud\u00fa ur\u010den\u00e9 na integr\u00e1ciu do poskytova\u00e9ho odborn\u00e9ho vzdel\u00e1vania a pr\u00edpravy, ako aj na individu\u00e1lnu odborn\u00fa pr\u00edpravu, ktor\u00e1 bude rie\u0161i\u0165 potreby nov\u00e1\u010dikov aj sk\u00fasen\u00fdch farm\u00e1rov. OER AGRISMART bud\u00fa dostupn\u00e9 vo v\u0161etk\u00fdch jazykoch partnerov projektu (EN, IT, EL, DE, PL, SK, FR), \u010d\u00edm sa zabezpe\u010d\u00ed \u0161irok\u00e1 geografick\u00e1 prenosnos\u0165 tohto v\u00fdstupu. Pr\u00edstupov\u00e9 pr\u00e1va a vyu\u017e\u00edvanie OER bud\u00fa neobmedzen\u00e9.  <\/p>\n\n\n\n<div class=\"wp-block-buttons is-layout-flex wp-block-buttons-is-layout-flex\">\n<div class=\"wp-block-button\"><a class=\"wp-block-button__link wp-element-button\" href=\"https:\/\/agri-smart.eu\/wp-content\/uploads\/2026\/02\/SK-MasterAgrismart-e-book_.pdf\" target=\"_blank\" rel=\"noreferrer noopener\">Stiahnite si e-knihu AGRISMART Learner v sloven\u010dine<\/a><\/div>\n<\/div>\n<\/div>\n\n\n\n<div class=\"wp-block-column is-layout-flow wp-block-column-is-layout-flow\">\n<figure class=\"wp-block-image size-large\"><img decoding=\"async\" src=\"https:\/\/agri-smart.eu\/wp-content\/uploads\/2022\/12\/Free-Online-Course-1-1024x684.jpg\" alt=\"\" class=\"wp-image-23\"\/><\/figure>\n\n\n\n<h2 class=\"wp-block-heading\"><strong>4. AGRISMART e-learningov\u00e1 platforma a vzdel\u00e1vac\u00ed obsah v 7 jazykoch<\/strong><\/h2>\n\n\n\n<p>E-learningov\u00e1 platforma bude pozost\u00e1va\u0165 z projektov\u00fdch vzdel\u00e1vac\u00edch modulov a kontextov\u00fdch vzdel\u00e1vac\u00edch a hodnotiacich materi\u00e1lov, vytvoren\u00fdch v r\u00e1mci v\u00fdstupu O2, vhodn\u00fdch pre individu\u00e1lne a kombinovan\u00e9 vzdel\u00e1vanie.<\/p>\n\n\n\n<div class=\"wp-block-buttons is-layout-flex wp-block-buttons-is-layout-flex\">\n<div class=\"wp-block-button aligncenter\"><a class=\"wp-block-button__link wp-element-button\" href=\"https:\/\/erasmusmoocs.thinkific.com\/courses\/agrismart-sustainability-and-digital-skills-for-the-agricultural-sector-slovak-version\" target=\"_blank\" rel=\"noreferrer noopener\">Pr\u00edstup k VOOC<\/a><\/div>\n<\/div>\n<\/div>\n<\/div>\n\n\n\n<div class=\"wp-block-columns is-layout-flex wp-container-core-columns-is-layout-28f84493 wp-block-columns-is-layout-flex\">\n<div class=\"wp-block-column is-layout-flow wp-block-column-is-layout-flow\">\n<figure class=\"wp-block-image size-large\"><img decoding=\"async\" src=\"https:\/\/agri-smart.eu\/wp-content\/uploads\/2022\/12\/dark-mode-email-toolkit-1-1024x538.jpg\" alt=\"\" class=\"wp-image-22\"\/><\/figure>\n\n\n\n<h2 class=\"wp-block-heading\"><strong>5. Mentorsk\u00e1 pr\u00edru\u010dka na integr\u00e1ciu v\u00fdsledkov AGRISMART v po\u013enohospod\u00e1rskom vzdel\u00e1van\u00ed WBL<\/strong>  <\/h2>\n\n\n\n<p>Cie\u013eom pr\u00edru\u010dky je u\u013eah\u010di\u0165 osvojenie si klimatick\u00fdch a digit\u00e1lnych zru\u010dnost\u00ed. S\u00fabor n\u00e1strojov bude ur\u010den\u00fd sk\u00fasen\u00fdm odborn\u00edkom z praxe, ktor\u00ed sa z\u00fa\u010dast\u0148uj\u00fa, alebo a\u0161piruj\u00fa na \u00fa\u010das\u0165 na aktivit\u00e1ch WBL ako mentori, bude sa vz\u0165ahova\u0165 na r\u00f4zne formy \u0161kolenia WBL (t. j. I-VET, C-VET, form\u00e1lne\/neform\u00e1lne, s\/bez \u00fa\u010dasti poskytovatelia OVP).  <\/p>\n\n\n\n<div class=\"wp-block-buttons is-layout-flex wp-block-buttons-is-layout-flex\">\n<div class=\"wp-block-button\"><a class=\"wp-block-button__link wp-element-button\" href=\"https:\/\/agri-smart.eu\/wp-content\/uploads\/2023\/06\/O4-T2-AGRISMART-MENTORS-TOOLBOX-SK.pdf\" target=\"_blank\" rel=\"noreferrer noopener\">STIAHNITE SI STR\u00c1NKU AGRISMART MENTORS TOOLBOX<\/a><\/div>\n<\/div>\n<\/div>\n\n\n\n<div class=\"wp-block-column is-layout-flow wp-block-column-is-layout-flow\">\n<figure class=\"wp-block-image size-large\"><img decoding=\"async\" src=\"https:\/\/agri-smart.eu\/wp-content\/uploads\/2022\/12\/2x-1-1024x439.png\" alt=\"\" class=\"wp-image-20\"\/><\/figure>\n\n\n\n<h2 class=\"wp-block-heading\"><strong>6. R\u00e1mcov\u00fd dokument AGRISMART na podporu integr\u00e1cie klimatick\u00fdch inteligentn\u00fdch a digit\u00e1lnych zru\u010dnost\u00ed do ponuky OVP a region\u00e1lnych polit\u00edk<\/strong>   <\/h2>\n\n\n\n<p>Tento v\u00fdstup zah\u0155\u0148a vytvorenie r\u00e1mca na podporu integr\u00e1cie rozvoja inteligentn\u00fdch a digit\u00e1lnych zru\u010dnost\u00ed v oblasti kl\u00edmy do ponuky odborn\u00e9ho vzdel\u00e1vania a pr\u00edpravy a region\u00e1lnych polit\u00edk. Cie\u013eom tohto v\u00fdstupu je identifikova\u0165 d\u00f4le\u017eit\u00e9 aspekty (t. j. administrat\u00edvne, organiza\u010dn\u00e9, finan\u010dn\u00e9, zvy\u0161ovanie povedomia), ktor\u00e9 s\u00fa relevantn\u00e9 pre zriadenie, zavedenie a fungovanie po\u013enohospod\u00e1rskych syst\u00e9mov WBL.  <\/p>\n\n\n\n<div class=\"wp-block-buttons is-layout-flex wp-block-buttons-is-layout-flex\">\n<div class=\"wp-block-button\"><a class=\"wp-block-button__link wp-element-button\" href=\"https:\/\/agri-smart.eu\/wp-content\/uploads\/2023\/06\/AGRISMART_O5-T1_Position-paperFinal_sk.pdf\" target=\"_blank\" rel=\"noreferrer noopener\">DOWNLOAD THE POSITION PAPER(SK)<\/a><\/div>\n<\/div>\n<\/div>\n<\/div>\n","protected":false},"excerpt":{"rendered":"<p>1. V\u00fdsledky vzdel\u00e1vania zalo\u017een\u00e9 na d\u00f4kazoch a vzdel\u00e1vacie moduly pre rozvoj klimatick\u00fdch a digit\u00e1lnych zru\u010dnost\u00ed pre po\u013enohospod\u00e1rsky sektor Tento v\u00fdstup bude definova\u0165 v\u00fdsledky vzdel\u00e1vania pre aktu\u00e1lny po\u013enohospod\u00e1rsky vzdel\u00e1vac\u00ed program o environment\u00e1lne udr\u017eate\u013en\u00fdch pracovn\u00fdch postupoch a modern\u00fdch digit\u00e1lnych aplik\u00e1ci\u00e1ch, ktor\u00fd bude na mieru prisp\u00f4soben\u00fd sektorov\u00fdm potreb\u00e1m. Poskytne vyhl\u00e1senie o tom, \u010do by \u0161tudenti mali vedie\u0165, ch\u00e1pa\u0165 &hellip; <\/p>\n<p class=\"link-more\"><a href=\"https:\/\/agri-smart.eu\/sk\/vystupy\/\" class=\"more-link\">Read more<span class=\"screen-reader-text\"> &#8222;V\u00ddSTUPY&#8220;<\/span><\/a><\/p>\n","protected":false},"author":4,"featured_media":0,"parent":0,"menu_order":0,"comment_status":"closed","ping_status":"closed","template":"","meta":{"inspiro_hide_title":false,"footnotes":""},"class_list":["post-14247","page","type-page","status-publish","hentry"],"yoast_head":"<!-- This site is optimized with the Yoast SEO plugin v27.5 - https:\/\/yoast.com\/product\/yoast-seo-wordpress\/ -->\n<title>V\u00ddSTUPY - Agrismart project<\/title>\n<meta name=\"robots\" content=\"index, follow, max-snippet:-1, max-image-preview:large, max-video-preview:-1\" \/>\n<link rel=\"canonical\" href=\"https:\/\/agri-smart.eu\/sk\/vystupy\/\" \/>\n<meta property=\"og:locale\" content=\"sk_SK\" \/>\n<meta property=\"og:type\" content=\"article\" \/>\n<meta property=\"og:title\" content=\"V\u00ddSTUPY - Agrismart project\" \/>\n<meta property=\"og:description\" content=\"1. V\u00fdsledky vzdel\u00e1vania zalo\u017een\u00e9 na d\u00f4kazoch a vzdel\u00e1vacie moduly pre rozvoj klimatick\u00fdch a digit\u00e1lnych zru\u010dnost\u00ed pre po\u013enohospod\u00e1rsky sektor Tento v\u00fdstup bude definova\u0165 v\u00fdsledky vzdel\u00e1vania pre aktu\u00e1lny po\u013enohospod\u00e1rsky vzdel\u00e1vac\u00ed program o environment\u00e1lne udr\u017eate\u013en\u00fdch pracovn\u00fdch postupoch a modern\u00fdch digit\u00e1lnych aplik\u00e1ci\u00e1ch, ktor\u00fd bude na mieru prisp\u00f4soben\u00fd sektorov\u00fdm potreb\u00e1m. Poskytne vyhl\u00e1senie o tom, \u010do by \u0161tudenti mali vedie\u0165, ch\u00e1pa\u0165 &hellip; Read more &quot;V\u00ddSTUPY&quot;\" \/>\n<meta property=\"og:url\" content=\"https:\/\/agri-smart.eu\/sk\/vystupy\/\" \/>\n<meta property=\"og:site_name\" content=\"Agrismart project\" \/>\n<meta property=\"article:publisher\" content=\"https:\/\/www.facebook.com\/AgriSmartErasmus\" \/>\n<meta property=\"article:modified_time\" content=\"2026-02-18T10:13:53+00:00\" \/>\n<meta property=\"og:image\" content=\"https:\/\/agri-smart.eu\/wp-content\/uploads\/2021\/06\/LogosBeneficairesErasmusRIGHT_EN.jpg\" \/>\n\t<meta property=\"og:image:width\" content=\"1\" \/>\n\t<meta property=\"og:image:height\" content=\"1\" \/>\n\t<meta property=\"og:image:type\" content=\"image\/jpeg\" \/>\n<meta name=\"twitter:card\" content=\"summary_large_image\" \/>\n<meta name=\"twitter:site\" content=\"@AgrismartEu\" \/>\n<meta name=\"twitter:label1\" content=\"Predpokladan\u00fd \u010das \u010d\u00edtania\" \/>\n\t<meta name=\"twitter:data1\" content=\"3 min\u00faty\" \/>\n<script type=\"application\/ld+json\" class=\"yoast-schema-graph\">{\"@context\":\"https:\\\/\\\/schema.org\",\"@graph\":[{\"@type\":\"WebPage\",\"@id\":\"https:\\\/\\\/agri-smart.eu\\\/sk\\\/vystupy\\\/\",\"url\":\"https:\\\/\\\/agri-smart.eu\\\/sk\\\/vystupy\\\/\",\"name\":\"V\u00ddSTUPY - Agrismart project\",\"isPartOf\":{\"@id\":\"https:\\\/\\\/agri-smart.eu\\\/sk\\\/#website\"},\"primaryImageOfPage\":{\"@id\":\"https:\\\/\\\/agri-smart.eu\\\/sk\\\/vystupy\\\/#primaryimage\"},\"image\":{\"@id\":\"https:\\\/\\\/agri-smart.eu\\\/sk\\\/vystupy\\\/#primaryimage\"},\"thumbnailUrl\":\"https:\\\/\\\/agri-smart.eu\\\/wp-content\\\/uploads\\\/2022\\\/12\\\/pexels-photo-247819-3-1-1024x595.jpeg\",\"datePublished\":\"2022-12-12T12:35:18+00:00\",\"dateModified\":\"2026-02-18T10:13:53+00:00\",\"breadcrumb\":{\"@id\":\"https:\\\/\\\/agri-smart.eu\\\/sk\\\/vystupy\\\/#breadcrumb\"},\"inLanguage\":\"sk-SK\",\"potentialAction\":[{\"@type\":\"ReadAction\",\"target\":[\"https:\\\/\\\/agri-smart.eu\\\/sk\\\/vystupy\\\/\"]}]},{\"@type\":\"ImageObject\",\"inLanguage\":\"sk-SK\",\"@id\":\"https:\\\/\\\/agri-smart.eu\\\/sk\\\/vystupy\\\/#primaryimage\",\"url\":\"https:\\\/\\\/agri-smart.eu\\\/wp-content\\\/uploads\\\/2022\\\/12\\\/pexels-photo-247819-3-1-1024x595.jpeg\",\"contentUrl\":\"https:\\\/\\\/agri-smart.eu\\\/wp-content\\\/uploads\\\/2022\\\/12\\\/pexels-photo-247819-3-1-1024x595.jpeg\"},{\"@type\":\"BreadcrumbList\",\"@id\":\"https:\\\/\\\/agri-smart.eu\\\/sk\\\/vystupy\\\/#breadcrumb\",\"itemListElement\":[{\"@type\":\"ListItem\",\"position\":1,\"name\":\"Home\",\"item\":\"https:\\\/\\\/agri-smart.eu\\\/sk\\\/projekt\\\/\"},{\"@type\":\"ListItem\",\"position\":2,\"name\":\"V\u00ddSTUPY\"}]},{\"@type\":\"WebSite\",\"@id\":\"https:\\\/\\\/agri-smart.eu\\\/sk\\\/#website\",\"url\":\"https:\\\/\\\/agri-smart.eu\\\/sk\\\/\",\"name\":\"Agrismart project\",\"description\":\"Sustainability and Digital Skills for the Agriculture Sector\",\"publisher\":{\"@id\":\"https:\\\/\\\/agri-smart.eu\\\/sk\\\/#organization\"},\"potentialAction\":[{\"@type\":\"SearchAction\",\"target\":{\"@type\":\"EntryPoint\",\"urlTemplate\":\"https:\\\/\\\/agri-smart.eu\\\/sk\\\/?s={search_term_string}\"},\"query-input\":{\"@type\":\"PropertyValueSpecification\",\"valueRequired\":true,\"valueName\":\"search_term_string\"}}],\"inLanguage\":\"sk-SK\"},{\"@type\":\"Organization\",\"@id\":\"https:\\\/\\\/agri-smart.eu\\\/sk\\\/#organization\",\"name\":\"Agrismart project\",\"url\":\"https:\\\/\\\/agri-smart.eu\\\/sk\\\/\",\"logo\":{\"@type\":\"ImageObject\",\"inLanguage\":\"sk-SK\",\"@id\":\"https:\\\/\\\/agri-smart.eu\\\/sk\\\/#\\\/schema\\\/logo\\\/image\\\/\",\"url\":\"https:\\\/\\\/agri-smart.eu\\\/wp-content\\\/uploads\\\/2022\\\/12\\\/AgriSmart_logo_Final-1.png\",\"contentUrl\":\"https:\\\/\\\/agri-smart.eu\\\/wp-content\\\/uploads\\\/2022\\\/12\\\/AgriSmart_logo_Final-1.png\",\"width\":443,\"height\":438,\"caption\":\"Agrismart project\"},\"image\":{\"@id\":\"https:\\\/\\\/agri-smart.eu\\\/sk\\\/#\\\/schema\\\/logo\\\/image\\\/\"},\"sameAs\":[\"https:\\\/\\\/www.facebook.com\\\/AgriSmartErasmus\",\"https:\\\/\\\/x.com\\\/AgrismartEu\"]}]}<\/script>\n<!-- \/ Yoast SEO plugin. -->","yoast_head_json":{"title":"V\u00ddSTUPY - Agrismart project","robots":{"index":"index","follow":"follow","max-snippet":"max-snippet:-1","max-image-preview":"max-image-preview:large","max-video-preview":"max-video-preview:-1"},"canonical":"https:\/\/agri-smart.eu\/sk\/vystupy\/","og_locale":"sk_SK","og_type":"article","og_title":"V\u00ddSTUPY - Agrismart project","og_description":"1. V\u00fdsledky vzdel\u00e1vania zalo\u017een\u00e9 na d\u00f4kazoch a vzdel\u00e1vacie moduly pre rozvoj klimatick\u00fdch a digit\u00e1lnych zru\u010dnost\u00ed pre po\u013enohospod\u00e1rsky sektor Tento v\u00fdstup bude definova\u0165 v\u00fdsledky vzdel\u00e1vania pre aktu\u00e1lny po\u013enohospod\u00e1rsky vzdel\u00e1vac\u00ed program o environment\u00e1lne udr\u017eate\u013en\u00fdch pracovn\u00fdch postupoch a modern\u00fdch digit\u00e1lnych aplik\u00e1ci\u00e1ch, ktor\u00fd bude na mieru prisp\u00f4soben\u00fd sektorov\u00fdm potreb\u00e1m. Poskytne vyhl\u00e1senie o tom, \u010do by \u0161tudenti mali vedie\u0165, ch\u00e1pa\u0165 &hellip; Read more \"V\u00ddSTUPY\"","og_url":"https:\/\/agri-smart.eu\/sk\/vystupy\/","og_site_name":"Agrismart project","article_publisher":"https:\/\/www.facebook.com\/AgriSmartErasmus","article_modified_time":"2026-02-18T10:13:53+00:00","og_image":[{"url":"https:\/\/agri-smart.eu\/wp-content\/uploads\/2021\/06\/LogosBeneficairesErasmusRIGHT_EN.jpg","width":1,"height":1,"type":"image\/jpeg"}],"twitter_card":"summary_large_image","twitter_site":"@AgrismartEu","twitter_misc":{"Predpokladan\u00fd \u010das \u010d\u00edtania":"3 min\u00faty"},"schema":{"@context":"https:\/\/schema.org","@graph":[{"@type":"WebPage","@id":"https:\/\/agri-smart.eu\/sk\/vystupy\/","url":"https:\/\/agri-smart.eu\/sk\/vystupy\/","name":"V\u00ddSTUPY - Agrismart project","isPartOf":{"@id":"https:\/\/agri-smart.eu\/sk\/#website"},"primaryImageOfPage":{"@id":"https:\/\/agri-smart.eu\/sk\/vystupy\/#primaryimage"},"image":{"@id":"https:\/\/agri-smart.eu\/sk\/vystupy\/#primaryimage"},"thumbnailUrl":"https:\/\/agri-smart.eu\/wp-content\/uploads\/2022\/12\/pexels-photo-247819-3-1-1024x595.jpeg","datePublished":"2022-12-12T12:35:18+00:00","dateModified":"2026-02-18T10:13:53+00:00","breadcrumb":{"@id":"https:\/\/agri-smart.eu\/sk\/vystupy\/#breadcrumb"},"inLanguage":"sk-SK","potentialAction":[{"@type":"ReadAction","target":["https:\/\/agri-smart.eu\/sk\/vystupy\/"]}]},{"@type":"ImageObject","inLanguage":"sk-SK","@id":"https:\/\/agri-smart.eu\/sk\/vystupy\/#primaryimage","url":"https:\/\/agri-smart.eu\/wp-content\/uploads\/2022\/12\/pexels-photo-247819-3-1-1024x595.jpeg","contentUrl":"https:\/\/agri-smart.eu\/wp-content\/uploads\/2022\/12\/pexels-photo-247819-3-1-1024x595.jpeg"},{"@type":"BreadcrumbList","@id":"https:\/\/agri-smart.eu\/sk\/vystupy\/#breadcrumb","itemListElement":[{"@type":"ListItem","position":1,"name":"Home","item":"https:\/\/agri-smart.eu\/sk\/projekt\/"},{"@type":"ListItem","position":2,"name":"V\u00ddSTUPY"}]},{"@type":"WebSite","@id":"https:\/\/agri-smart.eu\/sk\/#website","url":"https:\/\/agri-smart.eu\/sk\/","name":"Agrismart project","description":"Sustainability and Digital Skills for the Agriculture Sector","publisher":{"@id":"https:\/\/agri-smart.eu\/sk\/#organization"},"potentialAction":[{"@type":"SearchAction","target":{"@type":"EntryPoint","urlTemplate":"https:\/\/agri-smart.eu\/sk\/?s={search_term_string}"},"query-input":{"@type":"PropertyValueSpecification","valueRequired":true,"valueName":"search_term_string"}}],"inLanguage":"sk-SK"},{"@type":"Organization","@id":"https:\/\/agri-smart.eu\/sk\/#organization","name":"Agrismart project","url":"https:\/\/agri-smart.eu\/sk\/","logo":{"@type":"ImageObject","inLanguage":"sk-SK","@id":"https:\/\/agri-smart.eu\/sk\/#\/schema\/logo\/image\/","url":"https:\/\/agri-smart.eu\/wp-content\/uploads\/2022\/12\/AgriSmart_logo_Final-1.png","contentUrl":"https:\/\/agri-smart.eu\/wp-content\/uploads\/2022\/12\/AgriSmart_logo_Final-1.png","width":443,"height":438,"caption":"Agrismart project"},"image":{"@id":"https:\/\/agri-smart.eu\/sk\/#\/schema\/logo\/image\/"},"sameAs":["https:\/\/www.facebook.com\/AgriSmartErasmus","https:\/\/x.com\/AgrismartEu"]}]}},"featured_media_urls":[],"_links":{"self":[{"href":"https:\/\/agri-smart.eu\/sk\/wp-json\/wp\/v2\/pages\/14247","targetHints":{"allow":["GET"]}}],"collection":[{"href":"https:\/\/agri-smart.eu\/sk\/wp-json\/wp\/v2\/pages"}],"about":[{"href":"https:\/\/agri-smart.eu\/sk\/wp-json\/wp\/v2\/types\/page"}],"author":[{"embeddable":true,"href":"https:\/\/agri-smart.eu\/sk\/wp-json\/wp\/v2\/users\/4"}],"replies":[{"embeddable":true,"href":"https:\/\/agri-smart.eu\/sk\/wp-json\/wp\/v2\/comments?post=14247"}],"version-history":[{"count":9,"href":"https:\/\/agri-smart.eu\/sk\/wp-json\/wp\/v2\/pages\/14247\/revisions"}],"predecessor-version":[{"id":17450,"href":"https:\/\/agri-smart.eu\/sk\/wp-json\/wp\/v2\/pages\/14247\/revisions\/17450"}],"wp:attachment":[{"href":"https:\/\/agri-smart.eu\/sk\/wp-json\/wp\/v2\/media?parent=14247"}],"curies":[{"name":"wp","href":"https:\/\/api.w.org\/{rel}","templated":true}]}}