{"id":14244,"date":"2022-12-09T08:59:28","date_gmt":"2022-12-09T08:59:28","guid":{"rendered":"https:\/\/agri-smart.eu\/projekt\/"},"modified":"2023-01-19T12:46:38","modified_gmt":"2023-01-19T12:46:38","slug":"projekt","status":"publish","type":"page","link":"https:\/\/agri-smart.eu\/sk\/","title":{"rendered":"PROJEKT"},"content":{"rendered":"\n<p>Projekt E+ AGRISMART je v\u00fdsledkom strategick\u00e9ho partnerstva 6 eur\u00f3pskych kraj\u00edn, ktor\u00e9ho cie\u013eom je prisp\u00f4sobi\u0165 poskytovanie OVP a WBL (vzdel\u00e1vanie pr\u00e1cou) existuj\u00facim a vznikaj\u00facim pracovn\u00fdm potreb\u00e1m a posilni\u0165 klimaticky inteligentn\u00e9 a digit\u00e1lne zru\u010dnosti po\u013enohospod\u00e1rov.<\/p>\n\n<h2 class=\"has-text-align-center has-text-color wp-block-heading\" style=\"color:#345421\">O projekte<\/h2>\n\n<p>E\u00da uprednostnila podporu trvalo udr\u017eate\u013en\u00e9ho po\u013enohospod\u00e1rstva, ktor\u00e9 sa ozna\u010duje aj ako \u201eklimaticky inteligentn\u00e9\u201c po\u013enohospod\u00e1rstvo, a podp\u00edsala pr\u00edslu\u0161n\u00e9 medzin\u00e1rodn\u00e9 z\u00e1v\u00e4zky. Digit\u00e1lne technol\u00f3gie s\u00fa k\u013e\u00fa\u010dov\u00e9 pre rozvoj inteligentnej\u0161ieho, konkurencieschopnej\u0161ieho po\u013enohospod\u00e1rskeho sektora, ktor\u00fd efekt\u00edvne vyu\u017e\u00edva zdroje. Digit\u00e1lna priepas\u0165 medzi mestsk\u00fdmi a vidieckymi oblas\u0165ami v Eur\u00f3pe, ktor\u00e1 je prek\u00e1\u017ekou dosiahnutia tohto cie\u013ea, st\u00e1le pretrv\u00e1va, a to aj napriek snah\u00e1m a r\u00f4znym aktivit\u00e1m E\u00da na zlep\u0161enie digit\u00e1lnych zru\u010dnost\u00ed vo vidieckych oblastiach. Takisto je potrebn\u00e9 poznamena\u0165, \u017ee pokia\u013e ide o po\u010diato\u010dn\u00e9 a \u010fal\u0161ie vzdel\u00e1vanie a odborn\u00fa pr\u00edpravu, ve\u013ek\u00e1 v\u00e4\u010d\u0161ina mana\u017e\u00e9rov po\u013enohospod\u00e1rskych podnikov v E\u00da sa spolieha v\u00fdlu\u010dne na praktick\u00e9 sk\u00fasenosti; Work-Based Learning (WBL- vzdel\u00e1vanie pr\u00e1cou) je preto \u017eivotne d\u00f4le\u017eit\u00fd faktor na dosiahnutie rozvoja klimaticky inteligentn\u00fdch a digit\u00e1lnych zru\u010dnost\u00ed v tomto sektore a programy odborn\u00e9ho vzdel\u00e1vania a pr\u00edpravy a sch\u00e9my WBL zase potrebuj\u00fa aktualizova\u0165 svoje ponuky, aby sa lep\u0161ie zameriavali na rozvoj zru\u010dnost\u00ed \u0161tudentov a reflektovali potreby odbornej pr\u00edpravy v oblasti inteligentn\u00fdch a digit\u00e1lnych zru\u010dnost\u00ed. V\u00fdstupy projektu AGRISMART bud\u00fa n\u00e1strojmi, ako reagova\u0165 na tieto v\u00fdzvy.     <\/p>\n\n<figure class=\"wp-block-image size-large\"><img decoding=\"async\" src=\"https:\/\/agri-smart.eu\/wp-content\/uploads\/2022\/12\/5a3884ba3bbd136093e94aee3753cac14123af5eada4509fc84e67e6a84a7c864a4978d1f3f9d567575d88c09a0890848fcf588d1d169e6c1feb84_1280-1-1024x682.jpg\" alt=\"\" class=\"wp-image-31\"\/><\/figure>\n<div class=\"wp-block-columns is-layout-flex wp-container-core-columns-is-layout-28f84493 wp-block-columns-is-layout-flex\">\n<div class=\"wp-block-column is-layout-flow wp-block-column-is-layout-flow\">\n<h2 class=\"has-text-color wp-block-heading\" style=\"color:#a8bc65\">V\u00fdzvy<\/h2>\n\n\n\n<p>Snaha o rozvoj digit\u00e1lnych zru\u010dnost\u00ed pracovn\u00edkov a zv\u00fd\u0161enie udr\u017eate\u013enosti odvetvia mus\u00ed zoh\u013ead\u0148ova\u0165 skuto\u010dnos\u0165, \u017ee sektor po\u013enohospod\u00e1rstvo vy\u017eaduje siln\u00fa zlo\u017eku praktick\u00fdch sk\u00fasenost\u00ed; V s\u00falade s t\u00fdm je na dosiahnutie tohto cie\u013ea \u017eivotne d\u00f4le\u017eit\u00e9 vzdel\u00e1vanie zalo\u017een\u00e9 na pr\u00e1ci (WBL- Work Based Learning). Existuj\u00face ponuky odbornej pr\u00edpravy na postsekund\u00e1rnej \u00farovni a na \u00farovni odborn\u00e9ho vzdel\u00e1vania a pr\u00edpravy v\u0161ak neklad\u00fa na tieto dimenzie \u017eiaden, alebo len mal\u00fd d\u00f4raz, \u010do dokazuj\u00fa s\u00fa\u010dasn\u00e9 u\u010debn\u00e9 osnovy, ktor\u00e9 pon\u00fakaj\u00fa poskytovatelia odborn\u00e9ho vzdel\u00e1vania a pr\u00edpravy vo v\u00e4\u010d\u0161ine kraj\u00edn E\u00da. Existuje teda rast\u00faca potreba lep\u0161ieho zos\u00faladenia WBL s existuj\u00facimi a vznikaj\u00facimi po\u017eiadavkami a realitou na pracovisku, najm\u00e4 pokia\u013e ide o environment\u00e1lne udr\u017eate\u013en\u00e9 a digit\u00e1lne postupy a ich aplik\u00e1cia. Sch\u00e9my WBL musia aktualizova\u0165 svoje vzdel\u00e1vacie ponuky a portf\u00f3lio zru\u010dnost\u00ed, aby lep\u0161ie rie\u0161ili potreby u\u010diacich sa v oblasti klimaticky inteligentn\u00fdch a digit\u00e1lnych zru\u010dnost\u00ed v oblasti odbornej pr\u00edpravy a rozv\u00edjali mo\u017enosti odbornej pr\u00edpravy na zvy\u0161ovanie kvalifik\u00e1cie existuj\u00facich pracovn\u00edkov na z\u00e1klade t\u00fdchto kompetenci\u00ed.   <\/p>\n<\/div>\n\n\n\n<div class=\"wp-block-column is-layout-flow wp-block-column-is-layout-flow\">\n<h2 class=\"has-text-align-center has-text-color wp-block-heading\" style=\"color:#a8bc65\">Ciele<\/h2>\n\n\n\n<p class=\"has-text-align-center\">Cie\u013eom projektu je prisp\u00f4sobi\u0165 poskytovanie OVP a WBL (vzdel\u00e1vanie pr\u00e1cou) existuj\u00facim a vznikaj\u00facim pracovn\u00fdm potreb\u00e1m. Projekt AGRISMART m\u00e1 tie\u017e za cie\u013e posilni\u0165 klimaticky inteligentn\u00e9 a digit\u00e1lne zru\u010dnosti po\u013enohospod\u00e1rov. O\u010dak\u00e1va sa tie\u017e, \u017ee AGRISMART pon\u00fakne pr\u00edle\u017eitos\u0165 tret\u00edm stran\u00e1m na medzin\u00e1rodnej \u00farovni identifikova\u0165 aspekty projektu, ktor\u00e9 by priniesli v\u00fdznamn\u00e9 benefity, ak by sa preniesli do vlastn\u00e9ho r\u00e1mca aktiv\u00edt.  <\/p>\n<\/div>\n\n\n\n<div class=\"wp-block-column is-layout-flow wp-block-column-is-layout-flow\">\n<h2 class=\"has-text-align-right has-text-color wp-block-heading\" style=\"color:#a8bc65\">Partneri<\/h2>\n\n\n\n<p class=\"has-text-align-right\">Partnerstvo je tvoren\u00e9 6 organiz\u00e1ciami zo 6 kraj\u00edn E\u00da (IT, GR, BEL, PL, SK, GER), z oblasti v\u00fdskumu a po\u013enohospod\u00e1rskeho vzdel\u00e1vania. Koordin\u00e1tor projektu, UNIMI, je s\u00eddlom jednej z najsilnej\u0161\u00edch fak\u00falt po\u013enohospod\u00e1rskych a potravin\u00e1rskych vied. DEULA-Nienburg, ARID a AGROINSTITUT s\u00fa popredn\u00ed poskytovatelia OVP v po\u013enohospod\u00e1rstve s v\u00fdznamn\u00fdmi sk\u00fasenos\u0165ami s v\u00fdvojom \u0161koliacich programov a aktiv\u00edt WBL. EXELIA a INNOVELA s\u00fa odborn\u00edkmi v oblasti v\u00fdskumu a v\u00fdvoja a poskytovania inovat\u00edvnych metodol\u00f3gi\u00ed vzdel\u00e1vania.    <\/p>\n<\/div>\n<\/div>\n\n<figure class=\"wp-block-image size-large\"><img decoding=\"async\" src=\"https:\/\/agri-smart.eu\/wp-content\/uploads\/2022\/12\/54270789-0-1-1024x683.jpeg\" alt=\"\" class=\"wp-image-32\"\/><\/figure>\n<div class=\"wp-block-columns is-layout-flex wp-container-core-columns-is-layout-28f84493 wp-block-columns-is-layout-flex\">\n<div class=\"wp-block-column is-layout-flow wp-block-column-is-layout-flow\">\n<h2 class=\"has-text-align-center has-text-color wp-block-heading\" style=\"color:#466c44\">Ciele<\/h2>\n\n\n\n<p>Projekt AGRISMART sa zameriava na prisp\u00f4sobenie poskytovania OVP a WBL k existuj\u00facim a vznikaj\u00facim pracovn\u00fdm po\u017eiadavk\u00e1m a posilnenie klimaticky inteligentn\u00fdch a digit\u00e1lnych zru\u010dnost\u00ed pracovn\u00edkov v po\u013enohospod\u00e1rstve. Projekt m\u00e1 nasledovn\u00e9 \u0161pecifick\u00e9 ciele:<\/p>\n\n\n\n<ul class=\"wp-block-list\">\n<li>Navrhn\u00fa\u0165 \u0161tudijn\u00fd program kurzov, zameran\u00fd na klimaticky inteligentn\u00e9 a digit\u00e1lne postupy v oblasti po\u013enohospod\u00e1rstva, s oh\u013eadom na s\u00fa\u010dasn\u00e9 a vznikaj\u00face pracovn\u00e9 potreby<\/li>\n\n\n\n<li>Zavies\u0165 r\u00f4zne met\u00f3dy poskytovania vzdel\u00e1vania a inovat\u00edvne pedagogick\u00e9 zdroje s otvoren\u00fdm pr\u00edstupom, \u0161it\u00e9 na mieru odvetvov\u00fdm charakteristik\u00e1m, s cie\u013eom posilnenia poskytovania OVP a WBL.<\/li>\n\n\n\n<li>Zv\u00fd\u0161i\u0165 kapacity a roz\u0161\u00edri\u0165 spolupr\u00e1cu medzi verejn\u00fdmi a sektorov\u00fdmi zainteresovan\u00fdmi stranami, podpori\u0165 integr\u00e1ciu rozvoja klimaticky inteligentn\u00fdch a digit\u00e1lnych zru\u010dnost\u00ed do pon\u00fak odbornej pr\u00edpravy a region\u00e1lnych polit\u00edk.<\/li>\n<\/ul>\n<\/div>\n\n\n\n<div class=\"wp-block-column is-layout-flow wp-block-column-is-layout-flow\">\n<h2 class=\"has-text-align-center has-text-color wp-block-heading\" style=\"color:#466c44\">V\u00fdsledky<\/h2>\n\n\n\n<ul class=\"wp-block-list\">\n<li>S\u00fabor vzdel\u00e1vac\u00edch v\u00fdstupov (zoskupen\u00fdch do vzdel\u00e1vac\u00edch jednotiek), zameran\u00fdch na rozvoj klimaticky inteligentn\u00fdch a digit\u00e1lnych po\u013enohospod\u00e1rskych zru\u010dnost\u00ed.<\/li>\n\n\n\n<li>Modul\u00e1rny kurz pre poskytovanie OVP a OER (Otvoren\u00fdch vzdel\u00e1vac\u00edch zdrojov).<\/li>\n\n\n\n<li>E-Learningov\u00fa platformu, zah\u0155\u0148aj\u00facu kurz AgriSmart v online forme.<\/li>\n\n\n\n<li>S\u00fabor n\u00e1strojov pre mentorov na integr\u00e1ciu v\u00fdsledkov AgriSmart v po\u013enohospod\u00e1rskom WBL vzdel\u00e1van\u00ed.<\/li>\n\n\n\n<li>Pozi\u010dn\u00fd dokument pre integr\u00e1ciu v\u00fdsledkov projektu do ponuky OVP a region\u00e1lnych polit\u00edk.<\/li>\n\n\n\n<li>S\u00fabor zdrojov na podporu a implement\u00e1ciu \u0161kolen\u00ed o klimaticky inteligentn\u00fdch a digit\u00e1lnych zru\u010dnostiach v po\u013enohospod\u00e1rskych komunit\u00e1ch.<\/li>\n\n\n\n<li>Vyhl\u00e1senie o podpore uzn\u00e1vania vypracovan\u00fdch v\u00fdsledkov vzdel\u00e1vania.<\/li>\n\n\n\n<li>6 n\u00e1rodn\u00fdch informa\u010dn\u00fdch dn\u00ed (jeden v ka\u017edej partnerskej krajine) na propag\u00e1ciu v\u00fdsledkov projektu a otvoren\u00fa diskusiu o potreb\u00e1ch rozvoja sektorov\u00fdch zru\u010dnost\u00ed a sp\u00f4soboch ich rie\u0161enia.<\/li>\n<\/ul>\n<\/div>\n<\/div>\n\n<div class=\"wp-block-columns is-layout-flex wp-container-core-columns-is-layout-28f84493 wp-block-columns-is-layout-flex\">\n<div class=\"wp-block-column is-layout-flow wp-block-column-is-layout-flow\">\n<figure class=\"wp-block-image size-large\"><img decoding=\"async\" src=\"https:\/\/agri-smart.eu\/wp-content\/uploads\/2022\/12\/Digital-agriculture-1-1024x576.jpg\" alt=\"\" class=\"wp-image-33\"\/><\/figure><\/div>\n\n\n\n<div class=\"wp-block-column is-layout-flow wp-block-column-is-layout-flow\">\n<h2 class=\"has-text-align-center has-text-color wp-block-heading\" style=\"color:#466c44\">Bro\u017e\u00fara AgriSmart<\/h2>\n\n\n\n<p>N\u00e1\u0161 projekt v skratke. Stiahnite si bro\u017e\u00faru vo va\u0161om jazyku tu:<\/p>\n\n\n\n<div class=\"wp-block-columns is-layout-flex wp-container-core-columns-is-layout-28f84493 wp-block-columns-is-layout-flex\">\n<div class=\"wp-block-column is-layout-flow wp-block-column-is-layout-flow\">\n<p><a href=\"https:\/\/agri-smart.eu\/wp-content\/uploads\/2022\/12\/AgriSmart_Brochure_EN-1-1.pdf\" target=\"_blank\" rel=\"noreferrer noopener\">English<\/a><\/p>\n\n\n\n<p><a href=\"https:\/\/agri-smart.eu\/wp-content\/uploads\/2022\/12\/AgriSmart_Brochure_GR-1-1.pdf\" target=\"_blank\" rel=\"noreferrer noopener\">\u0395\u03bb\u03bb\u03b7\u03bd\u03b9\u03ba\u03ac<\/a><\/p>\n\n\n\n<p><a href=\"https:\/\/agri-smart.eu\/wp-content\/uploads\/2022\/12\/AgriSmart_Brochure_FR-1-1.pdf\" target=\"_blank\" rel=\"noreferrer noopener\">Fran\u00e7ais<\/a><\/p>\n\n\n\n<p><a href=\"https:\/\/agri-smart.eu\/wp-content\/uploads\/2022\/12\/AgriSmart_Brochure_DE-1-1.pdf\" target=\"_blank\" rel=\"noreferrer noopener\">Deutsch<\/a><\/p>\n<\/div>\n\n\n\n<div class=\"wp-block-column is-layout-flow wp-block-column-is-layout-flow\">\n<p><a href=\"https:\/\/agri-smart.eu\/wp-content\/uploads\/2022\/12\/AgriSmart_Brochure_PL-1-1.pdf\" target=\"_blank\" rel=\"noreferrer noopener\">Polskie<\/a><\/p>\n\n\n\n<p><a href=\"https:\/\/agri-smart.eu\/wp-content\/uploads\/2022\/12\/AgriSmart_Brochure_SK-1-1.pdf\" target=\"_blank\" rel=\"noreferrer noopener\">Slov\u00e1k<\/a><\/p>\n\n\n\n<p><a href=\"https:\/\/agri-smart.eu\/wp-content\/uploads\/2022\/12\/AgriSmart_Brochure_IT-1-1.pdf\" target=\"_blank\" rel=\"noreferrer noopener\">Italiano<\/a><\/p>\n<\/div>\n<\/div>\n<\/div>\n<\/div>\n\n<div class=\"wp-block-columns is-layout-flex wp-container-core-columns-is-layout-28f84493 wp-block-columns-is-layout-flex\">\n<div class=\"wp-block-column is-layout-flow wp-block-column-is-layout-flow\">\n<h2 class=\"has-text-align-center has-text-color wp-block-heading\" style=\"color:#466c44\">AgriSmart Poster<br\/><\/h2>\n\n\n\n<p>N\u00e1\u0161 projekt v skratke. Stiahnite si poster vo svojom jazyku tu:<\/p>\n\n\n\n<div class=\"wp-block-columns is-layout-flex wp-container-core-columns-is-layout-28f84493 wp-block-columns-is-layout-flex\">\n<div class=\"wp-block-column is-layout-flow wp-block-column-is-layout-flow\">\n<p><a href=\"https:\/\/agri-smart.eu\/wp-content\/uploads\/2022\/12\/AgriSmart_poster_EN-1.pdf\" target=\"_blank\" rel=\"noreferrer noopener\">English<\/a><\/p>\n\n\n\n<p><a href=\"https:\/\/agri-smart.eu\/wp-content\/uploads\/2022\/12\/AgriSmart_poster_GR-1.pdf\" target=\"_blank\" rel=\"noreferrer noopener\">\u0395\u03bb\u03bb\u03b7\u03bd\u03b9\u03ba\u03ac<\/a><\/p>\n\n\n\n<p><a href=\"https:\/\/agri-smart.eu\/wp-content\/uploads\/2022\/12\/AgriSmart_poster_FR-1.pdf\" target=\"_blank\" rel=\"noreferrer noopener\">Fran\u00e7ais<\/a><\/p>\n\n\n\n<p><a href=\"https:\/\/agri-smart.eu\/wp-content\/uploads\/2022\/12\/AgriSmart_poster_DE-1.pdf\" target=\"_blank\" rel=\"noreferrer noopener\">Deutsch<\/a><\/p>\n<\/div>\n\n\n\n<div class=\"wp-block-column is-layout-flow wp-block-column-is-layout-flow\">\n<p><a href=\"https:\/\/agri-smart.eu\/wp-content\/uploads\/2022\/12\/AgriSmart_poster_PL-1.pdf\" target=\"_blank\" rel=\"noreferrer noopener\">Polskie<\/a><\/p>\n\n\n\n<p><a href=\"https:\/\/agri-smart.eu\/wp-content\/uploads\/2022\/12\/AgriSmart_poster_SK-1.pdf\" target=\"_blank\" rel=\"noreferrer noopener\">Slov\u00e1k<\/a><\/p>\n\n\n\n<p><a href=\"https:\/\/agri-smart.eu\/wp-content\/uploads\/2022\/12\/AgriSmart_poster_IT-1.pdf\" target=\"_blank\" rel=\"noreferrer noopener\">Italiano<\/a><\/p>\n<\/div>\n<\/div>\n<\/div>\n\n\n\n<div class=\"wp-block-column is-layout-flow wp-block-column-is-layout-flow\">\n<figure class=\"wp-block-image size-large\"><img decoding=\"async\" src=\"https:\/\/agri-smart.eu\/wp-content\/uploads\/2022\/12\/1_8GLFTX7FkOEtcHXLouu87g-1-1024x410.jpeg\" alt=\"\" class=\"wp-image-30\"\/><\/figure><\/div>\n<\/div>\n","protected":false},"excerpt":{"rendered":"<p>Projekt E+ AGRISMART je v\u00fdsledkom strategick\u00e9ho partnerstva 6 eur\u00f3pskych kraj\u00edn, ktor\u00e9ho cie\u013eom je prisp\u00f4sobi\u0165 poskytovanie OVP a WBL (vzdel\u00e1vanie pr\u00e1cou) existuj\u00facim a vznikaj\u00facim pracovn\u00fdm potreb\u00e1m a posilni\u0165 klimaticky inteligentn\u00e9 a digit\u00e1lne zru\u010dnosti po\u013enohospod\u00e1rov. O projekte E\u00da uprednostnila podporu trvalo udr\u017eate\u013en\u00e9ho po\u013enohospod\u00e1rstva, ktor\u00e9 sa ozna\u010duje aj ako \u201eklimaticky inteligentn\u00e9\u201c po\u013enohospod\u00e1rstvo, a podp\u00edsala pr\u00edslu\u0161n\u00e9 medzin\u00e1rodn\u00e9 z\u00e1v\u00e4zky. Digit\u00e1lne &hellip; <\/p>\n<p class=\"link-more\"><a href=\"https:\/\/agri-smart.eu\/sk\/\" class=\"more-link\">Read more<span class=\"screen-reader-text\"> &#8222;PROJEKT&#8220;<\/span><\/a><\/p>\n","protected":false},"author":4,"featured_media":0,"parent":0,"menu_order":0,"comment_status":"closed","ping_status":"closed","template":"","meta":{"inspiro_hide_title":false,"footnotes":""},"class_list":["post-14244","page","type-page","status-publish","hentry"],"yoast_head":"<!-- This site is optimized with the Yoast SEO plugin v27.5 - https:\/\/yoast.com\/product\/yoast-seo-wordpress\/ -->\n<title>PROJEKT - Agrismart project<\/title>\n<meta name=\"robots\" content=\"index, follow, max-snippet:-1, max-image-preview:large, max-video-preview:-1\" \/>\n<link rel=\"canonical\" href=\"https:\/\/agri-smart.eu\/sk\/\" \/>\n<meta property=\"og:locale\" content=\"sk_SK\" \/>\n<meta property=\"og:type\" content=\"article\" \/>\n<meta property=\"og:title\" content=\"PROJEKT - Agrismart project\" \/>\n<meta property=\"og:description\" content=\"Projekt E+ AGRISMART je v\u00fdsledkom strategick\u00e9ho partnerstva 6 eur\u00f3pskych kraj\u00edn, ktor\u00e9ho cie\u013eom je prisp\u00f4sobi\u0165 poskytovanie OVP a WBL (vzdel\u00e1vanie pr\u00e1cou) existuj\u00facim a vznikaj\u00facim pracovn\u00fdm potreb\u00e1m a posilni\u0165 klimaticky inteligentn\u00e9 a digit\u00e1lne zru\u010dnosti po\u013enohospod\u00e1rov. O projekte E\u00da uprednostnila podporu trvalo udr\u017eate\u013en\u00e9ho po\u013enohospod\u00e1rstva, ktor\u00e9 sa ozna\u010duje aj ako \u201eklimaticky inteligentn\u00e9\u201c po\u013enohospod\u00e1rstvo, a podp\u00edsala pr\u00edslu\u0161n\u00e9 medzin\u00e1rodn\u00e9 z\u00e1v\u00e4zky. Digit\u00e1lne &hellip; Read more &quot;PROJEKT&quot;\" \/>\n<meta property=\"og:url\" content=\"https:\/\/agri-smart.eu\/sk\/\" \/>\n<meta property=\"og:site_name\" content=\"Agrismart project\" \/>\n<meta property=\"article:publisher\" content=\"https:\/\/www.facebook.com\/AgriSmartErasmus\" \/>\n<meta property=\"article:modified_time\" content=\"2023-01-19T12:46:38+00:00\" \/>\n<meta property=\"og:image\" content=\"https:\/\/agri-smart.eu\/wp-content\/uploads\/2022\/12\/5a3884ba3bbd136093e94aee3753cac14123af5eada4509fc84e67e6a84a7c864a4978d1f3f9d567575d88c09a0890848fcf588d1d169e6c1feb84_1280-1-1024x682.jpg\" \/>\n<meta name=\"twitter:card\" content=\"summary_large_image\" \/>\n<meta name=\"twitter:site\" content=\"@AgrismartEu\" \/>\n<meta name=\"twitter:label1\" content=\"Predpokladan\u00fd \u010das \u010d\u00edtania\" \/>\n\t<meta name=\"twitter:data1\" content=\"5 min\u00fat\" \/>\n<script type=\"application\/ld+json\" class=\"yoast-schema-graph\">{\"@context\":\"https:\\\/\\\/schema.org\",\"@graph\":[{\"@type\":\"WebPage\",\"@id\":\"https:\\\/\\\/agri-smart.eu\\\/sk\\\/\",\"url\":\"https:\\\/\\\/agri-smart.eu\\\/sk\\\/\",\"name\":\"PROJEKT - Agrismart project\",\"isPartOf\":{\"@id\":\"https:\\\/\\\/agri-smart.eu\\\/sk\\\/#website\"},\"primaryImageOfPage\":{\"@id\":\"https:\\\/\\\/agri-smart.eu\\\/sk\\\/#primaryimage\"},\"image\":{\"@id\":\"https:\\\/\\\/agri-smart.eu\\\/sk\\\/#primaryimage\"},\"thumbnailUrl\":\"https:\\\/\\\/agri-smart.eu\\\/wp-content\\\/uploads\\\/2022\\\/12\\\/5a3884ba3bbd136093e94aee3753cac14123af5eada4509fc84e67e6a84a7c864a4978d1f3f9d567575d88c09a0890848fcf588d1d169e6c1feb84_1280-1-1024x682.jpg\",\"datePublished\":\"2022-12-09T08:59:28+00:00\",\"dateModified\":\"2023-01-19T12:46:38+00:00\",\"breadcrumb\":{\"@id\":\"https:\\\/\\\/agri-smart.eu\\\/sk\\\/#breadcrumb\"},\"inLanguage\":\"sk-SK\",\"potentialAction\":[{\"@type\":\"ReadAction\",\"target\":[\"https:\\\/\\\/agri-smart.eu\\\/sk\\\/\"]}]},{\"@type\":\"ImageObject\",\"inLanguage\":\"sk-SK\",\"@id\":\"https:\\\/\\\/agri-smart.eu\\\/sk\\\/#primaryimage\",\"url\":\"https:\\\/\\\/agri-smart.eu\\\/wp-content\\\/uploads\\\/2022\\\/12\\\/5a3884ba3bbd136093e94aee3753cac14123af5eada4509fc84e67e6a84a7c864a4978d1f3f9d567575d88c09a0890848fcf588d1d169e6c1feb84_1280-1-1024x682.jpg\",\"contentUrl\":\"https:\\\/\\\/agri-smart.eu\\\/wp-content\\\/uploads\\\/2022\\\/12\\\/5a3884ba3bbd136093e94aee3753cac14123af5eada4509fc84e67e6a84a7c864a4978d1f3f9d567575d88c09a0890848fcf588d1d169e6c1feb84_1280-1-1024x682.jpg\"},{\"@type\":\"BreadcrumbList\",\"@id\":\"https:\\\/\\\/agri-smart.eu\\\/sk\\\/#breadcrumb\",\"itemListElement\":[{\"@type\":\"ListItem\",\"position\":1,\"name\":\"Home\",\"item\":\"https:\\\/\\\/agri-smart.eu\\\/sk\\\/projekt\\\/\"},{\"@type\":\"ListItem\",\"position\":2,\"name\":\"PROJEKT\"}]},{\"@type\":\"WebSite\",\"@id\":\"https:\\\/\\\/agri-smart.eu\\\/sk\\\/#website\",\"url\":\"https:\\\/\\\/agri-smart.eu\\\/sk\\\/\",\"name\":\"Agrismart project\",\"description\":\"Sustainability and Digital Skills for the Agriculture Sector\",\"publisher\":{\"@id\":\"https:\\\/\\\/agri-smart.eu\\\/sk\\\/#organization\"},\"potentialAction\":[{\"@type\":\"SearchAction\",\"target\":{\"@type\":\"EntryPoint\",\"urlTemplate\":\"https:\\\/\\\/agri-smart.eu\\\/sk\\\/?s={search_term_string}\"},\"query-input\":{\"@type\":\"PropertyValueSpecification\",\"valueRequired\":true,\"valueName\":\"search_term_string\"}}],\"inLanguage\":\"sk-SK\"},{\"@type\":\"Organization\",\"@id\":\"https:\\\/\\\/agri-smart.eu\\\/sk\\\/#organization\",\"name\":\"Agrismart project\",\"url\":\"https:\\\/\\\/agri-smart.eu\\\/sk\\\/\",\"logo\":{\"@type\":\"ImageObject\",\"inLanguage\":\"sk-SK\",\"@id\":\"https:\\\/\\\/agri-smart.eu\\\/sk\\\/#\\\/schema\\\/logo\\\/image\\\/\",\"url\":\"https:\\\/\\\/agri-smart.eu\\\/wp-content\\\/uploads\\\/2022\\\/12\\\/AgriSmart_logo_Final-1.png\",\"contentUrl\":\"https:\\\/\\\/agri-smart.eu\\\/wp-content\\\/uploads\\\/2022\\\/12\\\/AgriSmart_logo_Final-1.png\",\"width\":443,\"height\":438,\"caption\":\"Agrismart project\"},\"image\":{\"@id\":\"https:\\\/\\\/agri-smart.eu\\\/sk\\\/#\\\/schema\\\/logo\\\/image\\\/\"},\"sameAs\":[\"https:\\\/\\\/www.facebook.com\\\/AgriSmartErasmus\",\"https:\\\/\\\/x.com\\\/AgrismartEu\"]}]}<\/script>\n<!-- \/ Yoast SEO plugin. -->","yoast_head_json":{"title":"PROJEKT - Agrismart project","robots":{"index":"index","follow":"follow","max-snippet":"max-snippet:-1","max-image-preview":"max-image-preview:large","max-video-preview":"max-video-preview:-1"},"canonical":"https:\/\/agri-smart.eu\/sk\/","og_locale":"sk_SK","og_type":"article","og_title":"PROJEKT - Agrismart project","og_description":"Projekt E+ AGRISMART je v\u00fdsledkom strategick\u00e9ho partnerstva 6 eur\u00f3pskych kraj\u00edn, ktor\u00e9ho cie\u013eom je prisp\u00f4sobi\u0165 poskytovanie OVP a WBL (vzdel\u00e1vanie pr\u00e1cou) existuj\u00facim a vznikaj\u00facim pracovn\u00fdm potreb\u00e1m a posilni\u0165 klimaticky inteligentn\u00e9 a digit\u00e1lne zru\u010dnosti po\u013enohospod\u00e1rov. O projekte E\u00da uprednostnila podporu trvalo udr\u017eate\u013en\u00e9ho po\u013enohospod\u00e1rstva, ktor\u00e9 sa ozna\u010duje aj ako \u201eklimaticky inteligentn\u00e9\u201c po\u013enohospod\u00e1rstvo, a podp\u00edsala pr\u00edslu\u0161n\u00e9 medzin\u00e1rodn\u00e9 z\u00e1v\u00e4zky. Digit\u00e1lne &hellip; Read more \"PROJEKT\"","og_url":"https:\/\/agri-smart.eu\/sk\/","og_site_name":"Agrismart project","article_publisher":"https:\/\/www.facebook.com\/AgriSmartErasmus","article_modified_time":"2023-01-19T12:46:38+00:00","og_image":[{"url":"https:\/\/agri-smart.eu\/wp-content\/uploads\/2022\/12\/5a3884ba3bbd136093e94aee3753cac14123af5eada4509fc84e67e6a84a7c864a4978d1f3f9d567575d88c09a0890848fcf588d1d169e6c1feb84_1280-1-1024x682.jpg","type":"","width":"","height":""}],"twitter_card":"summary_large_image","twitter_site":"@AgrismartEu","twitter_misc":{"Predpokladan\u00fd \u010das \u010d\u00edtania":"5 min\u00fat"},"schema":{"@context":"https:\/\/schema.org","@graph":[{"@type":"WebPage","@id":"https:\/\/agri-smart.eu\/sk\/","url":"https:\/\/agri-smart.eu\/sk\/","name":"PROJEKT - Agrismart project","isPartOf":{"@id":"https:\/\/agri-smart.eu\/sk\/#website"},"primaryImageOfPage":{"@id":"https:\/\/agri-smart.eu\/sk\/#primaryimage"},"image":{"@id":"https:\/\/agri-smart.eu\/sk\/#primaryimage"},"thumbnailUrl":"https:\/\/agri-smart.eu\/wp-content\/uploads\/2022\/12\/5a3884ba3bbd136093e94aee3753cac14123af5eada4509fc84e67e6a84a7c864a4978d1f3f9d567575d88c09a0890848fcf588d1d169e6c1feb84_1280-1-1024x682.jpg","datePublished":"2022-12-09T08:59:28+00:00","dateModified":"2023-01-19T12:46:38+00:00","breadcrumb":{"@id":"https:\/\/agri-smart.eu\/sk\/#breadcrumb"},"inLanguage":"sk-SK","potentialAction":[{"@type":"ReadAction","target":["https:\/\/agri-smart.eu\/sk\/"]}]},{"@type":"ImageObject","inLanguage":"sk-SK","@id":"https:\/\/agri-smart.eu\/sk\/#primaryimage","url":"https:\/\/agri-smart.eu\/wp-content\/uploads\/2022\/12\/5a3884ba3bbd136093e94aee3753cac14123af5eada4509fc84e67e6a84a7c864a4978d1f3f9d567575d88c09a0890848fcf588d1d169e6c1feb84_1280-1-1024x682.jpg","contentUrl":"https:\/\/agri-smart.eu\/wp-content\/uploads\/2022\/12\/5a3884ba3bbd136093e94aee3753cac14123af5eada4509fc84e67e6a84a7c864a4978d1f3f9d567575d88c09a0890848fcf588d1d169e6c1feb84_1280-1-1024x682.jpg"},{"@type":"BreadcrumbList","@id":"https:\/\/agri-smart.eu\/sk\/#breadcrumb","itemListElement":[{"@type":"ListItem","position":1,"name":"Home","item":"https:\/\/agri-smart.eu\/sk\/projekt\/"},{"@type":"ListItem","position":2,"name":"PROJEKT"}]},{"@type":"WebSite","@id":"https:\/\/agri-smart.eu\/sk\/#website","url":"https:\/\/agri-smart.eu\/sk\/","name":"Agrismart project","description":"Sustainability and Digital Skills for the Agriculture Sector","publisher":{"@id":"https:\/\/agri-smart.eu\/sk\/#organization"},"potentialAction":[{"@type":"SearchAction","target":{"@type":"EntryPoint","urlTemplate":"https:\/\/agri-smart.eu\/sk\/?s={search_term_string}"},"query-input":{"@type":"PropertyValueSpecification","valueRequired":true,"valueName":"search_term_string"}}],"inLanguage":"sk-SK"},{"@type":"Organization","@id":"https:\/\/agri-smart.eu\/sk\/#organization","name":"Agrismart project","url":"https:\/\/agri-smart.eu\/sk\/","logo":{"@type":"ImageObject","inLanguage":"sk-SK","@id":"https:\/\/agri-smart.eu\/sk\/#\/schema\/logo\/image\/","url":"https:\/\/agri-smart.eu\/wp-content\/uploads\/2022\/12\/AgriSmart_logo_Final-1.png","contentUrl":"https:\/\/agri-smart.eu\/wp-content\/uploads\/2022\/12\/AgriSmart_logo_Final-1.png","width":443,"height":438,"caption":"Agrismart project"},"image":{"@id":"https:\/\/agri-smart.eu\/sk\/#\/schema\/logo\/image\/"},"sameAs":["https:\/\/www.facebook.com\/AgriSmartErasmus","https:\/\/x.com\/AgrismartEu"]}]}},"featured_media_urls":[],"_links":{"self":[{"href":"https:\/\/agri-smart.eu\/sk\/wp-json\/wp\/v2\/pages\/14244","targetHints":{"allow":["GET"]}}],"collection":[{"href":"https:\/\/agri-smart.eu\/sk\/wp-json\/wp\/v2\/pages"}],"about":[{"href":"https:\/\/agri-smart.eu\/sk\/wp-json\/wp\/v2\/types\/page"}],"author":[{"embeddable":true,"href":"https:\/\/agri-smart.eu\/sk\/wp-json\/wp\/v2\/users\/4"}],"replies":[{"embeddable":true,"href":"https:\/\/agri-smart.eu\/sk\/wp-json\/wp\/v2\/comments?post=14244"}],"version-history":[{"count":1,"href":"https:\/\/agri-smart.eu\/sk\/wp-json\/wp\/v2\/pages\/14244\/revisions"}],"predecessor-version":[{"id":14245,"href":"https:\/\/agri-smart.eu\/sk\/wp-json\/wp\/v2\/pages\/14244\/revisions\/14245"}],"wp:attachment":[{"href":"https:\/\/agri-smart.eu\/sk\/wp-json\/wp\/v2\/media?parent=14244"}],"curies":[{"name":"wp","href":"https:\/\/api.w.org\/{rel}","templated":true}]}}