{"id":14242,"date":"2022-12-12T12:57:56","date_gmt":"2022-12-12T12:57:56","guid":{"rendered":"https:\/\/agri-smart.eu\/contact\/"},"modified":"2023-06-23T08:36:58","modified_gmt":"2023-06-23T08:36:58","slug":"contact","status":"publish","type":"page","link":"https:\/\/agri-smart.eu\/sk\/contact\/","title":{"rendered":"UDR\u017dATE\u013dNOS\u0164"},"content":{"rendered":"\n<figure class=\"wp-block-image size-large\"><img fetchpriority=\"high\" decoding=\"async\" width=\"1024\" height=\"683\" src=\"https:\/\/agri-smart.eu\/wp-content\/uploads\/2023\/03\/pexels-tim-mossholder-974314-1-1-1024x683.jpg\" alt=\"\" class=\"wp-image-15188\" srcset=\"https:\/\/agri-smart.eu\/wp-content\/uploads\/2023\/03\/pexels-tim-mossholder-974314-1-1-1024x683.jpg 1024w, https:\/\/agri-smart.eu\/wp-content\/uploads\/2023\/03\/pexels-tim-mossholder-974314-1-1-300x200.jpg 300w, https:\/\/agri-smart.eu\/wp-content\/uploads\/2023\/03\/pexels-tim-mossholder-974314-1-1-768x512.jpg 768w, https:\/\/agri-smart.eu\/wp-content\/uploads\/2023\/03\/pexels-tim-mossholder-974314-1-1-1536x1024.jpg 1536w, https:\/\/agri-smart.eu\/wp-content\/uploads\/2023\/03\/pexels-tim-mossholder-974314-1-1-600x400.jpg 600w, https:\/\/agri-smart.eu\/wp-content\/uploads\/2023\/03\/pexels-tim-mossholder-974314-1-1.jpg 1920w\" sizes=\"(max-width: 1024px) 100vw, 1024px\" \/><\/figure>\n\n\n\n<p>Tu si m\u00f4\u017eete pozrie\u0165 a stiahnu\u0165 ni\u017e\u0161ie uveden\u00e9 produkty.<\/p>\n\n\n\n<ul class=\"wp-block-list\">\n<li><a href=\"https:\/\/agri-smart.eu\/wp-content\/uploads\/2023\/06\/Agenda-template-AgriSmart-sk.pdf\" target=\"_blank\" rel=\"noreferrer noopener\">\u0160abl\u00f3na programu AgriSmart<\/a><\/li>\n\n\n\n<li><a href=\"https:\/\/agri-smart.eu\/wp-content\/uploads\/2023\/06\/Attendance-Register-AgriSmart_sk.xlsx\" target=\"_blank\" rel=\"noreferrer noopener\">Registr\u00e1cia doch\u00e1dzky AgriSmart<\/a><\/li>\n\n\n\n<li><a href=\"https:\/\/agri-smart.eu\/wp-content\/uploads\/2023\/06\/Course_certificate_Template-AgriSmart_sk.docx\" target=\"_blank\" rel=\"noreferrer noopener\">\u0160abl\u00f3na certifik\u00e1tu_Template AgriSmart<\/a><\/li>\n\n\n\n<li><a href=\"https:\/\/agri-smart.eu\/wp-content\/uploads\/2023\/06\/Course-Guidelines-AgriSmart-sk.pdf\" target=\"_blank\" rel=\"noreferrer noopener\">Pokyny pre kurzy AgriSmart<\/a><\/li>\n\n\n\n<li><a href=\"https:\/\/agri-smart.eu\/wp-content\/uploads\/2023\/06\/Course-Planning-Schedule-Template-AgriSmart_sk.xlsx\" target=\"_blank\" rel=\"noreferrer noopener\">Kurz &#8211; Pl\u00e1novanie &#8211; Harmonogram &#8211; Vzor AgriSmart<\/a><\/li>\n\n\n\n<li><a href=\"https:\/\/agri-smart.eu\/wp-content\/uploads\/2023\/06\/Course-Budget-Template-AgriSmart_sk.xlsx\" target=\"_blank\" rel=\"noreferrer noopener\">Kurz-rozpo\u010det-vzor AgriSmart<\/a><\/li>\n\n\n\n<li><a href=\"https:\/\/agri-smart.eu\/wp-content\/uploads\/2023\/06\/Course-Checklist-Template-AgriSmart_sk-2.xlsx\" target=\"_blank\" rel=\"noreferrer noopener\">Kurz-Checklist-Template AgriSmart<\/a><\/li>\n\n\n\n<li><a href=\"https:\/\/agri-smart.eu\/wp-content\/uploads\/2023\/06\/Final-survey-AgriSmart-sk.pdf\" target=\"_blank\" rel=\"noreferrer noopener\">Z\u00e1vere\u010dn\u00fd prieskum AgriSmart<\/a><\/li>\n\n\n\n<li><a href=\"https:\/\/agri-smart.eu\/wp-content\/uploads\/2023\/06\/Guidelines-how-to-reach-policy-makers-and-raise-public-awareness_FINAL-sk.pdf\" target=\"_blank\" rel=\"noreferrer noopener\">Usmernenia, ako oslovi\u0165 tvorcov polit\u00edk a zv\u00fd\u0161i\u0165 povedomie verejnosti<\/a><\/li>\n\n\n\n<li><a href=\"https:\/\/agri-smart.eu\/wp-content\/uploads\/2023\/06\/Invitation-to-learners-AgriSmart_sk.docx\" target=\"_blank\" rel=\"noreferrer noopener\">Pozv\u00e1nka pre \u0161tudentov AgriSmart<\/a><\/li>\n\n\n\n<li><a href=\"https:\/\/agri-smart.eu\/wp-content\/uploads\/2023\/06\/Registration-form-AgriSmart_sk.docx\" target=\"_blank\" rel=\"noreferrer noopener\">Registra\u010dn\u00fd formul\u00e1r AgriSmart<\/a><\/li>\n<\/ul>\n\n\n\n<div class=\"wp-block-columns is-layout-flex wp-container-core-columns-is-layout-28f84493 wp-block-columns-is-layout-flex\">\n<div class=\"wp-block-column is-layout-flow wp-block-column-is-layout-flow\"><\/div>\n<\/div>\n","protected":false},"excerpt":{"rendered":"<p>Tu si m\u00f4\u017eete pozrie\u0165 a stiahnu\u0165 ni\u017e\u0161ie uveden\u00e9 produkty.<\/p>\n","protected":false},"author":4,"featured_media":0,"parent":0,"menu_order":0,"comment_status":"closed","ping_status":"closed","template":"","meta":{"inspiro_hide_title":false,"footnotes":""},"class_list":["post-14242","page","type-page","status-publish","hentry"],"yoast_head":"<!-- This site is optimized with the Yoast SEO plugin v27.3 - https:\/\/yoast.com\/product\/yoast-seo-wordpress\/ -->\n<title>UDR\u017dATE\u013dNOS\u0164 - Agrismart project<\/title>\n<meta name=\"robots\" content=\"index, follow, max-snippet:-1, max-image-preview:large, max-video-preview:-1\" \/>\n<link rel=\"canonical\" href=\"https:\/\/agri-smart.eu\/sk\/contact\/\" \/>\n<meta property=\"og:locale\" content=\"sk_SK\" \/>\n<meta property=\"og:type\" content=\"article\" \/>\n<meta property=\"og:title\" content=\"UDR\u017dATE\u013dNOS\u0164 - Agrismart project\" \/>\n<meta property=\"og:description\" content=\"Tu si m\u00f4\u017eete pozrie\u0165 a stiahnu\u0165 ni\u017e\u0161ie uveden\u00e9 produkty.\" \/>\n<meta property=\"og:url\" content=\"https:\/\/agri-smart.eu\/sk\/contact\/\" \/>\n<meta property=\"og:site_name\" content=\"Agrismart project\" \/>\n<meta property=\"article:publisher\" content=\"https:\/\/www.facebook.com\/AgriSmartErasmus\" \/>\n<meta property=\"article:modified_time\" content=\"2023-06-23T08:36:58+00:00\" \/>\n<meta property=\"og:image\" content=\"https:\/\/agri-smart.eu\/wp-content\/uploads\/2023\/03\/pexels-tim-mossholder-974314-1-1-1024x683.jpg\" \/>\n<meta name=\"twitter:card\" content=\"summary_large_image\" \/>\n<meta name=\"twitter:site\" content=\"@AgrismartEu\" \/>\n<meta name=\"twitter:label1\" content=\"Predpokladan\u00fd \u010das \u010d\u00edtania\" \/>\n\t<meta name=\"twitter:data1\" content=\"1 min\u00fata\" \/>\n<script type=\"application\/ld+json\" class=\"yoast-schema-graph\">{\"@context\":\"https:\\\/\\\/schema.org\",\"@graph\":[{\"@type\":\"WebPage\",\"@id\":\"https:\\\/\\\/agri-smart.eu\\\/sk\\\/contact\\\/\",\"url\":\"https:\\\/\\\/agri-smart.eu\\\/sk\\\/contact\\\/\",\"name\":\"UDR\u017dATE\u013dNOS\u0164 - Agrismart project\",\"isPartOf\":{\"@id\":\"https:\\\/\\\/agri-smart.eu\\\/sk\\\/#website\"},\"primaryImageOfPage\":{\"@id\":\"https:\\\/\\\/agri-smart.eu\\\/sk\\\/contact\\\/#primaryimage\"},\"image\":{\"@id\":\"https:\\\/\\\/agri-smart.eu\\\/sk\\\/contact\\\/#primaryimage\"},\"thumbnailUrl\":\"https:\\\/\\\/agri-smart.eu\\\/wp-content\\\/uploads\\\/2023\\\/03\\\/pexels-tim-mossholder-974314-1-1-1024x683.jpg\",\"datePublished\":\"2022-12-12T12:57:56+00:00\",\"dateModified\":\"2023-06-23T08:36:58+00:00\",\"breadcrumb\":{\"@id\":\"https:\\\/\\\/agri-smart.eu\\\/sk\\\/contact\\\/#breadcrumb\"},\"inLanguage\":\"sk-SK\",\"potentialAction\":[{\"@type\":\"ReadAction\",\"target\":[\"https:\\\/\\\/agri-smart.eu\\\/sk\\\/contact\\\/\"]}]},{\"@type\":\"ImageObject\",\"inLanguage\":\"sk-SK\",\"@id\":\"https:\\\/\\\/agri-smart.eu\\\/sk\\\/contact\\\/#primaryimage\",\"url\":\"https:\\\/\\\/agri-smart.eu\\\/wp-content\\\/uploads\\\/2023\\\/03\\\/pexels-tim-mossholder-974314-1-1-1024x683.jpg\",\"contentUrl\":\"https:\\\/\\\/agri-smart.eu\\\/wp-content\\\/uploads\\\/2023\\\/03\\\/pexels-tim-mossholder-974314-1-1-1024x683.jpg\"},{\"@type\":\"BreadcrumbList\",\"@id\":\"https:\\\/\\\/agri-smart.eu\\\/sk\\\/contact\\\/#breadcrumb\",\"itemListElement\":[{\"@type\":\"ListItem\",\"position\":1,\"name\":\"Home\",\"item\":\"https:\\\/\\\/agri-smart.eu\\\/sk\\\/projekt\\\/\"},{\"@type\":\"ListItem\",\"position\":2,\"name\":\"UDR\u017dATE\u013dNOS\u0164\"}]},{\"@type\":\"WebSite\",\"@id\":\"https:\\\/\\\/agri-smart.eu\\\/sk\\\/#website\",\"url\":\"https:\\\/\\\/agri-smart.eu\\\/sk\\\/\",\"name\":\"Agrismart project\",\"description\":\"Sustainability and Digital Skills for the Agriculture Sector\",\"publisher\":{\"@id\":\"https:\\\/\\\/agri-smart.eu\\\/sk\\\/#organization\"},\"potentialAction\":[{\"@type\":\"SearchAction\",\"target\":{\"@type\":\"EntryPoint\",\"urlTemplate\":\"https:\\\/\\\/agri-smart.eu\\\/sk\\\/?s={search_term_string}\"},\"query-input\":{\"@type\":\"PropertyValueSpecification\",\"valueRequired\":true,\"valueName\":\"search_term_string\"}}],\"inLanguage\":\"sk-SK\"},{\"@type\":\"Organization\",\"@id\":\"https:\\\/\\\/agri-smart.eu\\\/sk\\\/#organization\",\"name\":\"Agrismart project\",\"url\":\"https:\\\/\\\/agri-smart.eu\\\/sk\\\/\",\"logo\":{\"@type\":\"ImageObject\",\"inLanguage\":\"sk-SK\",\"@id\":\"https:\\\/\\\/agri-smart.eu\\\/sk\\\/#\\\/schema\\\/logo\\\/image\\\/\",\"url\":\"https:\\\/\\\/agri-smart.eu\\\/wp-content\\\/uploads\\\/2022\\\/12\\\/AgriSmart_logo_Final-1.png\",\"contentUrl\":\"https:\\\/\\\/agri-smart.eu\\\/wp-content\\\/uploads\\\/2022\\\/12\\\/AgriSmart_logo_Final-1.png\",\"width\":443,\"height\":438,\"caption\":\"Agrismart project\"},\"image\":{\"@id\":\"https:\\\/\\\/agri-smart.eu\\\/sk\\\/#\\\/schema\\\/logo\\\/image\\\/\"},\"sameAs\":[\"https:\\\/\\\/www.facebook.com\\\/AgriSmartErasmus\",\"https:\\\/\\\/x.com\\\/AgrismartEu\"]}]}<\/script>\n<!-- \/ Yoast SEO plugin. -->","yoast_head_json":{"title":"UDR\u017dATE\u013dNOS\u0164 - Agrismart project","robots":{"index":"index","follow":"follow","max-snippet":"max-snippet:-1","max-image-preview":"max-image-preview:large","max-video-preview":"max-video-preview:-1"},"canonical":"https:\/\/agri-smart.eu\/sk\/contact\/","og_locale":"sk_SK","og_type":"article","og_title":"UDR\u017dATE\u013dNOS\u0164 - Agrismart project","og_description":"Tu si m\u00f4\u017eete pozrie\u0165 a stiahnu\u0165 ni\u017e\u0161ie uveden\u00e9 produkty.","og_url":"https:\/\/agri-smart.eu\/sk\/contact\/","og_site_name":"Agrismart project","article_publisher":"https:\/\/www.facebook.com\/AgriSmartErasmus","article_modified_time":"2023-06-23T08:36:58+00:00","og_image":[{"url":"https:\/\/agri-smart.eu\/wp-content\/uploads\/2023\/03\/pexels-tim-mossholder-974314-1-1-1024x683.jpg","type":"","width":"","height":""}],"twitter_card":"summary_large_image","twitter_site":"@AgrismartEu","twitter_misc":{"Predpokladan\u00fd \u010das \u010d\u00edtania":"1 min\u00fata"},"schema":{"@context":"https:\/\/schema.org","@graph":[{"@type":"WebPage","@id":"https:\/\/agri-smart.eu\/sk\/contact\/","url":"https:\/\/agri-smart.eu\/sk\/contact\/","name":"UDR\u017dATE\u013dNOS\u0164 - Agrismart project","isPartOf":{"@id":"https:\/\/agri-smart.eu\/sk\/#website"},"primaryImageOfPage":{"@id":"https:\/\/agri-smart.eu\/sk\/contact\/#primaryimage"},"image":{"@id":"https:\/\/agri-smart.eu\/sk\/contact\/#primaryimage"},"thumbnailUrl":"https:\/\/agri-smart.eu\/wp-content\/uploads\/2023\/03\/pexels-tim-mossholder-974314-1-1-1024x683.jpg","datePublished":"2022-12-12T12:57:56+00:00","dateModified":"2023-06-23T08:36:58+00:00","breadcrumb":{"@id":"https:\/\/agri-smart.eu\/sk\/contact\/#breadcrumb"},"inLanguage":"sk-SK","potentialAction":[{"@type":"ReadAction","target":["https:\/\/agri-smart.eu\/sk\/contact\/"]}]},{"@type":"ImageObject","inLanguage":"sk-SK","@id":"https:\/\/agri-smart.eu\/sk\/contact\/#primaryimage","url":"https:\/\/agri-smart.eu\/wp-content\/uploads\/2023\/03\/pexels-tim-mossholder-974314-1-1-1024x683.jpg","contentUrl":"https:\/\/agri-smart.eu\/wp-content\/uploads\/2023\/03\/pexels-tim-mossholder-974314-1-1-1024x683.jpg"},{"@type":"BreadcrumbList","@id":"https:\/\/agri-smart.eu\/sk\/contact\/#breadcrumb","itemListElement":[{"@type":"ListItem","position":1,"name":"Home","item":"https:\/\/agri-smart.eu\/sk\/projekt\/"},{"@type":"ListItem","position":2,"name":"UDR\u017dATE\u013dNOS\u0164"}]},{"@type":"WebSite","@id":"https:\/\/agri-smart.eu\/sk\/#website","url":"https:\/\/agri-smart.eu\/sk\/","name":"Agrismart project","description":"Sustainability and Digital Skills for the Agriculture Sector","publisher":{"@id":"https:\/\/agri-smart.eu\/sk\/#organization"},"potentialAction":[{"@type":"SearchAction","target":{"@type":"EntryPoint","urlTemplate":"https:\/\/agri-smart.eu\/sk\/?s={search_term_string}"},"query-input":{"@type":"PropertyValueSpecification","valueRequired":true,"valueName":"search_term_string"}}],"inLanguage":"sk-SK"},{"@type":"Organization","@id":"https:\/\/agri-smart.eu\/sk\/#organization","name":"Agrismart project","url":"https:\/\/agri-smart.eu\/sk\/","logo":{"@type":"ImageObject","inLanguage":"sk-SK","@id":"https:\/\/agri-smart.eu\/sk\/#\/schema\/logo\/image\/","url":"https:\/\/agri-smart.eu\/wp-content\/uploads\/2022\/12\/AgriSmart_logo_Final-1.png","contentUrl":"https:\/\/agri-smart.eu\/wp-content\/uploads\/2022\/12\/AgriSmart_logo_Final-1.png","width":443,"height":438,"caption":"Agrismart project"},"image":{"@id":"https:\/\/agri-smart.eu\/sk\/#\/schema\/logo\/image\/"},"sameAs":["https:\/\/www.facebook.com\/AgriSmartErasmus","https:\/\/x.com\/AgrismartEu"]}]}},"featured_media_urls":[],"_links":{"self":[{"href":"https:\/\/agri-smart.eu\/sk\/wp-json\/wp\/v2\/pages\/14242","targetHints":{"allow":["GET"]}}],"collection":[{"href":"https:\/\/agri-smart.eu\/sk\/wp-json\/wp\/v2\/pages"}],"about":[{"href":"https:\/\/agri-smart.eu\/sk\/wp-json\/wp\/v2\/types\/page"}],"author":[{"embeddable":true,"href":"https:\/\/agri-smart.eu\/sk\/wp-json\/wp\/v2\/users\/4"}],"replies":[{"embeddable":true,"href":"https:\/\/agri-smart.eu\/sk\/wp-json\/wp\/v2\/comments?post=14242"}],"version-history":[{"count":9,"href":"https:\/\/agri-smart.eu\/sk\/wp-json\/wp\/v2\/pages\/14242\/revisions"}],"predecessor-version":[{"id":17310,"href":"https:\/\/agri-smart.eu\/sk\/wp-json\/wp\/v2\/pages\/14242\/revisions\/17310"}],"wp:attachment":[{"href":"https:\/\/agri-smart.eu\/sk\/wp-json\/wp\/v2\/media?parent=14242"}],"curies":[{"name":"wp","href":"https:\/\/api.w.org\/{rel}","templated":true}]}}