{"id":14240,"date":"2022-12-12T12:57:56","date_gmt":"2022-12-12T12:57:56","guid":{"rendered":"https:\/\/agri-smart.eu\/contact\/"},"modified":"2023-06-22T08:43:05","modified_gmt":"2023-06-22T08:43:05","slug":"contact","status":"publish","type":"page","link":"https:\/\/agri-smart.eu\/pl\/contact\/","title":{"rendered":"Trwa\u0142o\u015b\u0107"},"content":{"rendered":"\n<figure class=\"wp-block-image size-large\"><img fetchpriority=\"high\" decoding=\"async\" width=\"1024\" height=\"683\" src=\"https:\/\/agri-smart.eu\/wp-content\/uploads\/2023\/03\/pexels-tim-mossholder-974314-1-1-1024x683.jpg\" alt=\"\" class=\"wp-image-15188\" srcset=\"https:\/\/agri-smart.eu\/wp-content\/uploads\/2023\/03\/pexels-tim-mossholder-974314-1-1-1024x683.jpg 1024w, https:\/\/agri-smart.eu\/wp-content\/uploads\/2023\/03\/pexels-tim-mossholder-974314-1-1-300x200.jpg 300w, https:\/\/agri-smart.eu\/wp-content\/uploads\/2023\/03\/pexels-tim-mossholder-974314-1-1-768x512.jpg 768w, https:\/\/agri-smart.eu\/wp-content\/uploads\/2023\/03\/pexels-tim-mossholder-974314-1-1-1536x1024.jpg 1536w, https:\/\/agri-smart.eu\/wp-content\/uploads\/2023\/03\/pexels-tim-mossholder-974314-1-1-600x400.jpg 600w, https:\/\/agri-smart.eu\/wp-content\/uploads\/2023\/03\/pexels-tim-mossholder-974314-1-1.jpg 1920w\" sizes=\"(max-width: 1024px) 100vw, 1024px\" \/><\/figure>\n\n\n\n<p>Tutaj mo\u017cesz sprawdzi\u0107 i pobra\u0107 poni\u017csze materia\u0142y.<\/p>\n\n\n\n<ul class=\"wp-block-list\">\n<li><a href=\"https:\/\/agri-smart.eu\/wp-content\/uploads\/2023\/06\/Agenda-template-AgriSmart_PL.docx\" target=\"_blank\" rel=\"noreferrer noopener\">Szablon agendy AgriSmart<\/a><\/li>\n\n\n\n<li><a href=\"https:\/\/agri-smart.eu\/wp-content\/uploads\/2023\/06\/Attendance-Register-AgriSmart_PL.xlsx\" target=\"_blank\" rel=\"noreferrer noopener\">Rejestracja obecno\u015bci AgriSmart<\/a><\/li>\n\n\n\n<li><a href=\"https:\/\/agri-smart.eu\/wp-content\/uploads\/2023\/06\/Course_certificate_Template-AgriSmart_PL.docx\" target=\"_blank\" rel=\"noreferrer noopener\">Certificate_Template AgriSmart<\/a><\/li>\n\n\n\n<li><a href=\"https:\/\/agri-smart.eu\/wp-content\/uploads\/2023\/06\/Course-Guidelines-AgriSmart_PL.docx\" target=\"_blank\" rel=\"noreferrer noopener\">Wytyczne dotycz\u0105ce kursu AgriSmart<\/a><\/li>\n\n\n\n<li><a href=\"https:\/\/agri-smart.eu\/wp-content\/uploads\/2023\/06\/Course-Planning-Schedule-Template_Agrismart_PL.xlsx\" target=\"_blank\" rel=\"noreferrer noopener\">Kurs &#8211; Planowanie &#8211; Harmonogram &#8211; Szablon AgriSmart<\/a><\/li>\n\n\n\n<li><a href=\"https:\/\/agri-smart.eu\/wp-content\/uploads\/2023\/06\/Course-Budget-Template_Agrismart_PL.xlsx\" target=\"_blank\" rel=\"noreferrer noopener\">Szablon bud\u017cetu wy\u015bcigu AgriSmart<\/a><\/li>\n\n\n\n<li><a href=\"https:\/\/agri-smart.eu\/wp-content\/uploads\/2023\/06\/Course-Checklist-Template_Agrismart_PL.xlsx\" target=\"_blank\" rel=\"noreferrer noopener\">Lista kontrolna kurs\u00f3w &#8211; szablon AgriSmart<\/a><\/li>\n\n\n\n<li><a href=\"https:\/\/agri-smart.eu\/wp-content\/uploads\/2023\/06\/Final-survey-AgriSmart_PL.docx\" target=\"_blank\" rel=\"noreferrer noopener\">Ankieta ko\u0144cowa AgriSmart<\/a><\/li>\n\n\n\n<li><a href=\"https:\/\/agri-smart.eu\/wp-content\/uploads\/2023\/06\/Guidelines-how-to-reach-policy-makers-and-raise-public-awareness_FINAL_PL.docx\" target=\"_blank\" rel=\"noreferrer noopener\">Wytyczne, jak dotrze\u0107 do decydent\u00f3w i podnie\u015b\u0107 \u015bwiadomo\u015b\u0107 spo\u0142eczn\u0105<\/a><\/li>\n\n\n\n<li><a href=\"https:\/\/agri-smart.eu\/wp-content\/uploads\/2023\/06\/Invitation-to-learners-Agrismart_PL.docx\" target=\"_blank\" rel=\"noreferrer noopener\">Zaproszenie dla uczni\u00f3w AgriSmart<\/a><\/li>\n\n\n\n<li><a href=\"https:\/\/agri-smart.eu\/wp-content\/uploads\/2023\/06\/Registration_form_Agrismart_PL.docx\" target=\"_blank\" rel=\"noreferrer noopener\">Formularz rejestracyjny AgriSmart<\/a><\/li>\n<\/ul>\n\n\n\n<div class=\"wp-block-columns is-layout-flex wp-container-core-columns-is-layout-28f84493 wp-block-columns-is-layout-flex\">\n<div class=\"wp-block-column is-layout-flow wp-block-column-is-layout-flow\"><\/div>\n<\/div>\n","protected":false},"excerpt":{"rendered":"<p>Tutaj mo\u017cesz sprawdzi\u0107 i pobra\u0107 poni\u017csze materia\u0142y.<\/p>\n","protected":false},"author":4,"featured_media":0,"parent":0,"menu_order":0,"comment_status":"closed","ping_status":"closed","template":"","meta":{"inspiro_hide_title":false,"footnotes":""},"class_list":["post-14240","page","type-page","status-publish","hentry"],"yoast_head":"<!-- This site is optimized with the Yoast SEO plugin v27.5 - https:\/\/yoast.com\/product\/yoast-seo-wordpress\/ -->\n<title>Trwa\u0142o\u015b\u0107 - Agrismart project<\/title>\n<meta name=\"robots\" content=\"index, follow, max-snippet:-1, max-image-preview:large, max-video-preview:-1\" \/>\n<link rel=\"canonical\" href=\"https:\/\/agri-smart.eu\/pl\/contact\/\" \/>\n<meta property=\"og:locale\" content=\"pl_PL\" \/>\n<meta property=\"og:type\" content=\"article\" \/>\n<meta property=\"og:title\" content=\"Trwa\u0142o\u015b\u0107 - Agrismart project\" \/>\n<meta property=\"og:description\" content=\"Tutaj mo\u017cesz sprawdzi\u0107 i pobra\u0107 poni\u017csze materia\u0142y.\" \/>\n<meta property=\"og:url\" content=\"https:\/\/agri-smart.eu\/pl\/contact\/\" \/>\n<meta property=\"og:site_name\" content=\"Agrismart project\" \/>\n<meta property=\"article:publisher\" content=\"https:\/\/www.facebook.com\/AgriSmartErasmus\" \/>\n<meta property=\"article:modified_time\" content=\"2023-06-22T08:43:05+00:00\" \/>\n<meta property=\"og:image\" content=\"https:\/\/agri-smart.eu\/wp-content\/uploads\/2023\/03\/pexels-tim-mossholder-974314-1-1-1024x683.jpg\" \/>\n<meta name=\"twitter:card\" content=\"summary_large_image\" \/>\n<meta name=\"twitter:site\" content=\"@AgrismartEu\" \/>\n<meta name=\"twitter:label1\" content=\"Szacowany czas czytania\" \/>\n\t<meta name=\"twitter:data1\" content=\"1 minuta\" \/>\n<script type=\"application\/ld+json\" class=\"yoast-schema-graph\">{\"@context\":\"https:\\\/\\\/schema.org\",\"@graph\":[{\"@type\":\"WebPage\",\"@id\":\"https:\\\/\\\/agri-smart.eu\\\/pl\\\/contact\\\/\",\"url\":\"https:\\\/\\\/agri-smart.eu\\\/pl\\\/contact\\\/\",\"name\":\"Trwa\u0142o\u015b\u0107 - Agrismart project\",\"isPartOf\":{\"@id\":\"https:\\\/\\\/agri-smart.eu\\\/pl\\\/#website\"},\"primaryImageOfPage\":{\"@id\":\"https:\\\/\\\/agri-smart.eu\\\/pl\\\/contact\\\/#primaryimage\"},\"image\":{\"@id\":\"https:\\\/\\\/agri-smart.eu\\\/pl\\\/contact\\\/#primaryimage\"},\"thumbnailUrl\":\"https:\\\/\\\/agri-smart.eu\\\/wp-content\\\/uploads\\\/2023\\\/03\\\/pexels-tim-mossholder-974314-1-1-1024x683.jpg\",\"datePublished\":\"2022-12-12T12:57:56+00:00\",\"dateModified\":\"2023-06-22T08:43:05+00:00\",\"breadcrumb\":{\"@id\":\"https:\\\/\\\/agri-smart.eu\\\/pl\\\/contact\\\/#breadcrumb\"},\"inLanguage\":\"pl-PL\",\"potentialAction\":[{\"@type\":\"ReadAction\",\"target\":[\"https:\\\/\\\/agri-smart.eu\\\/pl\\\/contact\\\/\"]}]},{\"@type\":\"ImageObject\",\"inLanguage\":\"pl-PL\",\"@id\":\"https:\\\/\\\/agri-smart.eu\\\/pl\\\/contact\\\/#primaryimage\",\"url\":\"https:\\\/\\\/agri-smart.eu\\\/wp-content\\\/uploads\\\/2023\\\/03\\\/pexels-tim-mossholder-974314-1-1-1024x683.jpg\",\"contentUrl\":\"https:\\\/\\\/agri-smart.eu\\\/wp-content\\\/uploads\\\/2023\\\/03\\\/pexels-tim-mossholder-974314-1-1-1024x683.jpg\"},{\"@type\":\"BreadcrumbList\",\"@id\":\"https:\\\/\\\/agri-smart.eu\\\/pl\\\/contact\\\/#breadcrumb\",\"itemListElement\":[{\"@type\":\"ListItem\",\"position\":1,\"name\":\"Home\",\"item\":\"https:\\\/\\\/agri-smart.eu\\\/pl\\\/projekt\\\/\"},{\"@type\":\"ListItem\",\"position\":2,\"name\":\"Trwa\u0142o\u015b\u0107\"}]},{\"@type\":\"WebSite\",\"@id\":\"https:\\\/\\\/agri-smart.eu\\\/pl\\\/#website\",\"url\":\"https:\\\/\\\/agri-smart.eu\\\/pl\\\/\",\"name\":\"Agrismart project\",\"description\":\"Sustainability and Digital Skills for the Agriculture Sector\",\"publisher\":{\"@id\":\"https:\\\/\\\/agri-smart.eu\\\/pl\\\/#organization\"},\"potentialAction\":[{\"@type\":\"SearchAction\",\"target\":{\"@type\":\"EntryPoint\",\"urlTemplate\":\"https:\\\/\\\/agri-smart.eu\\\/pl\\\/?s={search_term_string}\"},\"query-input\":{\"@type\":\"PropertyValueSpecification\",\"valueRequired\":true,\"valueName\":\"search_term_string\"}}],\"inLanguage\":\"pl-PL\"},{\"@type\":\"Organization\",\"@id\":\"https:\\\/\\\/agri-smart.eu\\\/pl\\\/#organization\",\"name\":\"Agrismart project\",\"url\":\"https:\\\/\\\/agri-smart.eu\\\/pl\\\/\",\"logo\":{\"@type\":\"ImageObject\",\"inLanguage\":\"pl-PL\",\"@id\":\"https:\\\/\\\/agri-smart.eu\\\/pl\\\/#\\\/schema\\\/logo\\\/image\\\/\",\"url\":\"https:\\\/\\\/agri-smart.eu\\\/wp-content\\\/uploads\\\/2022\\\/12\\\/AgriSmart_logo_Final-1.png\",\"contentUrl\":\"https:\\\/\\\/agri-smart.eu\\\/wp-content\\\/uploads\\\/2022\\\/12\\\/AgriSmart_logo_Final-1.png\",\"width\":443,\"height\":438,\"caption\":\"Agrismart project\"},\"image\":{\"@id\":\"https:\\\/\\\/agri-smart.eu\\\/pl\\\/#\\\/schema\\\/logo\\\/image\\\/\"},\"sameAs\":[\"https:\\\/\\\/www.facebook.com\\\/AgriSmartErasmus\",\"https:\\\/\\\/x.com\\\/AgrismartEu\"]}]}<\/script>\n<!-- \/ Yoast SEO plugin. -->","yoast_head_json":{"title":"Trwa\u0142o\u015b\u0107 - Agrismart project","robots":{"index":"index","follow":"follow","max-snippet":"max-snippet:-1","max-image-preview":"max-image-preview:large","max-video-preview":"max-video-preview:-1"},"canonical":"https:\/\/agri-smart.eu\/pl\/contact\/","og_locale":"pl_PL","og_type":"article","og_title":"Trwa\u0142o\u015b\u0107 - Agrismart project","og_description":"Tutaj mo\u017cesz sprawdzi\u0107 i pobra\u0107 poni\u017csze materia\u0142y.","og_url":"https:\/\/agri-smart.eu\/pl\/contact\/","og_site_name":"Agrismart project","article_publisher":"https:\/\/www.facebook.com\/AgriSmartErasmus","article_modified_time":"2023-06-22T08:43:05+00:00","og_image":[{"url":"https:\/\/agri-smart.eu\/wp-content\/uploads\/2023\/03\/pexels-tim-mossholder-974314-1-1-1024x683.jpg","type":"","width":"","height":""}],"twitter_card":"summary_large_image","twitter_site":"@AgrismartEu","twitter_misc":{"Szacowany czas czytania":"1 minuta"},"schema":{"@context":"https:\/\/schema.org","@graph":[{"@type":"WebPage","@id":"https:\/\/agri-smart.eu\/pl\/contact\/","url":"https:\/\/agri-smart.eu\/pl\/contact\/","name":"Trwa\u0142o\u015b\u0107 - Agrismart project","isPartOf":{"@id":"https:\/\/agri-smart.eu\/pl\/#website"},"primaryImageOfPage":{"@id":"https:\/\/agri-smart.eu\/pl\/contact\/#primaryimage"},"image":{"@id":"https:\/\/agri-smart.eu\/pl\/contact\/#primaryimage"},"thumbnailUrl":"https:\/\/agri-smart.eu\/wp-content\/uploads\/2023\/03\/pexels-tim-mossholder-974314-1-1-1024x683.jpg","datePublished":"2022-12-12T12:57:56+00:00","dateModified":"2023-06-22T08:43:05+00:00","breadcrumb":{"@id":"https:\/\/agri-smart.eu\/pl\/contact\/#breadcrumb"},"inLanguage":"pl-PL","potentialAction":[{"@type":"ReadAction","target":["https:\/\/agri-smart.eu\/pl\/contact\/"]}]},{"@type":"ImageObject","inLanguage":"pl-PL","@id":"https:\/\/agri-smart.eu\/pl\/contact\/#primaryimage","url":"https:\/\/agri-smart.eu\/wp-content\/uploads\/2023\/03\/pexels-tim-mossholder-974314-1-1-1024x683.jpg","contentUrl":"https:\/\/agri-smart.eu\/wp-content\/uploads\/2023\/03\/pexels-tim-mossholder-974314-1-1-1024x683.jpg"},{"@type":"BreadcrumbList","@id":"https:\/\/agri-smart.eu\/pl\/contact\/#breadcrumb","itemListElement":[{"@type":"ListItem","position":1,"name":"Home","item":"https:\/\/agri-smart.eu\/pl\/projekt\/"},{"@type":"ListItem","position":2,"name":"Trwa\u0142o\u015b\u0107"}]},{"@type":"WebSite","@id":"https:\/\/agri-smart.eu\/pl\/#website","url":"https:\/\/agri-smart.eu\/pl\/","name":"Agrismart project","description":"Sustainability and Digital Skills for the Agriculture Sector","publisher":{"@id":"https:\/\/agri-smart.eu\/pl\/#organization"},"potentialAction":[{"@type":"SearchAction","target":{"@type":"EntryPoint","urlTemplate":"https:\/\/agri-smart.eu\/pl\/?s={search_term_string}"},"query-input":{"@type":"PropertyValueSpecification","valueRequired":true,"valueName":"search_term_string"}}],"inLanguage":"pl-PL"},{"@type":"Organization","@id":"https:\/\/agri-smart.eu\/pl\/#organization","name":"Agrismart project","url":"https:\/\/agri-smart.eu\/pl\/","logo":{"@type":"ImageObject","inLanguage":"pl-PL","@id":"https:\/\/agri-smart.eu\/pl\/#\/schema\/logo\/image\/","url":"https:\/\/agri-smart.eu\/wp-content\/uploads\/2022\/12\/AgriSmart_logo_Final-1.png","contentUrl":"https:\/\/agri-smart.eu\/wp-content\/uploads\/2022\/12\/AgriSmart_logo_Final-1.png","width":443,"height":438,"caption":"Agrismart project"},"image":{"@id":"https:\/\/agri-smart.eu\/pl\/#\/schema\/logo\/image\/"},"sameAs":["https:\/\/www.facebook.com\/AgriSmartErasmus","https:\/\/x.com\/AgrismartEu"]}]}},"featured_media_urls":[],"_links":{"self":[{"href":"https:\/\/agri-smart.eu\/pl\/wp-json\/wp\/v2\/pages\/14240","targetHints":{"allow":["GET"]}}],"collection":[{"href":"https:\/\/agri-smart.eu\/pl\/wp-json\/wp\/v2\/pages"}],"about":[{"href":"https:\/\/agri-smart.eu\/pl\/wp-json\/wp\/v2\/types\/page"}],"author":[{"embeddable":true,"href":"https:\/\/agri-smart.eu\/pl\/wp-json\/wp\/v2\/users\/4"}],"replies":[{"embeddable":true,"href":"https:\/\/agri-smart.eu\/pl\/wp-json\/wp\/v2\/comments?post=14240"}],"version-history":[{"count":6,"href":"https:\/\/agri-smart.eu\/pl\/wp-json\/wp\/v2\/pages\/14240\/revisions"}],"predecessor-version":[{"id":17037,"href":"https:\/\/agri-smart.eu\/pl\/wp-json\/wp\/v2\/pages\/14240\/revisions\/17037"}],"wp:attachment":[{"href":"https:\/\/agri-smart.eu\/pl\/wp-json\/wp\/v2\/media?parent=14240"}],"curies":[{"name":"wp","href":"https:\/\/api.w.org\/{rel}","templated":true}]}}