{"id":14236,"date":"2022-12-09T08:59:28","date_gmt":"2022-12-09T08:59:28","guid":{"rendered":"https:\/\/agri-smart.eu\/projekt\/"},"modified":"2023-01-19T11:47:45","modified_gmt":"2023-01-19T11:47:45","slug":"projekt","status":"publish","type":"page","link":"https:\/\/agri-smart.eu\/pl\/","title":{"rendered":"PROJEKT"},"content":{"rendered":"\n<p>Projekt E+ AGRISMART jest rezultatem strategicznego partnerstwa 6 kraj\u00f3w europejskich, kt\u00f3rego celem jest dostosowanie oferty kszta\u0142cenia i szkolenia zawodowego oraz doskonalenia zawodowego do istniej\u0105cych i pojawiaj\u0105cych si\u0119 potrzeb zawodowych, a tak\u017ce wzmocnienie umiej\u0119tno\u015bci informatycznych i umiej\u0119tno\u015bci zwi\u0105zanych z klimatem w\u015br\u00f3d pracownik\u00f3w sektora rolnictwa.<\/p>\n\n<h2 class=\"has-text-align-center has-text-color wp-block-heading\" style=\"color:#345421\">O projekcie<\/h2>\n\n<p>UE nada\u0142a priorytet promowaniu zr\u00f3wnowa\u017conego rolnictwa, zwanego te\u017c &#8222;inteligentnym&#8221; rolnictwem, i podpisa\u0142a stosowne zobowi\u0105zania mi\u0119dzynarodowe. Technologie cyfrowe maj\u0105 zasadnicze znaczenie dla rozwoju inteligentniejszego, zasobooszcz\u0119dnego i bardziej konkurencyjnego sektora rolnego. Przepa\u015b\u0107 cyfrowa mi\u0119dzy obszarami miejskimi i wiejskimi w Europie, stanowi\u0105ca przeszkod\u0119 w osi\u0105gni\u0119ciu tego celu, nadal si\u0119 utrzymuje, pomimo wysi\u0142k\u00f3w i r\u00f3\u017cnych dzia\u0142a\u0144 UE na rzecz poprawy umiej\u0119tno\u015bci cyfrowych na obszarach wiejskich. Nale\u017cy r\u00f3wnie\u017c zauwa\u017cy\u0107, \u017ce je\u015bli chodzi o kszta\u0142cenie i szkolenie wst\u0119pne i ustawiczne, zdecydowana wi\u0119kszo\u015b\u0107 kierownik\u00f3w gospodarstw rolnych w UE polega wy\u0142\u0105cznie na do\u015bwiadczeniu praktycznym; uczenie si\u0119 w miejscu pracy ma zatem zasadnicze znaczenie dla rozwoju umiej\u0119tno\u015bci klimatycznych i cyfrowych w tym sektorze, a z kolei programy kszta\u0142cenia i szkolenia zawodowego oraz programy WBL musz\u0105 zaktualizowa\u0107 swoj\u0105 ofert\u0119 i portfolio umiej\u0119tno\u015bci, aby lepiej zaspokoi\u0107 potrzeby ucz\u0105cych si\u0119 w zakresie szkolenia w zakresie umiej\u0119tno\u015bci klimatycznych i cyfrowych, a tak\u017ce stworzy\u0107 mo\u017cliwo\u015bci szkolenia w zakresie podnoszenia kwalifikacji obecnych pracownik\u00f3w w oparciu o takie kompetencje. Rezultaty projektu AGRISMART b\u0119d\u0105 stanowi\u0107 pewne narz\u0119dzia, kt\u00f3re pozwol\u0105 odpowiedzie\u0107 na to wyzwanie.   <\/p>\n\n<figure class=\"wp-block-image size-large\"><img decoding=\"async\" src=\"https:\/\/agri-smart.eu\/wp-content\/uploads\/2022\/12\/5a3884ba3bbd136093e94aee3753cac14123af5eada4509fc84e67e6a84a7c864a4978d1f3f9d567575d88c09a0890848fcf588d1d169e6c1feb84_1280-1-1024x682.jpg\" alt=\"\" class=\"wp-image-31\"\/><\/figure>\n<div class=\"wp-block-columns is-layout-flex wp-container-core-columns-is-layout-28f84493 wp-block-columns-is-layout-flex\">\n<div class=\"wp-block-column is-layout-flow wp-block-column-is-layout-flow\">\n<h2 class=\"has-text-color wp-block-heading\" style=\"color:#a8bc65\">Wyzwanie<\/h2>\n\n\n\n<p>D\u0105\u017c\u0105c do rozwijania umiej\u0119tno\u015bci informatycznych pracownik\u00f3w i zwi\u0119kszenia stabilno\u015bci sektora, nale\u017cy wzi\u0105\u0107 pod uwag\u0119, \u017ce rolnictwo ma bardzo silny komponent do\u015bwiadczenia praktycznego; w zwi\u0105zku z tym uczenie si\u0119 w miejscu pracy jest niezb\u0119dne do osi\u0105gni\u0119cia tego celu. Jednak istniej\u0105ce oferty szkoleniowe na poziomie policealnym oraz kszta\u0142cenia i szkolenia zawodowego k\u0142ad\u0105 niewielki lub \u017caden nacisk na te aspekty, o czym \u015bwiadcz\u0105 obecne programy nauczania oferowane przez organizator\u00f3w kszta\u0142cenia i szkolenia zawodowego w wi\u0119kszo\u015bci kraj\u00f3w UE. Istnieje zatem coraz wi\u0119ksza potrzeba lepszego dostosowania WBL do istniej\u0105cych i pojawiaj\u0105cych si\u0119 wymaga\u0144 i reali\u00f3w w miejscu pracy, zw\u0142aszcza w odniesieniu do praktyk i zastosowa\u0144 zr\u00f3wnowa\u017conych ekologicznie i cyfrowych. Systemy WBL musz\u0105 zaktualizowa\u0107 swoj\u0105 ofert\u0119 i portfolio umiej\u0119tno\u015bci, aby lepiej zaspokaja\u0107 potrzeby ucz\u0105cych si\u0119 w zakresie szkolenia w zakresie umiej\u0119tno\u015bci klimatycznych i cyfrowych, a tak\u017ce rozwija\u0107 mo\u017cliwo\u015bci szkolenia w zakresie podnoszenia kwalifikacji obecnych pracownik\u00f3w w oparciu o takie kompetencje.   <\/p>\n<\/div>\n\n\n\n<div class=\"wp-block-column is-layout-flow wp-block-column-is-layout-flow\">\n<h2 class=\"has-text-align-center has-text-color wp-block-heading\" style=\"color:#a8bc65\">Cele<\/h2>\n\n\n\n<p class=\"has-text-align-center\">G\u0142\u00f3wnym celem projektu jest dostosowanie oferty VET i WBL do istniej\u0105cych i pojawiaj\u0105cych si\u0119 potrzeb zawodowych. Projekt AGRISMART ma r\u00f3wnie\u017c na celu wzmocnienie umiej\u0119tno\u015bci pracownik\u00f3w rolnictwa w zakresie inteligentnego podej\u015bcia do klimatu i umiej\u0119tno\u015bci cyfrowych. Projekt AGRISMART ma r\u00f3wnie\u017c umo\u017cliwi\u0107 osobom trzecim, na poziomie mi\u0119dzynarodowym, okre\u015blenie, kt\u00f3re aspekty projektu przynios\u0142yby znacz\u0105ce korzy\u015bci, gdyby zosta\u0142y przeniesione do ich w\u0142asnych ram dzia\u0142a\u0144.  <\/p>\n<\/div>\n\n\n\n<div class=\"wp-block-column is-layout-flow wp-block-column-is-layout-flow\">\n<h2 class=\"has-text-align-right has-text-color wp-block-heading\" style=\"color:#a8bc65\">Partnerzy<\/h2>\n\n\n\n<p class=\"has-text-align-right\">W sk\u0142ad partnerstwa wchodzi 6 organizacji z 6 kraj\u00f3w UE (IT, GR, BEL, PL, SK, GER), zajmuj\u0105cych si\u0119 badaniami i szkoleniami w dziedzinie rolnictwa. Partner wiod\u0105cy, UNIMI, jest siedzib\u0105 jednego z najsilniejszych wydzia\u0142\u00f3w nauk rolniczych i \u017cywieniowych. DEULA-Nienburg, ARID i AGROINSTITUT to wiod\u0105ce instytucje kszta\u0142cenia i szkolenia zawodowego w dziedzinie rolnictwa, posiadaj\u0105ce du\u017ce do\u015bwiadczenie w opracowywaniu program\u00f3w szkoleniowych i dzia\u0142a\u0144 WBL. EXELIA i INNOVELA s\u0105 ekspertami w dziedzinie bada\u0144 i rozwoju oraz wdra\u017cania innowacyjnych metodologii nauczania.    <\/p>\n<\/div>\n<\/div>\n\n<figure class=\"wp-block-image size-large\"><img decoding=\"async\" src=\"https:\/\/agri-smart.eu\/wp-content\/uploads\/2022\/12\/54270789-0-1-1024x683.jpeg\" alt=\"\" class=\"wp-image-32\"\/><\/figure>\n<div class=\"wp-block-columns is-layout-flex wp-container-core-columns-is-layout-28f84493 wp-block-columns-is-layout-flex\">\n<div class=\"wp-block-column is-layout-flow wp-block-column-is-layout-flow\">\n<h2 class=\"has-text-align-center has-text-color wp-block-heading\" style=\"color:#466c44\">Cele<\/h2>\n\n\n\n<p>Projekt AGRISMART ma na celu dostosowanie oferty kszta\u0142cenia i szkolenia zawodowego oraz doskonalenia zawodowego do istniej\u0105cych i pojawiaj\u0105cych si\u0119 potrzeb zawodowych, a tak\u017ce wzmocnienie umiej\u0119tno\u015bci informatycznych i umiej\u0119tno\u015bci zwi\u0105zanych z klimatem w\u015br\u00f3d pracownik\u00f3w sektora rolnego. W szczeg\u00f3lno\u015bci w ramach projektu <\/p>\n\n\n\n<ul class=\"wp-block-list\">\n<li>Opracowanie programu kurs\u00f3w w zakresie praktyk klimatycznych i cyfrowych, odpowiadaj\u0105cy obecnym i przysz\u0142ym potrzebom zawodowym.<\/li>\n\n\n\n<li>Wprowadzenie r\u00f3\u017cnych metod realizacji szkole\u0144 i innowacyjnych zasob\u00f3w pedagogicznych z otwartym dost\u0119pem, dostosowanych do specyfiki sektora, w celu wsparcia oferty kszta\u0142cenia i szkolenia zawodowego oraz WBL.<\/li>\n\n\n\n<li>Zwi\u0119kszenie mo\u017cliwo\u015bci i poprawa wsp\u00f3\u0142pracy mi\u0119dzy interesariuszami publicznymi i sektorowymi w celu promowania w\u0142\u0105czenia rozwoju umiej\u0119tno\u015bci inteligentnych klimatycznie i cyfrowych do oferty szkoleniowej i polityki regionalnej, a tym samym dotarcia do spo\u0142eczno\u015bci rolniczych.<\/li>\n<\/ul>\n<\/div>\n\n\n\n<div class=\"wp-block-column is-layout-flow wp-block-column-is-layout-flow\">\n<h2 class=\"has-text-align-center has-text-color wp-block-heading\" style=\"color:#466c44\">Rezultaty<\/h2>\n\n\n\n<ul class=\"wp-block-list\">\n<li>Zestaw efekt\u00f3w uczenia si\u0119 (pogrupowanych w jednostki uczenia si\u0119) s\u0142u\u017c\u0105cych rozwijaniu umiej\u0119tno\u015bci rolniczych zwi\u0105zanych z klimatem i technologiami cyfrowymi.<\/li>\n\n\n\n<li>Kurs modu\u0142owy na potrzeby kszta\u0142cenia i szkolenia zawodowego oraz OER.<\/li>\n\n\n\n<li>VOOC obejmuj\u0105cy kurs AgriSmart w jego formie online.<\/li>\n\n\n\n<li>Zestaw narz\u0119dzi dla mentor\u00f3w do w\u0142\u0105czania efekt\u00f3w uczenia si\u0119 AgriSmart do WBL w rolnictwie.<\/li>\n\n\n\n<li>Dokument przedstawiaj\u0105cy stanowisko w sprawie uwzgl\u0119dnienia wynik\u00f3w projektu w ofercie kszta\u0142cenia i szkolenia zawodowego oraz w polityce regionalnej.<\/li>\n\n\n\n<li>Zestaw zasob\u00f3w s\u0142u\u017c\u0105cych promowaniu i realizacji szkole\u0144 z zakresu umiej\u0119tno\u015bci informatycznych i zwi\u0105zanych z klimatem w spo\u0142eczno\u015bciach rolniczych.<\/li>\n\n\n\n<li>O\u015bwiadczenie wsparcia oraz gwarancji jako\u015bci opracowanych efekt\u00f3w uczenia si\u0119.<\/li>\n\n\n\n<li>6 krajowych dni informacyjnych (po jednym w ka\u017cdym kraju partnerskim) po\u015bwi\u0119conych promocji rezultat\u00f3w projektu i otwartej dyskusji na temat sektorowych potrzeb w zakresie rozwoju umiej\u0119tno\u015bci oraz sposob\u00f3w ich zaspokajania.<\/li>\n<\/ul>\n<\/div>\n<\/div>\n\n<div class=\"wp-block-columns is-layout-flex wp-container-core-columns-is-layout-28f84493 wp-block-columns-is-layout-flex\">\n<div class=\"wp-block-column is-layout-flow wp-block-column-is-layout-flow\">\n<figure class=\"wp-block-image size-large\"><img decoding=\"async\" src=\"https:\/\/agri-smart.eu\/wp-content\/uploads\/2022\/12\/Digital-agriculture-1-1024x576.jpg\" alt=\"\" class=\"wp-image-33\"\/><\/figure><\/div>\n\n\n\n<div class=\"wp-block-column is-layout-flow wp-block-column-is-layout-flow\">\n<h2 class=\"has-text-align-center has-text-color wp-block-heading\" style=\"color:#466c44\">Broszura AgriSmart<\/h2>\n\n\n\n<p>Nasz projekt w skr\u00f3cie. Tutaj mo\u017cesz pobra\u0107 broszur\u0119 w swoim j\u0119zyku:<\/p>\n\n\n\n<div class=\"wp-block-columns is-layout-flex wp-container-core-columns-is-layout-28f84493 wp-block-columns-is-layout-flex\">\n<div class=\"wp-block-column is-layout-flow wp-block-column-is-layout-flow\">\n<p><a href=\"https:\/\/agri-smart.eu\/wp-content\/uploads\/2022\/12\/AgriSmart_Brochure_EN-1-1.pdf\" target=\"_blank\" rel=\"noreferrer noopener\">English<\/a><\/p>\n\n\n\n<p><a href=\"https:\/\/agri-smart.eu\/wp-content\/uploads\/2022\/12\/AgriSmart_Brochure_GR-1-1.pdf\" target=\"_blank\" rel=\"noreferrer noopener\">\u0395\u03bb\u03bb\u03b7\u03bd\u03b9\u03ba\u03ac<\/a><\/p>\n\n\n\n<p><a href=\"https:\/\/agri-smart.eu\/wp-content\/uploads\/2022\/12\/AgriSmart_Brochure_FR-1-1.pdf\" target=\"_blank\" rel=\"noreferrer noopener\">Fran\u00e7ais<\/a><\/p>\n\n\n\n<p><a href=\"https:\/\/agri-smart.eu\/wp-content\/uploads\/2022\/12\/AgriSmart_Brochure_DE-1-1.pdf\" target=\"_blank\" rel=\"noreferrer noopener\">Deutsch<\/a><\/p>\n<\/div>\n\n\n\n<div class=\"wp-block-column is-layout-flow wp-block-column-is-layout-flow\">\n<p><a href=\"https:\/\/agri-smart.eu\/wp-content\/uploads\/2022\/12\/AgriSmart_Brochure_PL-1-1.pdf\" target=\"_blank\" rel=\"noreferrer noopener\">Polskie<\/a><\/p>\n\n\n\n<p><a href=\"https:\/\/agri-smart.eu\/wp-content\/uploads\/2022\/12\/AgriSmart_Brochure_SK-1-1.pdf\" target=\"_blank\" rel=\"noreferrer noopener\">Slov\u00e1k<\/a><\/p>\n\n\n\n<p><a href=\"https:\/\/agri-smart.eu\/wp-content\/uploads\/2022\/12\/AgriSmart_Brochure_IT-1-1.pdf\" target=\"_blank\" rel=\"noreferrer noopener\">Italiano<\/a><\/p>\n<\/div>\n<\/div>\n<\/div>\n<\/div>\n\n<div class=\"wp-block-columns is-layout-flex wp-container-core-columns-is-layout-28f84493 wp-block-columns-is-layout-flex\">\n<div class=\"wp-block-column is-layout-flow wp-block-column-is-layout-flow\">\n<h2 class=\"has-text-align-center has-text-color wp-block-heading\" style=\"color:#466c44\">Plakat AgriSmart<br\/><\/h2>\n\n\n\n<p>Nasz projekt w skr\u00f3cie. Tutaj mo\u017cesz pobra\u0107 plakat w swoim j\u0119zyku:<\/p>\n\n\n\n<div class=\"wp-block-columns is-layout-flex wp-container-core-columns-is-layout-28f84493 wp-block-columns-is-layout-flex\">\n<div class=\"wp-block-column is-layout-flow wp-block-column-is-layout-flow\">\n<p><a href=\"https:\/\/agri-smart.eu\/wp-content\/uploads\/2022\/12\/AgriSmart_poster_EN-1.pdf\" target=\"_blank\" rel=\"noreferrer noopener\">English<\/a><\/p>\n\n\n\n<p><a href=\"https:\/\/agri-smart.eu\/wp-content\/uploads\/2022\/12\/AgriSmart_poster_GR-1.pdf\" target=\"_blank\" rel=\"noreferrer noopener\">\u0395\u03bb\u03bb\u03b7\u03bd\u03b9\u03ba\u03ac<\/a><\/p>\n\n\n\n<p><a href=\"https:\/\/agri-smart.eu\/wp-content\/uploads\/2022\/12\/AgriSmart_poster_FR-1.pdf\" target=\"_blank\" rel=\"noreferrer noopener\">Fran\u00e7ais<\/a><\/p>\n\n\n\n<p><a href=\"https:\/\/agri-smart.eu\/wp-content\/uploads\/2022\/12\/AgriSmart_poster_DE-1.pdf\" target=\"_blank\" rel=\"noreferrer noopener\">Deutsch<\/a><\/p>\n<\/div>\n\n\n\n<div class=\"wp-block-column is-layout-flow wp-block-column-is-layout-flow\">\n<p><a href=\"https:\/\/agri-smart.eu\/wp-content\/uploads\/2022\/12\/AgriSmart_poster_PL-1.pdf\" target=\"_blank\" rel=\"noreferrer noopener\">Polskie<\/a><\/p>\n\n\n\n<p><a href=\"https:\/\/agri-smart.eu\/wp-content\/uploads\/2022\/12\/AgriSmart_poster_SK-1.pdf\" target=\"_blank\" rel=\"noreferrer noopener\">Slov\u00e1k<\/a><\/p>\n\n\n\n<p><a href=\"https:\/\/agri-smart.eu\/wp-content\/uploads\/2022\/12\/AgriSmart_poster_IT-1.pdf\" target=\"_blank\" rel=\"noreferrer noopener\">Italiano<\/a><\/p>\n<\/div>\n<\/div>\n<\/div>\n\n\n\n<div class=\"wp-block-column is-layout-flow wp-block-column-is-layout-flow\">\n<figure class=\"wp-block-image size-large\"><img decoding=\"async\" src=\"https:\/\/agri-smart.eu\/wp-content\/uploads\/2022\/12\/1_8GLFTX7FkOEtcHXLouu87g-1-1024x410.jpeg\" alt=\"\" class=\"wp-image-30\"\/><\/figure><\/div>\n<\/div>\n","protected":false},"excerpt":{"rendered":"<p>Projekt E+ AGRISMART jest rezultatem strategicznego partnerstwa 6 kraj\u00f3w europejskich, kt\u00f3rego celem jest dostosowanie oferty kszta\u0142cenia i szkolenia zawodowego oraz doskonalenia zawodowego do istniej\u0105cych i pojawiaj\u0105cych si\u0119 potrzeb zawodowych, a tak\u017ce wzmocnienie umiej\u0119tno\u015bci informatycznych i umiej\u0119tno\u015bci zwi\u0105zanych z klimatem w\u015br\u00f3d pracownik\u00f3w sektora rolnictwa. O projekcie UE nada\u0142a priorytet promowaniu zr\u00f3wnowa\u017conego rolnictwa, zwanego te\u017c &#8222;inteligentnym&#8221; rolnictwem, &hellip; <\/p>\n<p class=\"link-more\"><a href=\"https:\/\/agri-smart.eu\/pl\/\" class=\"more-link\">Read more<span class=\"screen-reader-text\"> &#8222;PROJEKT&#8221;<\/span><\/a><\/p>\n","protected":false},"author":4,"featured_media":0,"parent":0,"menu_order":0,"comment_status":"closed","ping_status":"closed","template":"","meta":{"inspiro_hide_title":false,"footnotes":""},"class_list":["post-14236","page","type-page","status-publish","hentry"],"yoast_head":"<!-- This site is optimized with the Yoast SEO plugin v27.5 - https:\/\/yoast.com\/product\/yoast-seo-wordpress\/ -->\n<title>PROJEKT - Agrismart project<\/title>\n<meta name=\"robots\" content=\"index, follow, max-snippet:-1, max-image-preview:large, max-video-preview:-1\" \/>\n<link rel=\"canonical\" href=\"https:\/\/agri-smart.eu\/pl\/\" \/>\n<meta property=\"og:locale\" content=\"pl_PL\" \/>\n<meta property=\"og:type\" content=\"article\" \/>\n<meta property=\"og:title\" content=\"PROJEKT - Agrismart project\" \/>\n<meta property=\"og:description\" content=\"Projekt E+ AGRISMART jest rezultatem strategicznego partnerstwa 6 kraj\u00f3w europejskich, kt\u00f3rego celem jest dostosowanie oferty kszta\u0142cenia i szkolenia zawodowego oraz doskonalenia zawodowego do istniej\u0105cych i pojawiaj\u0105cych si\u0119 potrzeb zawodowych, a tak\u017ce wzmocnienie umiej\u0119tno\u015bci informatycznych i umiej\u0119tno\u015bci zwi\u0105zanych z klimatem w\u015br\u00f3d pracownik\u00f3w sektora rolnictwa. O projekcie UE nada\u0142a priorytet promowaniu zr\u00f3wnowa\u017conego rolnictwa, zwanego te\u017c &#8222;inteligentnym&#8221; rolnictwem, &hellip; Read more &quot;PROJEKT&quot;\" \/>\n<meta property=\"og:url\" content=\"https:\/\/agri-smart.eu\/pl\/\" \/>\n<meta property=\"og:site_name\" content=\"Agrismart project\" \/>\n<meta property=\"article:publisher\" content=\"https:\/\/www.facebook.com\/AgriSmartErasmus\" \/>\n<meta property=\"article:modified_time\" content=\"2023-01-19T11:47:45+00:00\" \/>\n<meta property=\"og:image\" content=\"https:\/\/agri-smart.eu\/wp-content\/uploads\/2022\/12\/5a3884ba3bbd136093e94aee3753cac14123af5eada4509fc84e67e6a84a7c864a4978d1f3f9d567575d88c09a0890848fcf588d1d169e6c1feb84_1280-1-1024x682.jpg\" \/>\n<meta name=\"twitter:card\" content=\"summary_large_image\" \/>\n<meta name=\"twitter:site\" content=\"@AgrismartEu\" \/>\n<meta name=\"twitter:label1\" content=\"Szacowany czas czytania\" \/>\n\t<meta name=\"twitter:data1\" content=\"5 minut\" \/>\n<script type=\"application\/ld+json\" class=\"yoast-schema-graph\">{\"@context\":\"https:\\\/\\\/schema.org\",\"@graph\":[{\"@type\":\"WebPage\",\"@id\":\"https:\\\/\\\/agri-smart.eu\\\/pl\\\/\",\"url\":\"https:\\\/\\\/agri-smart.eu\\\/pl\\\/\",\"name\":\"PROJEKT - Agrismart project\",\"isPartOf\":{\"@id\":\"https:\\\/\\\/agri-smart.eu\\\/pl\\\/#website\"},\"primaryImageOfPage\":{\"@id\":\"https:\\\/\\\/agri-smart.eu\\\/pl\\\/#primaryimage\"},\"image\":{\"@id\":\"https:\\\/\\\/agri-smart.eu\\\/pl\\\/#primaryimage\"},\"thumbnailUrl\":\"https:\\\/\\\/agri-smart.eu\\\/wp-content\\\/uploads\\\/2022\\\/12\\\/5a3884ba3bbd136093e94aee3753cac14123af5eada4509fc84e67e6a84a7c864a4978d1f3f9d567575d88c09a0890848fcf588d1d169e6c1feb84_1280-1-1024x682.jpg\",\"datePublished\":\"2022-12-09T08:59:28+00:00\",\"dateModified\":\"2023-01-19T11:47:45+00:00\",\"breadcrumb\":{\"@id\":\"https:\\\/\\\/agri-smart.eu\\\/pl\\\/#breadcrumb\"},\"inLanguage\":\"pl-PL\",\"potentialAction\":[{\"@type\":\"ReadAction\",\"target\":[\"https:\\\/\\\/agri-smart.eu\\\/pl\\\/\"]}]},{\"@type\":\"ImageObject\",\"inLanguage\":\"pl-PL\",\"@id\":\"https:\\\/\\\/agri-smart.eu\\\/pl\\\/#primaryimage\",\"url\":\"https:\\\/\\\/agri-smart.eu\\\/wp-content\\\/uploads\\\/2022\\\/12\\\/5a3884ba3bbd136093e94aee3753cac14123af5eada4509fc84e67e6a84a7c864a4978d1f3f9d567575d88c09a0890848fcf588d1d169e6c1feb84_1280-1-1024x682.jpg\",\"contentUrl\":\"https:\\\/\\\/agri-smart.eu\\\/wp-content\\\/uploads\\\/2022\\\/12\\\/5a3884ba3bbd136093e94aee3753cac14123af5eada4509fc84e67e6a84a7c864a4978d1f3f9d567575d88c09a0890848fcf588d1d169e6c1feb84_1280-1-1024x682.jpg\"},{\"@type\":\"BreadcrumbList\",\"@id\":\"https:\\\/\\\/agri-smart.eu\\\/pl\\\/#breadcrumb\",\"itemListElement\":[{\"@type\":\"ListItem\",\"position\":1,\"name\":\"Home\",\"item\":\"https:\\\/\\\/agri-smart.eu\\\/pl\\\/projekt\\\/\"},{\"@type\":\"ListItem\",\"position\":2,\"name\":\"PROJEKT\"}]},{\"@type\":\"WebSite\",\"@id\":\"https:\\\/\\\/agri-smart.eu\\\/pl\\\/#website\",\"url\":\"https:\\\/\\\/agri-smart.eu\\\/pl\\\/\",\"name\":\"Agrismart project\",\"description\":\"Sustainability and Digital Skills for the Agriculture Sector\",\"publisher\":{\"@id\":\"https:\\\/\\\/agri-smart.eu\\\/pl\\\/#organization\"},\"potentialAction\":[{\"@type\":\"SearchAction\",\"target\":{\"@type\":\"EntryPoint\",\"urlTemplate\":\"https:\\\/\\\/agri-smart.eu\\\/pl\\\/?s={search_term_string}\"},\"query-input\":{\"@type\":\"PropertyValueSpecification\",\"valueRequired\":true,\"valueName\":\"search_term_string\"}}],\"inLanguage\":\"pl-PL\"},{\"@type\":\"Organization\",\"@id\":\"https:\\\/\\\/agri-smart.eu\\\/pl\\\/#organization\",\"name\":\"Agrismart project\",\"url\":\"https:\\\/\\\/agri-smart.eu\\\/pl\\\/\",\"logo\":{\"@type\":\"ImageObject\",\"inLanguage\":\"pl-PL\",\"@id\":\"https:\\\/\\\/agri-smart.eu\\\/pl\\\/#\\\/schema\\\/logo\\\/image\\\/\",\"url\":\"https:\\\/\\\/agri-smart.eu\\\/wp-content\\\/uploads\\\/2022\\\/12\\\/AgriSmart_logo_Final-1.png\",\"contentUrl\":\"https:\\\/\\\/agri-smart.eu\\\/wp-content\\\/uploads\\\/2022\\\/12\\\/AgriSmart_logo_Final-1.png\",\"width\":443,\"height\":438,\"caption\":\"Agrismart project\"},\"image\":{\"@id\":\"https:\\\/\\\/agri-smart.eu\\\/pl\\\/#\\\/schema\\\/logo\\\/image\\\/\"},\"sameAs\":[\"https:\\\/\\\/www.facebook.com\\\/AgriSmartErasmus\",\"https:\\\/\\\/x.com\\\/AgrismartEu\"]}]}<\/script>\n<!-- \/ Yoast SEO plugin. -->","yoast_head_json":{"title":"PROJEKT - Agrismart project","robots":{"index":"index","follow":"follow","max-snippet":"max-snippet:-1","max-image-preview":"max-image-preview:large","max-video-preview":"max-video-preview:-1"},"canonical":"https:\/\/agri-smart.eu\/pl\/","og_locale":"pl_PL","og_type":"article","og_title":"PROJEKT - Agrismart project","og_description":"Projekt E+ AGRISMART jest rezultatem strategicznego partnerstwa 6 kraj\u00f3w europejskich, kt\u00f3rego celem jest dostosowanie oferty kszta\u0142cenia i szkolenia zawodowego oraz doskonalenia zawodowego do istniej\u0105cych i pojawiaj\u0105cych si\u0119 potrzeb zawodowych, a tak\u017ce wzmocnienie umiej\u0119tno\u015bci informatycznych i umiej\u0119tno\u015bci zwi\u0105zanych z klimatem w\u015br\u00f3d pracownik\u00f3w sektora rolnictwa. O projekcie UE nada\u0142a priorytet promowaniu zr\u00f3wnowa\u017conego rolnictwa, zwanego te\u017c &#8222;inteligentnym&#8221; rolnictwem, &hellip; Read more \"PROJEKT\"","og_url":"https:\/\/agri-smart.eu\/pl\/","og_site_name":"Agrismart project","article_publisher":"https:\/\/www.facebook.com\/AgriSmartErasmus","article_modified_time":"2023-01-19T11:47:45+00:00","og_image":[{"url":"https:\/\/agri-smart.eu\/wp-content\/uploads\/2022\/12\/5a3884ba3bbd136093e94aee3753cac14123af5eada4509fc84e67e6a84a7c864a4978d1f3f9d567575d88c09a0890848fcf588d1d169e6c1feb84_1280-1-1024x682.jpg","type":"","width":"","height":""}],"twitter_card":"summary_large_image","twitter_site":"@AgrismartEu","twitter_misc":{"Szacowany czas czytania":"5 minut"},"schema":{"@context":"https:\/\/schema.org","@graph":[{"@type":"WebPage","@id":"https:\/\/agri-smart.eu\/pl\/","url":"https:\/\/agri-smart.eu\/pl\/","name":"PROJEKT - Agrismart project","isPartOf":{"@id":"https:\/\/agri-smart.eu\/pl\/#website"},"primaryImageOfPage":{"@id":"https:\/\/agri-smart.eu\/pl\/#primaryimage"},"image":{"@id":"https:\/\/agri-smart.eu\/pl\/#primaryimage"},"thumbnailUrl":"https:\/\/agri-smart.eu\/wp-content\/uploads\/2022\/12\/5a3884ba3bbd136093e94aee3753cac14123af5eada4509fc84e67e6a84a7c864a4978d1f3f9d567575d88c09a0890848fcf588d1d169e6c1feb84_1280-1-1024x682.jpg","datePublished":"2022-12-09T08:59:28+00:00","dateModified":"2023-01-19T11:47:45+00:00","breadcrumb":{"@id":"https:\/\/agri-smart.eu\/pl\/#breadcrumb"},"inLanguage":"pl-PL","potentialAction":[{"@type":"ReadAction","target":["https:\/\/agri-smart.eu\/pl\/"]}]},{"@type":"ImageObject","inLanguage":"pl-PL","@id":"https:\/\/agri-smart.eu\/pl\/#primaryimage","url":"https:\/\/agri-smart.eu\/wp-content\/uploads\/2022\/12\/5a3884ba3bbd136093e94aee3753cac14123af5eada4509fc84e67e6a84a7c864a4978d1f3f9d567575d88c09a0890848fcf588d1d169e6c1feb84_1280-1-1024x682.jpg","contentUrl":"https:\/\/agri-smart.eu\/wp-content\/uploads\/2022\/12\/5a3884ba3bbd136093e94aee3753cac14123af5eada4509fc84e67e6a84a7c864a4978d1f3f9d567575d88c09a0890848fcf588d1d169e6c1feb84_1280-1-1024x682.jpg"},{"@type":"BreadcrumbList","@id":"https:\/\/agri-smart.eu\/pl\/#breadcrumb","itemListElement":[{"@type":"ListItem","position":1,"name":"Home","item":"https:\/\/agri-smart.eu\/pl\/projekt\/"},{"@type":"ListItem","position":2,"name":"PROJEKT"}]},{"@type":"WebSite","@id":"https:\/\/agri-smart.eu\/pl\/#website","url":"https:\/\/agri-smart.eu\/pl\/","name":"Agrismart project","description":"Sustainability and Digital Skills for the Agriculture Sector","publisher":{"@id":"https:\/\/agri-smart.eu\/pl\/#organization"},"potentialAction":[{"@type":"SearchAction","target":{"@type":"EntryPoint","urlTemplate":"https:\/\/agri-smart.eu\/pl\/?s={search_term_string}"},"query-input":{"@type":"PropertyValueSpecification","valueRequired":true,"valueName":"search_term_string"}}],"inLanguage":"pl-PL"},{"@type":"Organization","@id":"https:\/\/agri-smart.eu\/pl\/#organization","name":"Agrismart project","url":"https:\/\/agri-smart.eu\/pl\/","logo":{"@type":"ImageObject","inLanguage":"pl-PL","@id":"https:\/\/agri-smart.eu\/pl\/#\/schema\/logo\/image\/","url":"https:\/\/agri-smart.eu\/wp-content\/uploads\/2022\/12\/AgriSmart_logo_Final-1.png","contentUrl":"https:\/\/agri-smart.eu\/wp-content\/uploads\/2022\/12\/AgriSmart_logo_Final-1.png","width":443,"height":438,"caption":"Agrismart project"},"image":{"@id":"https:\/\/agri-smart.eu\/pl\/#\/schema\/logo\/image\/"},"sameAs":["https:\/\/www.facebook.com\/AgriSmartErasmus","https:\/\/x.com\/AgrismartEu"]}]}},"featured_media_urls":[],"_links":{"self":[{"href":"https:\/\/agri-smart.eu\/pl\/wp-json\/wp\/v2\/pages\/14236","targetHints":{"allow":["GET"]}}],"collection":[{"href":"https:\/\/agri-smart.eu\/pl\/wp-json\/wp\/v2\/pages"}],"about":[{"href":"https:\/\/agri-smart.eu\/pl\/wp-json\/wp\/v2\/types\/page"}],"author":[{"embeddable":true,"href":"https:\/\/agri-smart.eu\/pl\/wp-json\/wp\/v2\/users\/4"}],"replies":[{"embeddable":true,"href":"https:\/\/agri-smart.eu\/pl\/wp-json\/wp\/v2\/comments?post=14236"}],"version-history":[{"count":1,"href":"https:\/\/agri-smart.eu\/pl\/wp-json\/wp\/v2\/pages\/14236\/revisions"}],"predecessor-version":[{"id":14237,"href":"https:\/\/agri-smart.eu\/pl\/wp-json\/wp\/v2\/pages\/14236\/revisions\/14237"}],"wp:attachment":[{"href":"https:\/\/agri-smart.eu\/pl\/wp-json\/wp\/v2\/media?parent=14236"}],"curies":[{"name":"wp","href":"https:\/\/api.w.org\/{rel}","templated":true}]}}