{"id":14234,"date":"2022-12-12T12:35:18","date_gmt":"2022-12-12T12:35:18","guid":{"rendered":"https:\/\/agri-smart.eu\/rezultaty\/"},"modified":"2026-02-18T09:50:38","modified_gmt":"2026-02-18T09:50:38","slug":"rezultaty","status":"publish","type":"page","link":"https:\/\/agri-smart.eu\/pl\/rezultaty\/","title":{"rendered":"REZULTATY"},"content":{"rendered":"\n<div class=\"wp-block-columns is-layout-flex wp-container-core-columns-is-layout-28f84493 wp-block-columns-is-layout-flex\">\n<div class=\"wp-block-column is-layout-flow wp-block-column-is-layout-flow\">\n<figure class=\"wp-block-image size-large\"><img decoding=\"async\" src=\"https:\/\/agri-smart.eu\/wp-content\/uploads\/2022\/12\/pexels-photo-247819-3-1-1024x595.jpeg\" alt=\"\" class=\"wp-image-24\"\/><\/figure>\n\n\n\n<h2 class=\"wp-block-heading\"><strong>1. Efekty uczenia si\u0119 i jednostki oparte na dowodach naukowych s\u0142u\u017c\u0105ce rozwijaniu umiej\u0119tno\u015bci informatycznych i umiej\u0119tno\u015bci przystosowanych do warunk\u00f3w klimatycznych w sektorze rolniczym<\/strong><\/h2>\n\n\n\n<p>Rezultat ten okre\u015bli efekty uczenia si\u0119 dla aktualnego, dostosowanego do potrzeb sektora, programu nauczania w zakresie rolnictwa dotycz\u0105cego zr\u00f3wnowa\u017conych \u015brodowiskowo praktyk pracy i nowoczesnych aplikacji cyfrowych. B\u0119dzie on zawiera\u0142 stwierdzenia dotycz\u0105ce tego, co ucz\u0105cy si\u0119 powinni wiedzie\u0107, rozumie\u0107 i potrafi\u0107 zrobi\u0107 po uko\u0144czeniu programu szkoleniowego AgriSmart. <\/p>\n\n\n\n<div class=\"wp-block-buttons is-layout-flex wp-block-buttons-is-layout-flex\">\n<div class=\"wp-block-button aligncenter\"><a class=\"wp-block-button__link wp-element-button\" href=\"https:\/\/agri-smart.eu\/wp-content\/uploads\/2022\/12\/O1_T4_LearningOutputReport-1.pdf\" target=\"_blank\" rel=\"noreferrer noopener\">Learning Outcomes report<\/a><\/div>\n<\/div>\n<\/div>\n\n\n\n<div class=\"wp-block-column is-layout-flow wp-block-column-is-layout-flow\">\n<figure class=\"wp-block-image size-large is-resized\"><img decoding=\"async\" src=\"https:\/\/agri-smart.eu\/wp-content\/uploads\/2022\/12\/syllabus_2_1-1-e1671186576183-1024x556.jpg\" alt=\"\" class=\"wp-image-6943\" style=\"width:403px;height:218px\"\/><\/figure>\n\n\n\n<h2 class=\"wp-block-heading\"><strong>2. Modu\u0142owa struktura programu nauczania (Syllabus), instrukcje edukacyjne, materia\u0142y dydaktyczne i materia\u0142y do oceny<\/strong><\/h2>\n\n\n\n<p>W ramach tego zadania zostanie opracowana modu\u0142owa struktura programu nauczania (sylabus), kt\u00f3ra mo\u017ce by\u0107 wykorzystywana przez organizator\u00f3w kszta\u0142cenia i szkolenia zawodowego oraz rolnik\u00f3w, kt\u00f3rzy chc\u0105 rozwija\u0107 swoje umiej\u0119tno\u015bci w zakresie umiej\u0119tno\u015bci informatycznych i zwi\u0105zanych z klimatem. Dodatkowo, projekt ten obejmuje stworzenie puli zasob\u00f3w, w tym instrukcji edukacyjnych, materia\u0142\u00f3w do nauki i oceny, zaprojektowanych w celu wsparcia realizacji kursu AGRISMART w ramach kszta\u0142cenia i szkolenia zawodowego. Jego g\u0142\u00f3wnym celem jest u\u0142atwienie nabywania inteligentnych klimatycznie i cyfrowych umiej\u0119tno\u015bci w sektorze rolnictwa.  <\/p>\n\n\n\n<div class=\"wp-block-buttons is-layout-flex wp-block-buttons-is-layout-flex\">\n<div class=\"wp-block-button aligncenter\"><a class=\"wp-block-button__link wp-element-button\" href=\"https:\/\/agri-smart.eu\/wp-content\/uploads\/2023\/06\/O2_T1_AgriSmart_curriculum_final_all_PL.pdf\" target=\"_blank\" rel=\"noreferrer noopener\">MODU\u0141OWY PROGRAM NAUCZANIA<\/a><\/div>\n\n\n\n<div class=\"wp-block-button aligncenter\"><a class=\"wp-block-button__link wp-element-button\" href=\"https:\/\/agri-smart.eu\/wp-content\/uploads\/2023\/05\/O2_T2_final_PL.pdf\" target=\"_blank\" rel=\"noreferrer noopener\">MATERIA\u0141Y SZKOLENIOWE I MATERIA\u0141Y DO OCENY<\/a><\/div>\n\n\n\n<div class=\"wp-block-button aligncenter\"><a class=\"wp-block-button__link wp-element-button\" href=\"https:\/\/agri-smart.eu\/wp-content\/uploads\/2023\/05\/O2_T3_FINAL_PL-1.pdf\" target=\"_blank\" rel=\"noreferrer noopener\">TRAINERS HANDBOOK<\/a><\/div>\n<\/div>\n<\/div>\n<\/div>\n\n\n\n<div class=\"wp-block-columns is-layout-flex wp-container-core-columns-is-layout-28f84493 wp-block-columns-is-layout-flex\">\n<div class=\"wp-block-column is-layout-flow wp-block-column-is-layout-flow\">\n<figure class=\"wp-block-image size-large\"><img decoding=\"async\" src=\"https:\/\/agri-smart.eu\/wp-content\/uploads\/2022\/12\/copy-of-lk_books_harlan-108_wide-0de53ac74a75eaa61a975b7b02b83f1cd1a18ba5-1-1024x576.jpg\" alt=\"\" class=\"wp-image-21\"\/><\/figure>\n\n\n\n<h2 class=\"wp-block-heading\"><strong>3. Tworzenie materia\u0142\u00f3w pedagogicznych jako otwartych zasob\u00f3w edukacyjnych<\/strong><\/h2>\n\n\n\n<p>OER, kt\u00f3re zostan\u0105 opracowane, b\u0119d\u0105 nadawa\u0142y si\u0119 do w\u0142\u0105czenia do oferty kszta\u0142cenia i szkolenia zawodowego, jak r\u00f3wnie\u017c do samodzielnego prowadzenia szkole\u0144, zaspokajaj\u0105c potrzeby zar\u00f3wno pocz\u0105tkuj\u0105cych, jak i do\u015bwiadczonych rolnik\u00f3w. OER projektu AGRISMART b\u0119d\u0105 dost\u0119pne we wszystkich j\u0119zykach partner\u00f3w projektu (EN, IT, EL, DE, PL, SK, FR), co zapewni mo\u017cliwo\u015b\u0107 ich szerokiego wykorzystania geograficznego. Dost\u0119p do OER i ich wykorzystanie b\u0119d\u0105 nieograniczone.  <\/p>\n\n\n\n<div class=\"wp-block-buttons is-layout-flex wp-block-buttons-is-layout-flex\">\n<div class=\"wp-block-button\"><a class=\"wp-block-button__link wp-element-button\" href=\"https:\/\/agri-smart.eu\/wp-content\/uploads\/2026\/02\/PL-Master_Agrismart-e-book_.pdf\" target=\"_blank\" rel=\"noreferrer noopener\">Pobierz e-book AGRISMART Learner&#8217;s w j\u0119zyku polskim<\/a><\/div>\n<\/div>\n\n\n\n<div style=\"height:25px\" aria-hidden=\"true\" class=\"wp-block-spacer\"><\/div>\n<\/div>\n\n\n\n<div class=\"wp-block-column is-layout-flow wp-block-column-is-layout-flow\">\n<figure class=\"wp-block-image size-large\"><img decoding=\"async\" src=\"https:\/\/agri-smart.eu\/wp-content\/uploads\/2022\/12\/Free-Online-Course-1-1024x684.jpg\" alt=\"\" class=\"wp-image-23\"\/><\/figure>\n\n\n\n<h2 class=\"wp-block-heading\"><strong>4. Infrastruktura i zawarto\u015b\u0107 otwartych kurs\u00f3w online AGRISMART (VOOC) w 7 j\u0119zykach.<\/strong><\/h2>\n\n\n\n<p>VOOC b\u0119dzie obejmowa\u0107 jednostki projektowe oraz dostosowane do kontekstu materia\u0142y szkoleniowe i materia\u0142y do oceny opracowane w O2, w formie internetowej, nadaj\u0105ce si\u0119 do samodzielnego uczenia si\u0119 i uczenia si\u0119 w systemie mieszanym (blended learning).<\/p>\n\n\n\n<div class=\"wp-block-buttons is-layout-flex wp-block-buttons-is-layout-flex\">\n<div class=\"wp-block-button aligncenter\"><a class=\"wp-block-button__link wp-element-button\" href=\"https:\/\/erasmusmoocs.thinkific.com\/courses\/agrismart-sustainability-and-digital-skills-for-the-agricultural-sector-polish-version\" target=\"_blank\" rel=\"noreferrer noopener\">Dost\u0119p do VOOC<\/a><\/div>\n<\/div>\n<\/div>\n<\/div>\n\n\n\n<div class=\"wp-block-columns is-layout-flex wp-container-core-columns-is-layout-28f84493 wp-block-columns-is-layout-flex\">\n<div class=\"wp-block-column is-layout-flow wp-block-column-is-layout-flow\">\n<figure class=\"wp-block-image size-large\"><img decoding=\"async\" src=\"https:\/\/agri-smart.eu\/wp-content\/uploads\/2022\/12\/dark-mode-email-toolkit-1-1024x538.jpg\" alt=\"\" class=\"wp-image-22\"\/><\/figure>\n\n\n\n<h2 class=\"wp-block-heading\"><strong>5. Zestaw narz\u0119dzi dla mentor\u00f3w AGRISMART s\u0142u\u017c\u0105cy w\u0142\u0105czeniu efekt\u00f3w uczenia si\u0119 do WBL w rolnictwie<\/strong>  <\/h2>\n\n\n\n<p>Celem zestawu narz\u0119dzi jest u\u0142atwienie zdobywania umiej\u0119tno\u015bci cyfrowych i umiej\u0119tno\u015bci zwi\u0105zanych z klimatem. Zestaw narz\u0119dzi b\u0119dzie skierowany do do\u015bwiadczonych praktyk\u00f3w uczestnicz\u0105cych lub aspiruj\u0105cych do uczestnictwa w dzia\u0142aniach WBL w charakterze mentor\u00f3w i b\u0119dzie mia\u0142 zastosowanie do r\u00f3\u017cnych form szkole\u0144 WBL (tj. I-VET, C-VET, formalnych\/nieformalnych, z\/bez udzia\u0142u organizator\u00f3w kszta\u0142cenia i szkolenia zawodowego).  <\/p>\n\n\n\n<div class=\"wp-block-buttons is-layout-flex wp-block-buttons-is-layout-flex\">\n<div class=\"wp-block-button\"><a class=\"wp-block-button__link wp-element-button\" href=\"https:\/\/agri-smart.eu\/wp-content\/uploads\/2023\/06\/O4-T2-AGRISMART-MENTORS-TOOLBOX-PL.pdf\" target=\"_blank\" rel=\"noreferrer noopener\">POBIERZ ZESTAW NARZ\u0118DZI MENTORA AGRISMART ODBIORCY<\/a><\/div>\n<\/div>\n<\/div>\n\n\n\n<div class=\"wp-block-column is-layout-flow wp-block-column-is-layout-flow\">\n<figure class=\"wp-block-image size-large\"><img decoding=\"async\" src=\"https:\/\/agri-smart.eu\/wp-content\/uploads\/2022\/12\/2x-1-1024x439.png\" alt=\"\" class=\"wp-image-20\"\/><\/figure>\n\n\n\n<h2 class=\"wp-block-heading\"><strong>6. Ramy AGRISMART na rzecz promowania w\u0142\u0105czania rozwoju umiej\u0119tno\u015bci inteligentnych i cyfrowych w zakresie klimatu do oferty kszta\u0142cenia i szkolenia zawodowego oraz do polityki regionalnej<\/strong>   <\/h2>\n\n\n\n<p>This output comprises the formation of a framework to promote the integration of climate smart and digital skills development in VET offerings and regional policies. The purpose of this output is to identify important aspects (i.e. administrative, organisational, financial, awareness raising) that are relevant to the setup, introduction, and running of agriculture WBL schemes.<\/p>\n\n\n\n<div class=\"wp-block-buttons is-layout-flex wp-block-buttons-is-layout-flex\">\n<div class=\"wp-block-button\"><a class=\"wp-block-button__link wp-element-button\" href=\"https:\/\/agri-smart.eu\/wp-content\/uploads\/2023\/06\/AGRISMART_O5-T1_Position-paper_PL.pdf\" target=\"_blank\" rel=\"noreferrer noopener\">DOWNLOAD THE POSITION PAPER(pl)<\/a><\/div>\n<\/div>\n<\/div>\n<\/div>\n","protected":false},"excerpt":{"rendered":"<p>1. Efekty uczenia si\u0119 i jednostki oparte na dowodach naukowych s\u0142u\u017c\u0105ce rozwijaniu umiej\u0119tno\u015bci informatycznych i umiej\u0119tno\u015bci przystosowanych do warunk\u00f3w klimatycznych w sektorze rolniczym Rezultat ten okre\u015bli efekty uczenia si\u0119 dla aktualnego, dostosowanego do potrzeb sektora, programu nauczania w zakresie rolnictwa dotycz\u0105cego zr\u00f3wnowa\u017conych \u015brodowiskowo praktyk pracy i nowoczesnych aplikacji cyfrowych. B\u0119dzie on zawiera\u0142 stwierdzenia dotycz\u0105ce tego, &hellip; <\/p>\n<p class=\"link-more\"><a href=\"https:\/\/agri-smart.eu\/pl\/rezultaty\/\" class=\"more-link\">Read more<span class=\"screen-reader-text\"> &#8222;REZULTATY&#8221;<\/span><\/a><\/p>\n","protected":false},"author":4,"featured_media":0,"parent":0,"menu_order":0,"comment_status":"closed","ping_status":"closed","template":"","meta":{"inspiro_hide_title":false,"footnotes":""},"class_list":["post-14234","page","type-page","status-publish","hentry"],"yoast_head":"<!-- This site is optimized with the Yoast SEO plugin v27.5 - https:\/\/yoast.com\/product\/yoast-seo-wordpress\/ -->\n<title>REZULTATY - Agrismart project<\/title>\n<meta name=\"robots\" content=\"index, follow, max-snippet:-1, max-image-preview:large, max-video-preview:-1\" \/>\n<link rel=\"canonical\" href=\"https:\/\/agri-smart.eu\/pl\/rezultaty\/\" \/>\n<meta property=\"og:locale\" content=\"pl_PL\" \/>\n<meta property=\"og:type\" content=\"article\" \/>\n<meta property=\"og:title\" content=\"REZULTATY - Agrismart project\" \/>\n<meta property=\"og:description\" content=\"1. Efekty uczenia si\u0119 i jednostki oparte na dowodach naukowych s\u0142u\u017c\u0105ce rozwijaniu umiej\u0119tno\u015bci informatycznych i umiej\u0119tno\u015bci przystosowanych do warunk\u00f3w klimatycznych w sektorze rolniczym Rezultat ten okre\u015bli efekty uczenia si\u0119 dla aktualnego, dostosowanego do potrzeb sektora, programu nauczania w zakresie rolnictwa dotycz\u0105cego zr\u00f3wnowa\u017conych \u015brodowiskowo praktyk pracy i nowoczesnych aplikacji cyfrowych. B\u0119dzie on zawiera\u0142 stwierdzenia dotycz\u0105ce tego, &hellip; Read more &quot;REZULTATY&quot;\" \/>\n<meta property=\"og:url\" content=\"https:\/\/agri-smart.eu\/pl\/rezultaty\/\" \/>\n<meta property=\"og:site_name\" content=\"Agrismart project\" \/>\n<meta property=\"article:publisher\" content=\"https:\/\/www.facebook.com\/AgriSmartErasmus\" \/>\n<meta property=\"article:modified_time\" content=\"2026-02-18T09:50:38+00:00\" \/>\n<meta property=\"og:image\" content=\"https:\/\/agri-smart.eu\/wp-content\/uploads\/2021\/06\/LogosBeneficairesErasmusRIGHT_EN.jpg\" \/>\n\t<meta property=\"og:image:width\" content=\"1\" \/>\n\t<meta property=\"og:image:height\" content=\"1\" \/>\n\t<meta property=\"og:image:type\" content=\"image\/jpeg\" \/>\n<meta name=\"twitter:card\" content=\"summary_large_image\" \/>\n<meta name=\"twitter:site\" content=\"@AgrismartEu\" \/>\n<meta name=\"twitter:label1\" content=\"Szacowany czas czytania\" \/>\n\t<meta name=\"twitter:data1\" content=\"4 minuty\" \/>\n<script type=\"application\/ld+json\" class=\"yoast-schema-graph\">{\"@context\":\"https:\\\/\\\/schema.org\",\"@graph\":[{\"@type\":\"WebPage\",\"@id\":\"https:\\\/\\\/agri-smart.eu\\\/pl\\\/rezultaty\\\/\",\"url\":\"https:\\\/\\\/agri-smart.eu\\\/pl\\\/rezultaty\\\/\",\"name\":\"REZULTATY - Agrismart project\",\"isPartOf\":{\"@id\":\"https:\\\/\\\/agri-smart.eu\\\/pl\\\/#website\"},\"primaryImageOfPage\":{\"@id\":\"https:\\\/\\\/agri-smart.eu\\\/pl\\\/rezultaty\\\/#primaryimage\"},\"image\":{\"@id\":\"https:\\\/\\\/agri-smart.eu\\\/pl\\\/rezultaty\\\/#primaryimage\"},\"thumbnailUrl\":\"https:\\\/\\\/agri-smart.eu\\\/wp-content\\\/uploads\\\/2022\\\/12\\\/pexels-photo-247819-3-1-1024x595.jpeg\",\"datePublished\":\"2022-12-12T12:35:18+00:00\",\"dateModified\":\"2026-02-18T09:50:38+00:00\",\"breadcrumb\":{\"@id\":\"https:\\\/\\\/agri-smart.eu\\\/pl\\\/rezultaty\\\/#breadcrumb\"},\"inLanguage\":\"pl-PL\",\"potentialAction\":[{\"@type\":\"ReadAction\",\"target\":[\"https:\\\/\\\/agri-smart.eu\\\/pl\\\/rezultaty\\\/\"]}]},{\"@type\":\"ImageObject\",\"inLanguage\":\"pl-PL\",\"@id\":\"https:\\\/\\\/agri-smart.eu\\\/pl\\\/rezultaty\\\/#primaryimage\",\"url\":\"https:\\\/\\\/agri-smart.eu\\\/wp-content\\\/uploads\\\/2022\\\/12\\\/pexels-photo-247819-3-1-1024x595.jpeg\",\"contentUrl\":\"https:\\\/\\\/agri-smart.eu\\\/wp-content\\\/uploads\\\/2022\\\/12\\\/pexels-photo-247819-3-1-1024x595.jpeg\"},{\"@type\":\"BreadcrumbList\",\"@id\":\"https:\\\/\\\/agri-smart.eu\\\/pl\\\/rezultaty\\\/#breadcrumb\",\"itemListElement\":[{\"@type\":\"ListItem\",\"position\":1,\"name\":\"Home\",\"item\":\"https:\\\/\\\/agri-smart.eu\\\/pl\\\/projekt\\\/\"},{\"@type\":\"ListItem\",\"position\":2,\"name\":\"REZULTATY\"}]},{\"@type\":\"WebSite\",\"@id\":\"https:\\\/\\\/agri-smart.eu\\\/pl\\\/#website\",\"url\":\"https:\\\/\\\/agri-smart.eu\\\/pl\\\/\",\"name\":\"Agrismart project\",\"description\":\"Sustainability and Digital Skills for the Agriculture Sector\",\"publisher\":{\"@id\":\"https:\\\/\\\/agri-smart.eu\\\/pl\\\/#organization\"},\"potentialAction\":[{\"@type\":\"SearchAction\",\"target\":{\"@type\":\"EntryPoint\",\"urlTemplate\":\"https:\\\/\\\/agri-smart.eu\\\/pl\\\/?s={search_term_string}\"},\"query-input\":{\"@type\":\"PropertyValueSpecification\",\"valueRequired\":true,\"valueName\":\"search_term_string\"}}],\"inLanguage\":\"pl-PL\"},{\"@type\":\"Organization\",\"@id\":\"https:\\\/\\\/agri-smart.eu\\\/pl\\\/#organization\",\"name\":\"Agrismart project\",\"url\":\"https:\\\/\\\/agri-smart.eu\\\/pl\\\/\",\"logo\":{\"@type\":\"ImageObject\",\"inLanguage\":\"pl-PL\",\"@id\":\"https:\\\/\\\/agri-smart.eu\\\/pl\\\/#\\\/schema\\\/logo\\\/image\\\/\",\"url\":\"https:\\\/\\\/agri-smart.eu\\\/wp-content\\\/uploads\\\/2022\\\/12\\\/AgriSmart_logo_Final-1.png\",\"contentUrl\":\"https:\\\/\\\/agri-smart.eu\\\/wp-content\\\/uploads\\\/2022\\\/12\\\/AgriSmart_logo_Final-1.png\",\"width\":443,\"height\":438,\"caption\":\"Agrismart project\"},\"image\":{\"@id\":\"https:\\\/\\\/agri-smart.eu\\\/pl\\\/#\\\/schema\\\/logo\\\/image\\\/\"},\"sameAs\":[\"https:\\\/\\\/www.facebook.com\\\/AgriSmartErasmus\",\"https:\\\/\\\/x.com\\\/AgrismartEu\"]}]}<\/script>\n<!-- \/ Yoast SEO plugin. -->","yoast_head_json":{"title":"REZULTATY - Agrismart project","robots":{"index":"index","follow":"follow","max-snippet":"max-snippet:-1","max-image-preview":"max-image-preview:large","max-video-preview":"max-video-preview:-1"},"canonical":"https:\/\/agri-smart.eu\/pl\/rezultaty\/","og_locale":"pl_PL","og_type":"article","og_title":"REZULTATY - Agrismart project","og_description":"1. Efekty uczenia si\u0119 i jednostki oparte na dowodach naukowych s\u0142u\u017c\u0105ce rozwijaniu umiej\u0119tno\u015bci informatycznych i umiej\u0119tno\u015bci przystosowanych do warunk\u00f3w klimatycznych w sektorze rolniczym Rezultat ten okre\u015bli efekty uczenia si\u0119 dla aktualnego, dostosowanego do potrzeb sektora, programu nauczania w zakresie rolnictwa dotycz\u0105cego zr\u00f3wnowa\u017conych \u015brodowiskowo praktyk pracy i nowoczesnych aplikacji cyfrowych. B\u0119dzie on zawiera\u0142 stwierdzenia dotycz\u0105ce tego, &hellip; Read more \"REZULTATY\"","og_url":"https:\/\/agri-smart.eu\/pl\/rezultaty\/","og_site_name":"Agrismart project","article_publisher":"https:\/\/www.facebook.com\/AgriSmartErasmus","article_modified_time":"2026-02-18T09:50:38+00:00","og_image":[{"url":"https:\/\/agri-smart.eu\/wp-content\/uploads\/2021\/06\/LogosBeneficairesErasmusRIGHT_EN.jpg","width":1,"height":1,"type":"image\/jpeg"}],"twitter_card":"summary_large_image","twitter_site":"@AgrismartEu","twitter_misc":{"Szacowany czas czytania":"4 minuty"},"schema":{"@context":"https:\/\/schema.org","@graph":[{"@type":"WebPage","@id":"https:\/\/agri-smart.eu\/pl\/rezultaty\/","url":"https:\/\/agri-smart.eu\/pl\/rezultaty\/","name":"REZULTATY - Agrismart project","isPartOf":{"@id":"https:\/\/agri-smart.eu\/pl\/#website"},"primaryImageOfPage":{"@id":"https:\/\/agri-smart.eu\/pl\/rezultaty\/#primaryimage"},"image":{"@id":"https:\/\/agri-smart.eu\/pl\/rezultaty\/#primaryimage"},"thumbnailUrl":"https:\/\/agri-smart.eu\/wp-content\/uploads\/2022\/12\/pexels-photo-247819-3-1-1024x595.jpeg","datePublished":"2022-12-12T12:35:18+00:00","dateModified":"2026-02-18T09:50:38+00:00","breadcrumb":{"@id":"https:\/\/agri-smart.eu\/pl\/rezultaty\/#breadcrumb"},"inLanguage":"pl-PL","potentialAction":[{"@type":"ReadAction","target":["https:\/\/agri-smart.eu\/pl\/rezultaty\/"]}]},{"@type":"ImageObject","inLanguage":"pl-PL","@id":"https:\/\/agri-smart.eu\/pl\/rezultaty\/#primaryimage","url":"https:\/\/agri-smart.eu\/wp-content\/uploads\/2022\/12\/pexels-photo-247819-3-1-1024x595.jpeg","contentUrl":"https:\/\/agri-smart.eu\/wp-content\/uploads\/2022\/12\/pexels-photo-247819-3-1-1024x595.jpeg"},{"@type":"BreadcrumbList","@id":"https:\/\/agri-smart.eu\/pl\/rezultaty\/#breadcrumb","itemListElement":[{"@type":"ListItem","position":1,"name":"Home","item":"https:\/\/agri-smart.eu\/pl\/projekt\/"},{"@type":"ListItem","position":2,"name":"REZULTATY"}]},{"@type":"WebSite","@id":"https:\/\/agri-smart.eu\/pl\/#website","url":"https:\/\/agri-smart.eu\/pl\/","name":"Agrismart project","description":"Sustainability and Digital Skills for the Agriculture Sector","publisher":{"@id":"https:\/\/agri-smart.eu\/pl\/#organization"},"potentialAction":[{"@type":"SearchAction","target":{"@type":"EntryPoint","urlTemplate":"https:\/\/agri-smart.eu\/pl\/?s={search_term_string}"},"query-input":{"@type":"PropertyValueSpecification","valueRequired":true,"valueName":"search_term_string"}}],"inLanguage":"pl-PL"},{"@type":"Organization","@id":"https:\/\/agri-smart.eu\/pl\/#organization","name":"Agrismart project","url":"https:\/\/agri-smart.eu\/pl\/","logo":{"@type":"ImageObject","inLanguage":"pl-PL","@id":"https:\/\/agri-smart.eu\/pl\/#\/schema\/logo\/image\/","url":"https:\/\/agri-smart.eu\/wp-content\/uploads\/2022\/12\/AgriSmart_logo_Final-1.png","contentUrl":"https:\/\/agri-smart.eu\/wp-content\/uploads\/2022\/12\/AgriSmart_logo_Final-1.png","width":443,"height":438,"caption":"Agrismart project"},"image":{"@id":"https:\/\/agri-smart.eu\/pl\/#\/schema\/logo\/image\/"},"sameAs":["https:\/\/www.facebook.com\/AgriSmartErasmus","https:\/\/x.com\/AgrismartEu"]}]}},"featured_media_urls":[],"_links":{"self":[{"href":"https:\/\/agri-smart.eu\/pl\/wp-json\/wp\/v2\/pages\/14234","targetHints":{"allow":["GET"]}}],"collection":[{"href":"https:\/\/agri-smart.eu\/pl\/wp-json\/wp\/v2\/pages"}],"about":[{"href":"https:\/\/agri-smart.eu\/pl\/wp-json\/wp\/v2\/types\/page"}],"author":[{"embeddable":true,"href":"https:\/\/agri-smart.eu\/pl\/wp-json\/wp\/v2\/users\/4"}],"replies":[{"embeddable":true,"href":"https:\/\/agri-smart.eu\/pl\/wp-json\/wp\/v2\/comments?post=14234"}],"version-history":[{"count":10,"href":"https:\/\/agri-smart.eu\/pl\/wp-json\/wp\/v2\/pages\/14234\/revisions"}],"predecessor-version":[{"id":17390,"href":"https:\/\/agri-smart.eu\/pl\/wp-json\/wp\/v2\/pages\/14234\/revisions\/17390"}],"wp:attachment":[{"href":"https:\/\/agri-smart.eu\/pl\/wp-json\/wp\/v2\/media?parent=14234"}],"curies":[{"name":"wp","href":"https:\/\/api.w.org\/{rel}","templated":true}]}}