{"id":14313,"date":"2022-12-09T08:59:28","date_gmt":"2022-12-09T08:59:28","guid":{"rendered":"https:\/\/agri-smart.eu\/il-progetto\/"},"modified":"2023-01-19T14:12:51","modified_gmt":"2023-01-19T14:12:51","slug":"il-progetto","status":"publish","type":"page","link":"https:\/\/agri-smart.eu\/it\/","title":{"rendered":"IL PROGETTO"},"content":{"rendered":"\n<p>&#8220;Il progetto Erasmus + AgriSmart \u00e8 il risultato di una partnership strategica di 6 Paesi europei, con l&#8217;obiettivo di adattare l&#8217;offerta di formazione professionale (VET) e basata sul lavoro (Work-Based Learning) alle esigenze occupazionali esistenti ed emergenti, e di migliorare le competenze degli agricoltori su digitale e la sostenibilit\u00e0 in agricoltura.&#8221;<\/p>\n\n<h2 class=\"has-text-align-center has-text-color wp-block-heading\" style=\"color:#345421\">Riguardo il progetto<\/h2>\n\n<p>L&#8217;Unione Europea promuove e sostiene la diffusione di pratiche agricole sostenibili, note anche come &#8220;climate-smart&#8221;, e si \u00e8 impegnata nel sostenerle con importanti direttive comunitarie. Le tecnologie digitali sono fondamentali per lo sviluppo di un settore agricolo pi\u00f9 intelligente, efficiente sotto il profilo delle risorse e pi\u00f9 competitivo. Il divario digitale tra le aree urbane e rurali in Europa &#8211; una barriera verso questo obiettivo &#8211; persiste, nonostante gli sforzi dell&#8217;UE e diverse attivit\u00e0 per migliorare le competenze digitali nelle aree rurali. Va inoltre osservato che in termini di istruzione e formazione iniziale e continua, la grande maggioranza di agricoltori nell&#8217;UE si basa esclusivamente sull&#8217;esperienza pratica: l&#8217;apprendimento basato sul lavoro (WBL) \u00e8 quindi vitale per sviluppare competenze digitali e di sostenibilit\u00e0 nel settore. A loro volta, i programmi di formazione professionale e i programmi WBL devono aggiornare le proprie offerte e il portafoglio di competenze offerte per soddisfare meglio le necessit\u00e0 dei lavoratori, bisognosi di formazione in materia di competenze digitali e sostenibili, sviluppando opportunit\u00e0 di formazione per riqualificare i lavoratori sulla base di tali competenze. I risultati del progetto AGRISMART aiuteranno a rispondere a queste sfide.     <\/p>\n\n<figure class=\"wp-block-image size-large\"><img decoding=\"async\" src=\"https:\/\/agri-smart.eu\/wp-content\/uploads\/2022\/12\/5a3884ba3bbd136093e94aee3753cac14123af5eada4509fc84e67e6a84a7c864a4978d1f3f9d567575d88c09a0890848fcf588d1d169e6c1feb84_1280-1-1024x682.jpg\" alt=\"\" class=\"wp-image-31\"\/><\/figure>\n<div class=\"wp-block-columns is-layout-flex wp-container-core-columns-is-layout-28f84493 wp-block-columns-is-layout-flex\">\n<div class=\"wp-block-column is-layout-flow wp-block-column-is-layout-flow\">\n<h2 class=\"has-text-color wp-block-heading\" style=\"color:#a8bc65\">La sfida<\/h2>\n\n\n\n<p>Lo sforzo per sviluppare le competenze digitali dei lavoratori e aumentare la sostenibilit\u00e0 del settore deve tenere conto del fatto che l&#8217;agricoltura ha una componente di esperienza pratica molto forte: di conseguenza, l&#8217;apprendimento basato sul lavoro (WBL) \u00e8 vitale per raggiungere questo obiettivo. Tuttavia, le offerte di formazione esistenti a livello professionale pongono poca o nessuna enfasi su queste dimensioni, come dimostrato dagli attuali programmi di studio offerti nella maggior parte dei paesi dell&#8217;UE a livello professionale. Vi \u00e8 quindi una crescente necessit\u00e0 di allineare meglio l&#8217;apprendimento pratico con i requisiti e la realt\u00e0 del settore agricolo, in particolare per quanto riguarda l&#8217;adozione di tecniche edigitali e ambientalmente sostenibili. I programmi WBL devono aggiornare i loro programmi e il portafoglio di competenze offerte, per rispondere meglio alle esigenze di formazione dei lavoratori e sviluppare opportunit\u00e0 formative per riqualificare i lavoratori esistenti sulla base di competenze digitali e di sostenibilit\u00e0.   <\/p>\n<\/div>\n\n\n\n<div class=\"wp-block-column is-layout-flow wp-block-column-is-layout-flow\">\n<h2 class=\"has-text-align-center has-text-color wp-block-heading\" style=\"color:#a8bc65\">Obiettivi<\/h2>\n\n\n\n<p class=\"has-text-align-center\">L&#8217;obiettivo principale del progetto \u00e8 adattare l&#8217;offerta di formazione professionale alle esigenze occupazionali attuali e future. Il progetto AGRISMART vuole rafforzare le competenze dei lavoratori agricoli riguardo a digitalizzazione e sostenibilit\u00e0. AGRISMART offrir\u00e0 anche l&#8217;opportunit\u00e0 a soggetti esterni, a livello internazionale, di identificare aspetti progetto utili da trasferire nel proprio quadro di attivit\u00e0.  <\/p>\n<\/div>\n\n\n\n<div class=\"wp-block-column is-layout-flow wp-block-column-is-layout-flow\">\n<h2 class=\"has-text-align-right has-text-color wp-block-heading\" style=\"color:#a8bc65\">I partners<\/h2>\n\n\n\n<p class=\"has-text-align-right\">La partnership \u00e8 formata da 6 organizzazioni di 6 paesi dell&#8217;UE (IT, GR, BEL, PL, SK, GER), del mondo della ricerca e della formazione agricola. Il capofila, Universit\u00e0 degli Studi di Milano, \u00e8 sede di una delle pi\u00f9 importanti facolt\u00e0 di Scienze Agrarie e Alimentari. DEULA-Nienburg, ARID e AGROINSTITUT sono fornitori leader di formazione professionale in agricoltura con una significativa esperienza nello sviluppo di programmi formativi. EXELIA e INNOVELA sono esperti in ricerca e sviluppo e nella fornitura di metodologie di apprendimento innovative.    <\/p>\n<\/div>\n<\/div>\n\n<figure class=\"wp-block-image size-large\"><img decoding=\"async\" src=\"https:\/\/agri-smart.eu\/wp-content\/uploads\/2022\/12\/54270789-0-1-1024x683.jpeg\" alt=\"\" class=\"wp-image-32\"\/><\/figure>\n<div class=\"wp-block-columns is-layout-flex wp-container-core-columns-is-layout-28f84493 wp-block-columns-is-layout-flex\">\n<div class=\"wp-block-column is-layout-flow wp-block-column-is-layout-flow\">\n<h2 class=\"has-text-align-center has-text-color wp-block-heading\" style=\"color:#466c44\">Objectives<\/h2>\n\n\n\n<p>Il progetto AGRISMART mira ad adattare l&#8217;offerta formativa professionale sulla base dei bisogni occupazionali emergenti, incrementando le competenze legate a digitalizzazione e sostenibilit\u00e0 dei lavoratori agricoli. In particolare il progetto si impegna a: <\/p>\n\n\n\n<ul class=\"wp-block-list\">\n<li>Sviluppare un corso curriculare sui temi delle tecnologie digitali e della sostenibilit\u00e0 in agricoltura per affrontare le sfide occupazionali nel settore agricolo attuali e future.<\/li>\n\n\n\n<li>Introdurre metodi innovativi di apprendimento e materiale educativo accessibile a tutti (Open Educational Resources, OER) modulati sulle caratteristiche del settore agricolo, cos\u00ec da supportare l&#8217;offerta formativa professionale e rafforzare le competenze dei lavoratori agricoli su tecnologie digitali e sostenibilit\u00e0.<\/li>\n\n\n\n<li>Incrementare la cooperazione tra pubblico e privato, nell&#8217;ottica di integrare i risultati del progetto nell&#8217;offerta formativa esistente, e di supportare le politiche e iniziative Europee e nazionali sul tema.<\/li>\n<\/ul>\n<\/div>\n\n\n\n<div class=\"wp-block-column is-layout-flow wp-block-column-is-layout-flow\">\n<h2 class=\"has-text-align-center has-text-color wp-block-heading\" style=\"color:#466c44\">Risultati<\/h2>\n\n\n\n<ul class=\"wp-block-list\">\n<li>Un set di materiale formativo (in unit\u00e0 di apprendimento) per lo sviluppo delle competenze digitali e di sostenibilit\u00e0 in agricoltura.<\/li>\n\n\n\n<li>Un corso in moduli per la formazione professionale e materiale pedagogico liberamente accessibile.<\/li>\n\n\n\n<li>Un VOOC (Vocational Open Online Course) che comprenda i corsi AgriSmart in forma online.<\/li>\n\n\n\n<li>Una Guida del Mentore, per l&#8217;integrazione dei risultati di AgriSmart nei processi di apprendimento e formazione.<\/li>\n\n\n\n<li>Un documento di sintesi (position paper) per l&#8217;integrazione dei risultati di progetto nelle offerte formative e nelle politiche regionali.<\/li>\n\n\n\n<li>Un set di risorse per la promozione e l&#8217;attuazione della formazione sulle competenze digitali e di sostenibilit\u00e0 nelle comunit\u00e0 agricole.<\/li>\n\n\n\n<li>Una Dichiarazione di Sostegno sulla validit\u00e0 dei risultati di apprendimento sviluppati.<\/li>\n\n\n\n<li>6 giornate informative nazionali (una in ciascun paese partenar) per promuovere i risultati del progetto e stimolare un dibattito pubblico riguardo alle necessit\u00e0 di sviluppo di competenze nel settore e sui modi per affrontarle.<\/li>\n<\/ul>\n<\/div>\n<\/div>\n\n<div class=\"wp-block-columns is-layout-flex wp-container-core-columns-is-layout-28f84493 wp-block-columns-is-layout-flex\">\n<div class=\"wp-block-column is-layout-flow wp-block-column-is-layout-flow\">\n<figure class=\"wp-block-image size-large\"><img decoding=\"async\" src=\"https:\/\/agri-smart.eu\/wp-content\/uploads\/2022\/12\/Digital-agriculture-1-1024x576.jpg\" alt=\"\" class=\"wp-image-33\"\/><\/figure><\/div>\n\n\n\n<div class=\"wp-block-column is-layout-flow wp-block-column-is-layout-flow\">\n<h2 class=\"has-text-align-center has-text-color wp-block-heading\" style=\"color:#466c44\">La brochure di AgriSmart<\/h2>\n\n\n\n<p>Il nostro progetto in sintesi. Scarica qui la brochure nella tua lingua:<\/p>\n\n\n\n<div class=\"wp-block-columns is-layout-flex wp-container-core-columns-is-layout-28f84493 wp-block-columns-is-layout-flex\">\n<div class=\"wp-block-column is-layout-flow wp-block-column-is-layout-flow\">\n<p><a href=\"https:\/\/agri-smart.eu\/wp-content\/uploads\/2022\/12\/AgriSmart_Brochure_EN-1-1.pdf\" target=\"_blank\" rel=\"noreferrer noopener\">English<\/a><\/p>\n\n\n\n<p><a href=\"https:\/\/agri-smart.eu\/wp-content\/uploads\/2022\/12\/AgriSmart_Brochure_GR-1-1.pdf\" target=\"_blank\" rel=\"noreferrer noopener\">\u0395\u03bb\u03bb\u03b7\u03bd\u03b9\u03ba\u03ac<\/a><\/p>\n\n\n\n<p><a href=\"https:\/\/agri-smart.eu\/wp-content\/uploads\/2022\/12\/AgriSmart_Brochure_FR-1-1.pdf\" target=\"_blank\" rel=\"noreferrer noopener\">Fran\u00e7ais<\/a><\/p>\n\n\n\n<p><a href=\"https:\/\/agri-smart.eu\/wp-content\/uploads\/2022\/12\/AgriSmart_Brochure_DE-1-1.pdf\" target=\"_blank\" rel=\"noreferrer noopener\">Deutsch<\/a><\/p>\n<\/div>\n\n\n\n<div class=\"wp-block-column is-layout-flow wp-block-column-is-layout-flow\">\n<p><a href=\"https:\/\/agri-smart.eu\/wp-content\/uploads\/2022\/12\/AgriSmart_Brochure_PL-1-1.pdf\" target=\"_blank\" rel=\"noreferrer noopener\">Polskie<\/a><\/p>\n\n\n\n<p><a href=\"https:\/\/agri-smart.eu\/wp-content\/uploads\/2022\/12\/AgriSmart_Brochure_SK-1-1.pdf\" target=\"_blank\" rel=\"noreferrer noopener\">Slov\u00e1k<\/a><\/p>\n\n\n\n<p><a href=\"https:\/\/agri-smart.eu\/wp-content\/uploads\/2022\/12\/AgriSmart_Brochure_IT-1-1.pdf\" target=\"_blank\" rel=\"noreferrer noopener\">Italiano<\/a><\/p>\n<\/div>\n<\/div>\n<\/div>\n<\/div>\n\n<div class=\"wp-block-columns is-layout-flex wp-container-core-columns-is-layout-28f84493 wp-block-columns-is-layout-flex\">\n<div class=\"wp-block-column is-layout-flow wp-block-column-is-layout-flow\">\n<h2 class=\"has-text-align-center has-text-color wp-block-heading\" style=\"color:#466c44\">Il poster di AgriSmart<br\/><\/h2>\n\n\n\n<p>Il nostro progetto in sintesi. Scarica qui il poster nella tua lingua:<\/p>\n\n\n\n<div class=\"wp-block-columns is-layout-flex wp-container-core-columns-is-layout-28f84493 wp-block-columns-is-layout-flex\">\n<div class=\"wp-block-column is-layout-flow wp-block-column-is-layout-flow\">\n<p><a href=\"https:\/\/agri-smart.eu\/wp-content\/uploads\/2022\/12\/AgriSmart_poster_EN-1.pdf\" target=\"_blank\" rel=\"noreferrer noopener\">English<\/a><\/p>\n\n\n\n<p><a href=\"https:\/\/agri-smart.eu\/wp-content\/uploads\/2022\/12\/AgriSmart_poster_GR-1.pdf\" target=\"_blank\" rel=\"noreferrer noopener\">\u0395\u03bb\u03bb\u03b7\u03bd\u03b9\u03ba\u03ac<\/a><\/p>\n\n\n\n<p><a href=\"https:\/\/agri-smart.eu\/wp-content\/uploads\/2022\/12\/AgriSmart_poster_FR-1.pdf\" target=\"_blank\" rel=\"noreferrer noopener\">Fran\u00e7ais<\/a><\/p>\n\n\n\n<p><a href=\"https:\/\/agri-smart.eu\/wp-content\/uploads\/2022\/12\/AgriSmart_poster_DE-1.pdf\" target=\"_blank\" rel=\"noreferrer noopener\">Deutsch<\/a><\/p>\n<\/div>\n\n\n\n<div class=\"wp-block-column is-layout-flow wp-block-column-is-layout-flow\">\n<p><a href=\"https:\/\/agri-smart.eu\/wp-content\/uploads\/2022\/12\/AgriSmart_poster_PL-1.pdf\" target=\"_blank\" rel=\"noreferrer noopener\">Polskie<\/a><\/p>\n\n\n\n<p><a href=\"https:\/\/agri-smart.eu\/wp-content\/uploads\/2022\/12\/AgriSmart_poster_SK-1.pdf\" target=\"_blank\" rel=\"noreferrer noopener\">Slov\u00e1k<\/a><\/p>\n\n\n\n<p><a href=\"https:\/\/agri-smart.eu\/wp-content\/uploads\/2022\/12\/AgriSmart_poster_IT-1.pdf\" target=\"_blank\" rel=\"noreferrer noopener\">Italiano<\/a><\/p>\n<\/div>\n<\/div>\n<\/div>\n\n\n\n<div class=\"wp-block-column is-layout-flow wp-block-column-is-layout-flow\">\n<figure class=\"wp-block-image size-large\"><img decoding=\"async\" src=\"https:\/\/agri-smart.eu\/wp-content\/uploads\/2022\/12\/1_8GLFTX7FkOEtcHXLouu87g-1-1024x410.jpeg\" alt=\"\" class=\"wp-image-30\"\/><\/figure><\/div>\n<\/div>\n","protected":false},"excerpt":{"rendered":"<p>&#8220;Il progetto Erasmus + AgriSmart \u00e8 il risultato di una partnership strategica di 6 Paesi europei, con l&#8217;obiettivo di adattare l&#8217;offerta di formazione professionale (VET) e basata sul lavoro (Work-Based Learning) alle esigenze occupazionali esistenti ed emergenti, e di migliorare le competenze degli agricoltori su digitale e la sostenibilit\u00e0 in agricoltura.&#8221; Riguardo il progetto L&#8217;Unione &hellip; <\/p>\n<p class=\"link-more\"><a href=\"https:\/\/agri-smart.eu\/it\/\" class=\"more-link\">Leggi tutto<span class=\"screen-reader-text\"> &#8220;IL PROGETTO&#8221;<\/span><\/a><\/p>\n","protected":false},"author":4,"featured_media":0,"parent":0,"menu_order":0,"comment_status":"closed","ping_status":"closed","template":"","meta":{"inspiro_hide_title":false,"footnotes":""},"class_list":["post-14313","page","type-page","status-publish","hentry"],"yoast_head":"<!-- This site is optimized with the Yoast SEO plugin v27.5 - https:\/\/yoast.com\/product\/yoast-seo-wordpress\/ -->\n<title>IL PROGETTO - Agrismart project<\/title>\n<meta name=\"robots\" content=\"index, follow, max-snippet:-1, max-image-preview:large, max-video-preview:-1\" \/>\n<link rel=\"canonical\" href=\"https:\/\/agri-smart.eu\/it\/\" \/>\n<meta property=\"og:locale\" content=\"it_IT\" \/>\n<meta property=\"og:type\" content=\"article\" \/>\n<meta property=\"og:title\" content=\"IL PROGETTO - Agrismart project\" \/>\n<meta property=\"og:description\" content=\"&#8220;Il progetto Erasmus + AgriSmart \u00e8 il risultato di una partnership strategica di 6 Paesi europei, con l&#8217;obiettivo di adattare l&#8217;offerta di formazione professionale (VET) e basata sul lavoro (Work-Based Learning) alle esigenze occupazionali esistenti ed emergenti, e di migliorare le competenze degli agricoltori su digitale e la sostenibilit\u00e0 in agricoltura.&#8221; Riguardo il progetto L&#8217;Unione &hellip; Leggi tutto &quot;IL PROGETTO&quot;\" \/>\n<meta property=\"og:url\" content=\"https:\/\/agri-smart.eu\/it\/\" \/>\n<meta property=\"og:site_name\" content=\"Agrismart project\" \/>\n<meta property=\"article:publisher\" content=\"https:\/\/www.facebook.com\/AgriSmartErasmus\" \/>\n<meta property=\"article:modified_time\" content=\"2023-01-19T14:12:51+00:00\" \/>\n<meta property=\"og:image\" content=\"https:\/\/agri-smart.eu\/wp-content\/uploads\/2022\/12\/5a3884ba3bbd136093e94aee3753cac14123af5eada4509fc84e67e6a84a7c864a4978d1f3f9d567575d88c09a0890848fcf588d1d169e6c1feb84_1280-1-1024x682.jpg\" \/>\n<meta name=\"twitter:card\" content=\"summary_large_image\" \/>\n<meta name=\"twitter:site\" content=\"@AgrismartEu\" \/>\n<meta name=\"twitter:label1\" content=\"Tempo di lettura stimato\" \/>\n\t<meta name=\"twitter:data1\" content=\"4 minuti\" \/>\n<script type=\"application\/ld+json\" class=\"yoast-schema-graph\">{\"@context\":\"https:\\\/\\\/schema.org\",\"@graph\":[{\"@type\":\"WebPage\",\"@id\":\"https:\\\/\\\/agri-smart.eu\\\/it\\\/\",\"url\":\"https:\\\/\\\/agri-smart.eu\\\/it\\\/\",\"name\":\"IL PROGETTO - Agrismart project\",\"isPartOf\":{\"@id\":\"https:\\\/\\\/agri-smart.eu\\\/it\\\/#website\"},\"primaryImageOfPage\":{\"@id\":\"https:\\\/\\\/agri-smart.eu\\\/it\\\/#primaryimage\"},\"image\":{\"@id\":\"https:\\\/\\\/agri-smart.eu\\\/it\\\/#primaryimage\"},\"thumbnailUrl\":\"https:\\\/\\\/agri-smart.eu\\\/wp-content\\\/uploads\\\/2022\\\/12\\\/5a3884ba3bbd136093e94aee3753cac14123af5eada4509fc84e67e6a84a7c864a4978d1f3f9d567575d88c09a0890848fcf588d1d169e6c1feb84_1280-1-1024x682.jpg\",\"datePublished\":\"2022-12-09T08:59:28+00:00\",\"dateModified\":\"2023-01-19T14:12:51+00:00\",\"breadcrumb\":{\"@id\":\"https:\\\/\\\/agri-smart.eu\\\/it\\\/#breadcrumb\"},\"inLanguage\":\"it-IT\",\"potentialAction\":[{\"@type\":\"ReadAction\",\"target\":[\"https:\\\/\\\/agri-smart.eu\\\/it\\\/\"]}]},{\"@type\":\"ImageObject\",\"inLanguage\":\"it-IT\",\"@id\":\"https:\\\/\\\/agri-smart.eu\\\/it\\\/#primaryimage\",\"url\":\"https:\\\/\\\/agri-smart.eu\\\/wp-content\\\/uploads\\\/2022\\\/12\\\/5a3884ba3bbd136093e94aee3753cac14123af5eada4509fc84e67e6a84a7c864a4978d1f3f9d567575d88c09a0890848fcf588d1d169e6c1feb84_1280-1-1024x682.jpg\",\"contentUrl\":\"https:\\\/\\\/agri-smart.eu\\\/wp-content\\\/uploads\\\/2022\\\/12\\\/5a3884ba3bbd136093e94aee3753cac14123af5eada4509fc84e67e6a84a7c864a4978d1f3f9d567575d88c09a0890848fcf588d1d169e6c1feb84_1280-1-1024x682.jpg\"},{\"@type\":\"BreadcrumbList\",\"@id\":\"https:\\\/\\\/agri-smart.eu\\\/it\\\/#breadcrumb\",\"itemListElement\":[{\"@type\":\"ListItem\",\"position\":1,\"name\":\"Home\",\"item\":\"https:\\\/\\\/agri-smart.eu\\\/it\\\/il-progetto\\\/\"},{\"@type\":\"ListItem\",\"position\":2,\"name\":\"IL PROGETTO\"}]},{\"@type\":\"WebSite\",\"@id\":\"https:\\\/\\\/agri-smart.eu\\\/it\\\/#website\",\"url\":\"https:\\\/\\\/agri-smart.eu\\\/it\\\/\",\"name\":\"Agrismart project\",\"description\":\"Sustainability and Digital Skills for the Agriculture Sector\",\"publisher\":{\"@id\":\"https:\\\/\\\/agri-smart.eu\\\/it\\\/#organization\"},\"potentialAction\":[{\"@type\":\"SearchAction\",\"target\":{\"@type\":\"EntryPoint\",\"urlTemplate\":\"https:\\\/\\\/agri-smart.eu\\\/it\\\/?s={search_term_string}\"},\"query-input\":{\"@type\":\"PropertyValueSpecification\",\"valueRequired\":true,\"valueName\":\"search_term_string\"}}],\"inLanguage\":\"it-IT\"},{\"@type\":\"Organization\",\"@id\":\"https:\\\/\\\/agri-smart.eu\\\/it\\\/#organization\",\"name\":\"Agrismart project\",\"url\":\"https:\\\/\\\/agri-smart.eu\\\/it\\\/\",\"logo\":{\"@type\":\"ImageObject\",\"inLanguage\":\"it-IT\",\"@id\":\"https:\\\/\\\/agri-smart.eu\\\/it\\\/#\\\/schema\\\/logo\\\/image\\\/\",\"url\":\"https:\\\/\\\/agri-smart.eu\\\/wp-content\\\/uploads\\\/2022\\\/12\\\/AgriSmart_logo_Final-1.png\",\"contentUrl\":\"https:\\\/\\\/agri-smart.eu\\\/wp-content\\\/uploads\\\/2022\\\/12\\\/AgriSmart_logo_Final-1.png\",\"width\":443,\"height\":438,\"caption\":\"Agrismart project\"},\"image\":{\"@id\":\"https:\\\/\\\/agri-smart.eu\\\/it\\\/#\\\/schema\\\/logo\\\/image\\\/\"},\"sameAs\":[\"https:\\\/\\\/www.facebook.com\\\/AgriSmartErasmus\",\"https:\\\/\\\/x.com\\\/AgrismartEu\"]}]}<\/script>\n<!-- \/ Yoast SEO plugin. -->","yoast_head_json":{"title":"IL PROGETTO - Agrismart project","robots":{"index":"index","follow":"follow","max-snippet":"max-snippet:-1","max-image-preview":"max-image-preview:large","max-video-preview":"max-video-preview:-1"},"canonical":"https:\/\/agri-smart.eu\/it\/","og_locale":"it_IT","og_type":"article","og_title":"IL PROGETTO - Agrismart project","og_description":"&#8220;Il progetto Erasmus + AgriSmart \u00e8 il risultato di una partnership strategica di 6 Paesi europei, con l&#8217;obiettivo di adattare l&#8217;offerta di formazione professionale (VET) e basata sul lavoro (Work-Based Learning) alle esigenze occupazionali esistenti ed emergenti, e di migliorare le competenze degli agricoltori su digitale e la sostenibilit\u00e0 in agricoltura.&#8221; Riguardo il progetto L&#8217;Unione &hellip; Leggi tutto \"IL PROGETTO\"","og_url":"https:\/\/agri-smart.eu\/it\/","og_site_name":"Agrismart project","article_publisher":"https:\/\/www.facebook.com\/AgriSmartErasmus","article_modified_time":"2023-01-19T14:12:51+00:00","og_image":[{"url":"https:\/\/agri-smart.eu\/wp-content\/uploads\/2022\/12\/5a3884ba3bbd136093e94aee3753cac14123af5eada4509fc84e67e6a84a7c864a4978d1f3f9d567575d88c09a0890848fcf588d1d169e6c1feb84_1280-1-1024x682.jpg","type":"","width":"","height":""}],"twitter_card":"summary_large_image","twitter_site":"@AgrismartEu","twitter_misc":{"Tempo di lettura stimato":"4 minuti"},"schema":{"@context":"https:\/\/schema.org","@graph":[{"@type":"WebPage","@id":"https:\/\/agri-smart.eu\/it\/","url":"https:\/\/agri-smart.eu\/it\/","name":"IL PROGETTO - Agrismart project","isPartOf":{"@id":"https:\/\/agri-smart.eu\/it\/#website"},"primaryImageOfPage":{"@id":"https:\/\/agri-smart.eu\/it\/#primaryimage"},"image":{"@id":"https:\/\/agri-smart.eu\/it\/#primaryimage"},"thumbnailUrl":"https:\/\/agri-smart.eu\/wp-content\/uploads\/2022\/12\/5a3884ba3bbd136093e94aee3753cac14123af5eada4509fc84e67e6a84a7c864a4978d1f3f9d567575d88c09a0890848fcf588d1d169e6c1feb84_1280-1-1024x682.jpg","datePublished":"2022-12-09T08:59:28+00:00","dateModified":"2023-01-19T14:12:51+00:00","breadcrumb":{"@id":"https:\/\/agri-smart.eu\/it\/#breadcrumb"},"inLanguage":"it-IT","potentialAction":[{"@type":"ReadAction","target":["https:\/\/agri-smart.eu\/it\/"]}]},{"@type":"ImageObject","inLanguage":"it-IT","@id":"https:\/\/agri-smart.eu\/it\/#primaryimage","url":"https:\/\/agri-smart.eu\/wp-content\/uploads\/2022\/12\/5a3884ba3bbd136093e94aee3753cac14123af5eada4509fc84e67e6a84a7c864a4978d1f3f9d567575d88c09a0890848fcf588d1d169e6c1feb84_1280-1-1024x682.jpg","contentUrl":"https:\/\/agri-smart.eu\/wp-content\/uploads\/2022\/12\/5a3884ba3bbd136093e94aee3753cac14123af5eada4509fc84e67e6a84a7c864a4978d1f3f9d567575d88c09a0890848fcf588d1d169e6c1feb84_1280-1-1024x682.jpg"},{"@type":"BreadcrumbList","@id":"https:\/\/agri-smart.eu\/it\/#breadcrumb","itemListElement":[{"@type":"ListItem","position":1,"name":"Home","item":"https:\/\/agri-smart.eu\/it\/il-progetto\/"},{"@type":"ListItem","position":2,"name":"IL PROGETTO"}]},{"@type":"WebSite","@id":"https:\/\/agri-smart.eu\/it\/#website","url":"https:\/\/agri-smart.eu\/it\/","name":"Agrismart project","description":"Sustainability and Digital Skills for the Agriculture Sector","publisher":{"@id":"https:\/\/agri-smart.eu\/it\/#organization"},"potentialAction":[{"@type":"SearchAction","target":{"@type":"EntryPoint","urlTemplate":"https:\/\/agri-smart.eu\/it\/?s={search_term_string}"},"query-input":{"@type":"PropertyValueSpecification","valueRequired":true,"valueName":"search_term_string"}}],"inLanguage":"it-IT"},{"@type":"Organization","@id":"https:\/\/agri-smart.eu\/it\/#organization","name":"Agrismart project","url":"https:\/\/agri-smart.eu\/it\/","logo":{"@type":"ImageObject","inLanguage":"it-IT","@id":"https:\/\/agri-smart.eu\/it\/#\/schema\/logo\/image\/","url":"https:\/\/agri-smart.eu\/wp-content\/uploads\/2022\/12\/AgriSmart_logo_Final-1.png","contentUrl":"https:\/\/agri-smart.eu\/wp-content\/uploads\/2022\/12\/AgriSmart_logo_Final-1.png","width":443,"height":438,"caption":"Agrismart project"},"image":{"@id":"https:\/\/agri-smart.eu\/it\/#\/schema\/logo\/image\/"},"sameAs":["https:\/\/www.facebook.com\/AgriSmartErasmus","https:\/\/x.com\/AgrismartEu"]}]}},"featured_media_urls":[],"_links":{"self":[{"href":"https:\/\/agri-smart.eu\/it\/wp-json\/wp\/v2\/pages\/14313","targetHints":{"allow":["GET"]}}],"collection":[{"href":"https:\/\/agri-smart.eu\/it\/wp-json\/wp\/v2\/pages"}],"about":[{"href":"https:\/\/agri-smart.eu\/it\/wp-json\/wp\/v2\/types\/page"}],"author":[{"embeddable":true,"href":"https:\/\/agri-smart.eu\/it\/wp-json\/wp\/v2\/users\/4"}],"replies":[{"embeddable":true,"href":"https:\/\/agri-smart.eu\/it\/wp-json\/wp\/v2\/comments?post=14313"}],"version-history":[{"count":1,"href":"https:\/\/agri-smart.eu\/it\/wp-json\/wp\/v2\/pages\/14313\/revisions"}],"predecessor-version":[{"id":14314,"href":"https:\/\/agri-smart.eu\/it\/wp-json\/wp\/v2\/pages\/14313\/revisions\/14314"}],"wp:attachment":[{"href":"https:\/\/agri-smart.eu\/it\/wp-json\/wp\/v2\/media?parent=14313"}],"curies":[{"name":"wp","href":"https:\/\/api.w.org\/{rel}","templated":true}]}}