{"id":14311,"date":"2022-12-12T12:35:18","date_gmt":"2022-12-12T12:35:18","guid":{"rendered":"https:\/\/agri-smart.eu\/risultati\/"},"modified":"2026-02-18T08:46:52","modified_gmt":"2026-02-18T08:46:52","slug":"risultati","status":"publish","type":"page","link":"https:\/\/agri-smart.eu\/it\/risultati\/","title":{"rendered":"RISULTATI"},"content":{"rendered":"\n<div class=\"wp-block-columns is-layout-flex wp-container-core-columns-is-layout-28f84493 wp-block-columns-is-layout-flex\">\n<div class=\"wp-block-column is-layout-flow wp-block-column-is-layout-flow\">\n<figure class=\"wp-block-image size-large\"><img decoding=\"async\" src=\"https:\/\/agri-smart.eu\/wp-content\/uploads\/2022\/12\/pexels-photo-247819-3-1-1024x595.jpeg\" alt=\"\" class=\"wp-image-24\"\/><\/figure>\n\n\n\n<h2 class=\"wp-block-heading\"><strong>1. Unit\u00e0 formative e risultati basati sugli effetti bisogni del settore per lo sviluppo di competenze digitali e di sostenibilit\u00e0 in agricoltura.<\/strong><\/h2>\n\n\n\n<p>Questo risultato definir\u00e0 i processi formativi aggiornati e appositamente sviluppati per il settore agricolo, riguardo a tecniche di lavoro sostenibili grazie all&#8217;uso di soluzioni digitali. Fornir\u00e0 indicazioni su quanto i lavoratori necessitano di conoscere, comprendere ed essere in grado di fare al termine del programma di formazione di AgriSmart. <\/p>\n\n\n\n<div class=\"wp-block-buttons is-layout-flex wp-block-buttons-is-layout-flex\">\n<div class=\"wp-block-button aligncenter\"><a class=\"wp-block-button__link wp-element-button\" href=\"https:\/\/agri-smart.eu\/wp-content\/uploads\/2022\/12\/O1_T4_LearningOutputReport-1.pdf\" target=\"_blank\" rel=\"noreferrer noopener\">Learning Outcomes report<\/a><\/div>\n<\/div>\n<\/div>\n\n\n\n<div class=\"wp-block-column is-layout-flow wp-block-column-is-layout-flow\">\n<figure class=\"wp-block-image size-large is-resized\"><img decoding=\"async\" src=\"https:\/\/agri-smart.eu\/wp-content\/uploads\/2022\/12\/syllabus_2_1-1-e1671186576183-1024x556.jpg\" alt=\"\" class=\"wp-image-6943\" style=\"width:403px;height:218px\"\/><\/figure>\n\n\n\n<h2 class=\"wp-block-heading\"><strong>2. Una struttuta curriculare a moduli (Syllabus), materiali di apprendimento e verifica delle competenze, indicazioni educative<\/strong><\/h2>\n\n\n\n<p>Questo risultato svilupper\u00e0 una struttura di curriculum modulare (Syllabus) che pu\u00f2 essere utilizzata dai formatori professionali e dagli agricoltori che desiderano sviluppare le proprie competenze digitali e di sostenibilit\u00e0. Inoltre, questo output include la creazione di un insieme di risorse tra cui indicazioni educative, materiali per l&#8217;apprendimento e la valutazione, progettati per supportare l&#8217;erogazione del corso AGRISMART nelle offerte di formazione professionale. Lo scopo principale \u00e8 quello di facilitare l&#8217;acquisizione di competenze digitali e di sostenibilit\u00e0 nel settore agricolo.  <\/p>\n\n\n\n<div class=\"wp-block-buttons is-layout-flex wp-block-buttons-is-layout-flex\">\n<div class=\"wp-block-button aligncenter\"><a class=\"wp-block-button__link wp-element-button\" href=\"https:\/\/agri-smart.eu\/wp-content\/uploads\/2023\/06\/O2_T1_AgriSmart_curriculum_final_ITA_DEF.pdf\" target=\"_blank\" rel=\"noreferrer noopener\">CURRICULUM MODULARE<\/a><\/div>\n\n\n\n<div class=\"wp-block-button aligncenter\"><a class=\"wp-block-button__link wp-element-button\" href=\"https:\/\/agri-smart.eu\/wp-content\/uploads\/2026\/02\/O2-T2_final_ITA_DEF_FINAL_.pdf\" target=\"_blank\" rel=\"noreferrer noopener\">MATERIALE DI APPRENDIMENTO E VALUTAZIONE<\/a><\/div>\n\n\n\n<div class=\"wp-block-button aligncenter\"><a class=\"wp-block-button__link wp-element-button\" href=\"https:\/\/agri-smart.eu\/wp-content\/uploads\/2023\/05\/O2_T3_FINAL_ITA_DEF-1.pdf\" target=\"_blank\" rel=\"noreferrer noopener\">TRAINERS HANDBOOK<\/a><\/div>\n<\/div>\n<\/div>\n<\/div>\n\n\n\n<div class=\"wp-block-columns is-layout-flex wp-container-core-columns-is-layout-28f84493 wp-block-columns-is-layout-flex\">\n<div class=\"wp-block-column is-layout-flow wp-block-column-is-layout-flow\">\n<figure class=\"wp-block-image size-large\"><img decoding=\"async\" src=\"https:\/\/agri-smart.eu\/wp-content\/uploads\/2022\/12\/copy-of-lk_books_harlan-108_wide-0de53ac74a75eaa61a975b7b02b83f1cd1a18ba5-1-1024x576.jpg\" alt=\"\" class=\"wp-image-21\"\/><\/figure>\n\n\n\n<h2 class=\"wp-block-heading\"><strong>3. Creazione di materiale pedagogico, come risorse educative liberamente accessibili<\/strong><\/h2>\n\n\n\n<p>Le risorse sviluppare saranno pensate per l&#8217;integrazione nelle offerte professionali per l&#8217;apprendimento indipendente, soddisfando i bisogni di neolavoratori e di quelli pi\u00f9 esperti. Le risorse AGRISMART saranno disponibili in tutte le lingue di progetto (EN, IT, EL, DE, PL, SK, FR), assicurando una vasta diffusione geografica. L&#8217;accesso e l&#8217;uso delle risorse sar\u00e0 libero.  <\/p>\n\n\n\n<div class=\"wp-block-buttons is-layout-flex wp-block-buttons-is-layout-flex\">\n<div class=\"wp-block-button\"><a class=\"wp-block-button__link wp-element-button\" href=\"https:\/\/agri-smart.eu\/wp-content\/uploads\/2026\/02\/IT-Master_Agrismart-e-book_.pdf\" target=\"_blank\" rel=\"noreferrer noopener\">Scarica l&#8217;e-book AGRISMART Learner in italiano<\/a><\/div>\n<\/div>\n\n\n\n<div style=\"height:25px\" aria-hidden=\"true\" class=\"wp-block-spacer\"><\/div>\n<\/div>\n\n\n\n<div class=\"wp-block-column is-layout-flow wp-block-column-is-layout-flow\">\n<figure class=\"wp-block-image size-large\"><img decoding=\"async\" src=\"https:\/\/agri-smart.eu\/wp-content\/uploads\/2022\/12\/Free-Online-Course-1-1024x684.jpg\" alt=\"\" class=\"wp-image-23\"\/><\/figure>\n\n\n\n<h2 class=\"wp-block-heading\"><strong>4. Struttura e contenuti per il VOOC (Vocational Open Online Course) AGRISMART<\/strong><\/h2>\n\n\n\n<p>Il VOOC comprender\u00e0 le unit\u00e0 di apprendimento del progetto e materiali di formazione e valutazione prodotti durante il progetto, nella loro forma online, adatti per l&#8217;apprendimento indipendente e guidato.<\/p>\n\n\n\n<div class=\"wp-block-buttons is-layout-flex wp-block-buttons-is-layout-flex\">\n<div class=\"wp-block-button aligncenter\"><a class=\"wp-block-button__link wp-element-button\" href=\"https:\/\/erasmusmoocs.thinkific.com\/courses\/agrismart-sustainability-and-digital-skills-for-the-agricultural-sector-italian-version\" target=\"_blank\" rel=\"noreferrer noopener\">Accedere al VOOC<\/a><\/div>\n<\/div>\n<\/div>\n<\/div>\n\n\n\n<div class=\"wp-block-columns is-layout-flex wp-container-core-columns-is-layout-28f84493 wp-block-columns-is-layout-flex\">\n<div class=\"wp-block-column is-layout-flow wp-block-column-is-layout-flow\">\n<figure class=\"wp-block-image size-large\"><img decoding=\"async\" src=\"https:\/\/agri-smart.eu\/wp-content\/uploads\/2022\/12\/dark-mode-email-toolkit-1-1024x538.jpg\" alt=\"\" class=\"wp-image-22\"\/><\/figure>\n\n\n\n<h2 class=\"wp-block-heading\"><strong>5. Guida del Mentore AGRISMART per l&#8217;integrazione delle risorse formative nelle pratiche di apprendimento<\/strong>  <\/h2>\n\n\n\n<p>L&#8217;obiettivo della guida \u00e8 facilitare l&#8217;acquisizione di competenze digitali e di sostenibilit\u00e0. La guida sar\u00e0 rivolta a professionisti esperti che partecipano o vogliono partecipare alle attivit\u00e0 di formazione in qualit\u00e0 di mentori e si applicher\u00e0 a varie forme di formazione (es. I-VET, C-VET, formale\/non formale, con\/senza la partecipazione di formatori).  <\/p>\n\n\n\n<div class=\"wp-block-buttons is-layout-flex wp-block-buttons-is-layout-flex\">\n<div class=\"wp-block-button\"><a class=\"wp-block-button__link wp-element-button\" href=\"https:\/\/agri-smart.eu\/wp-content\/uploads\/2023\/06\/O4-T2-AGRISMART-MENTORS-TOOLBOX-IT.pdf\" target=\"_blank\" rel=\"noreferrer noopener\">SCARICA L&#8217;GUIDA PER MENTORI AGRISMART<\/a><\/div>\n<\/div>\n<\/div>\n\n\n\n<div class=\"wp-block-column is-layout-flow wp-block-column-is-layout-flow\">\n<figure class=\"wp-block-image size-large\"><img decoding=\"async\" src=\"https:\/\/agri-smart.eu\/wp-content\/uploads\/2022\/12\/2x-1-1024x439.png\" alt=\"\" class=\"wp-image-20\"\/><\/figure>\n\n\n\n<h2 class=\"wp-block-heading\"><strong>6. Schema di promozione per l&#8217;adozione di competenze digitali e di sostenibilit\u00e0 nelle offerte di formazione professionale e nelle politiche regionali.<\/strong>   <\/h2>\n\n\n\n<p>This output comprises the formation of a framework to promote the integration of climate smart and digital skills development in VET offerings and regional policies. The purpose of this output is to identify important aspects (i.e. administrative, organisational, financial, awareness raising) that are relevant to the setup, introduction, and running of agriculture WBL schemes.<\/p>\n\n\n\n<div class=\"wp-block-buttons is-layout-flex wp-block-buttons-is-layout-flex\">\n<div class=\"wp-block-button\"><a class=\"wp-block-button__link wp-element-button\" href=\"https:\/\/agri-smart.eu\/wp-content\/uploads\/2023\/06\/AgriSmart_Position-Paper_IT.pdf\" target=\"_blank\" rel=\"noreferrer noopener\">Download the position paper(IT)<\/a><\/div>\n<\/div>\n<\/div>\n<\/div>\n","protected":false},"excerpt":{"rendered":"<p>1. Unit\u00e0 formative e risultati basati sugli effetti bisogni del settore per lo sviluppo di competenze digitali e di sostenibilit\u00e0 in agricoltura. Questo risultato definir\u00e0 i processi formativi aggiornati e appositamente sviluppati per il settore agricolo, riguardo a tecniche di lavoro sostenibili grazie all&#8217;uso di soluzioni digitali. Fornir\u00e0 indicazioni su quanto i lavoratori necessitano di &hellip; <\/p>\n<p class=\"link-more\"><a href=\"https:\/\/agri-smart.eu\/it\/risultati\/\" class=\"more-link\">Leggi tutto<span class=\"screen-reader-text\"> &#8220;RISULTATI&#8221;<\/span><\/a><\/p>\n","protected":false},"author":4,"featured_media":0,"parent":0,"menu_order":0,"comment_status":"closed","ping_status":"closed","template":"","meta":{"inspiro_hide_title":false,"footnotes":""},"class_list":["post-14311","page","type-page","status-publish","hentry"],"yoast_head":"<!-- This site is optimized with the Yoast SEO plugin v27.4 - https:\/\/yoast.com\/product\/yoast-seo-wordpress\/ -->\n<title>RISULTATI - Agrismart project<\/title>\n<meta name=\"robots\" content=\"index, follow, max-snippet:-1, max-image-preview:large, max-video-preview:-1\" \/>\n<link rel=\"canonical\" href=\"https:\/\/agri-smart.eu\/it\/risultati\/\" \/>\n<meta property=\"og:locale\" content=\"it_IT\" \/>\n<meta property=\"og:type\" content=\"article\" \/>\n<meta property=\"og:title\" content=\"RISULTATI - Agrismart project\" \/>\n<meta property=\"og:description\" content=\"1. Unit\u00e0 formative e risultati basati sugli effetti bisogni del settore per lo sviluppo di competenze digitali e di sostenibilit\u00e0 in agricoltura. Questo risultato definir\u00e0 i processi formativi aggiornati e appositamente sviluppati per il settore agricolo, riguardo a tecniche di lavoro sostenibili grazie all&#8217;uso di soluzioni digitali. Fornir\u00e0 indicazioni su quanto i lavoratori necessitano di &hellip; Leggi tutto &quot;RISULTATI&quot;\" \/>\n<meta property=\"og:url\" content=\"https:\/\/agri-smart.eu\/it\/risultati\/\" \/>\n<meta property=\"og:site_name\" content=\"Agrismart project\" \/>\n<meta property=\"article:publisher\" content=\"https:\/\/www.facebook.com\/AgriSmartErasmus\" \/>\n<meta property=\"article:modified_time\" content=\"2026-02-18T08:46:52+00:00\" \/>\n<meta property=\"og:image\" content=\"https:\/\/agri-smart.eu\/wp-content\/uploads\/2021\/06\/LogosBeneficairesErasmusRIGHT_EN.jpg\" \/>\n\t<meta property=\"og:image:width\" content=\"1\" \/>\n\t<meta property=\"og:image:height\" content=\"1\" \/>\n\t<meta property=\"og:image:type\" content=\"image\/jpeg\" \/>\n<meta name=\"twitter:card\" content=\"summary_large_image\" \/>\n<meta name=\"twitter:site\" content=\"@AgrismartEu\" \/>\n<meta name=\"twitter:label1\" content=\"Tempo di lettura stimato\" \/>\n\t<meta name=\"twitter:data1\" content=\"4 minuti\" \/>\n<script type=\"application\/ld+json\" class=\"yoast-schema-graph\">{\"@context\":\"https:\\\/\\\/schema.org\",\"@graph\":[{\"@type\":\"WebPage\",\"@id\":\"https:\\\/\\\/agri-smart.eu\\\/it\\\/risultati\\\/\",\"url\":\"https:\\\/\\\/agri-smart.eu\\\/it\\\/risultati\\\/\",\"name\":\"RISULTATI - Agrismart project\",\"isPartOf\":{\"@id\":\"https:\\\/\\\/agri-smart.eu\\\/it\\\/#website\"},\"primaryImageOfPage\":{\"@id\":\"https:\\\/\\\/agri-smart.eu\\\/it\\\/risultati\\\/#primaryimage\"},\"image\":{\"@id\":\"https:\\\/\\\/agri-smart.eu\\\/it\\\/risultati\\\/#primaryimage\"},\"thumbnailUrl\":\"https:\\\/\\\/agri-smart.eu\\\/wp-content\\\/uploads\\\/2022\\\/12\\\/pexels-photo-247819-3-1-1024x595.jpeg\",\"datePublished\":\"2022-12-12T12:35:18+00:00\",\"dateModified\":\"2026-02-18T08:46:52+00:00\",\"breadcrumb\":{\"@id\":\"https:\\\/\\\/agri-smart.eu\\\/it\\\/risultati\\\/#breadcrumb\"},\"inLanguage\":\"it-IT\",\"potentialAction\":[{\"@type\":\"ReadAction\",\"target\":[\"https:\\\/\\\/agri-smart.eu\\\/it\\\/risultati\\\/\"]}]},{\"@type\":\"ImageObject\",\"inLanguage\":\"it-IT\",\"@id\":\"https:\\\/\\\/agri-smart.eu\\\/it\\\/risultati\\\/#primaryimage\",\"url\":\"https:\\\/\\\/agri-smart.eu\\\/wp-content\\\/uploads\\\/2022\\\/12\\\/pexels-photo-247819-3-1-1024x595.jpeg\",\"contentUrl\":\"https:\\\/\\\/agri-smart.eu\\\/wp-content\\\/uploads\\\/2022\\\/12\\\/pexels-photo-247819-3-1-1024x595.jpeg\"},{\"@type\":\"BreadcrumbList\",\"@id\":\"https:\\\/\\\/agri-smart.eu\\\/it\\\/risultati\\\/#breadcrumb\",\"itemListElement\":[{\"@type\":\"ListItem\",\"position\":1,\"name\":\"Home\",\"item\":\"https:\\\/\\\/agri-smart.eu\\\/it\\\/il-progetto\\\/\"},{\"@type\":\"ListItem\",\"position\":2,\"name\":\"RISULTATI\"}]},{\"@type\":\"WebSite\",\"@id\":\"https:\\\/\\\/agri-smart.eu\\\/it\\\/#website\",\"url\":\"https:\\\/\\\/agri-smart.eu\\\/it\\\/\",\"name\":\"Agrismart project\",\"description\":\"Sustainability and Digital Skills for the Agriculture Sector\",\"publisher\":{\"@id\":\"https:\\\/\\\/agri-smart.eu\\\/it\\\/#organization\"},\"potentialAction\":[{\"@type\":\"SearchAction\",\"target\":{\"@type\":\"EntryPoint\",\"urlTemplate\":\"https:\\\/\\\/agri-smart.eu\\\/it\\\/?s={search_term_string}\"},\"query-input\":{\"@type\":\"PropertyValueSpecification\",\"valueRequired\":true,\"valueName\":\"search_term_string\"}}],\"inLanguage\":\"it-IT\"},{\"@type\":\"Organization\",\"@id\":\"https:\\\/\\\/agri-smart.eu\\\/it\\\/#organization\",\"name\":\"Agrismart project\",\"url\":\"https:\\\/\\\/agri-smart.eu\\\/it\\\/\",\"logo\":{\"@type\":\"ImageObject\",\"inLanguage\":\"it-IT\",\"@id\":\"https:\\\/\\\/agri-smart.eu\\\/it\\\/#\\\/schema\\\/logo\\\/image\\\/\",\"url\":\"https:\\\/\\\/agri-smart.eu\\\/wp-content\\\/uploads\\\/2022\\\/12\\\/AgriSmart_logo_Final-1.png\",\"contentUrl\":\"https:\\\/\\\/agri-smart.eu\\\/wp-content\\\/uploads\\\/2022\\\/12\\\/AgriSmart_logo_Final-1.png\",\"width\":443,\"height\":438,\"caption\":\"Agrismart project\"},\"image\":{\"@id\":\"https:\\\/\\\/agri-smart.eu\\\/it\\\/#\\\/schema\\\/logo\\\/image\\\/\"},\"sameAs\":[\"https:\\\/\\\/www.facebook.com\\\/AgriSmartErasmus\",\"https:\\\/\\\/x.com\\\/AgrismartEu\"]}]}<\/script>\n<!-- \/ Yoast SEO plugin. -->","yoast_head_json":{"title":"RISULTATI - Agrismart project","robots":{"index":"index","follow":"follow","max-snippet":"max-snippet:-1","max-image-preview":"max-image-preview:large","max-video-preview":"max-video-preview:-1"},"canonical":"https:\/\/agri-smart.eu\/it\/risultati\/","og_locale":"it_IT","og_type":"article","og_title":"RISULTATI - Agrismart project","og_description":"1. Unit\u00e0 formative e risultati basati sugli effetti bisogni del settore per lo sviluppo di competenze digitali e di sostenibilit\u00e0 in agricoltura. Questo risultato definir\u00e0 i processi formativi aggiornati e appositamente sviluppati per il settore agricolo, riguardo a tecniche di lavoro sostenibili grazie all&#8217;uso di soluzioni digitali. Fornir\u00e0 indicazioni su quanto i lavoratori necessitano di &hellip; Leggi tutto \"RISULTATI\"","og_url":"https:\/\/agri-smart.eu\/it\/risultati\/","og_site_name":"Agrismart project","article_publisher":"https:\/\/www.facebook.com\/AgriSmartErasmus","article_modified_time":"2026-02-18T08:46:52+00:00","og_image":[{"url":"https:\/\/agri-smart.eu\/wp-content\/uploads\/2021\/06\/LogosBeneficairesErasmusRIGHT_EN.jpg","width":1,"height":1,"type":"image\/jpeg"}],"twitter_card":"summary_large_image","twitter_site":"@AgrismartEu","twitter_misc":{"Tempo di lettura stimato":"4 minuti"},"schema":{"@context":"https:\/\/schema.org","@graph":[{"@type":"WebPage","@id":"https:\/\/agri-smart.eu\/it\/risultati\/","url":"https:\/\/agri-smart.eu\/it\/risultati\/","name":"RISULTATI - Agrismart project","isPartOf":{"@id":"https:\/\/agri-smart.eu\/it\/#website"},"primaryImageOfPage":{"@id":"https:\/\/agri-smart.eu\/it\/risultati\/#primaryimage"},"image":{"@id":"https:\/\/agri-smart.eu\/it\/risultati\/#primaryimage"},"thumbnailUrl":"https:\/\/agri-smart.eu\/wp-content\/uploads\/2022\/12\/pexels-photo-247819-3-1-1024x595.jpeg","datePublished":"2022-12-12T12:35:18+00:00","dateModified":"2026-02-18T08:46:52+00:00","breadcrumb":{"@id":"https:\/\/agri-smart.eu\/it\/risultati\/#breadcrumb"},"inLanguage":"it-IT","potentialAction":[{"@type":"ReadAction","target":["https:\/\/agri-smart.eu\/it\/risultati\/"]}]},{"@type":"ImageObject","inLanguage":"it-IT","@id":"https:\/\/agri-smart.eu\/it\/risultati\/#primaryimage","url":"https:\/\/agri-smart.eu\/wp-content\/uploads\/2022\/12\/pexels-photo-247819-3-1-1024x595.jpeg","contentUrl":"https:\/\/agri-smart.eu\/wp-content\/uploads\/2022\/12\/pexels-photo-247819-3-1-1024x595.jpeg"},{"@type":"BreadcrumbList","@id":"https:\/\/agri-smart.eu\/it\/risultati\/#breadcrumb","itemListElement":[{"@type":"ListItem","position":1,"name":"Home","item":"https:\/\/agri-smart.eu\/it\/il-progetto\/"},{"@type":"ListItem","position":2,"name":"RISULTATI"}]},{"@type":"WebSite","@id":"https:\/\/agri-smart.eu\/it\/#website","url":"https:\/\/agri-smart.eu\/it\/","name":"Agrismart project","description":"Sustainability and Digital Skills for the Agriculture Sector","publisher":{"@id":"https:\/\/agri-smart.eu\/it\/#organization"},"potentialAction":[{"@type":"SearchAction","target":{"@type":"EntryPoint","urlTemplate":"https:\/\/agri-smart.eu\/it\/?s={search_term_string}"},"query-input":{"@type":"PropertyValueSpecification","valueRequired":true,"valueName":"search_term_string"}}],"inLanguage":"it-IT"},{"@type":"Organization","@id":"https:\/\/agri-smart.eu\/it\/#organization","name":"Agrismart project","url":"https:\/\/agri-smart.eu\/it\/","logo":{"@type":"ImageObject","inLanguage":"it-IT","@id":"https:\/\/agri-smart.eu\/it\/#\/schema\/logo\/image\/","url":"https:\/\/agri-smart.eu\/wp-content\/uploads\/2022\/12\/AgriSmart_logo_Final-1.png","contentUrl":"https:\/\/agri-smart.eu\/wp-content\/uploads\/2022\/12\/AgriSmart_logo_Final-1.png","width":443,"height":438,"caption":"Agrismart project"},"image":{"@id":"https:\/\/agri-smart.eu\/it\/#\/schema\/logo\/image\/"},"sameAs":["https:\/\/www.facebook.com\/AgriSmartErasmus","https:\/\/x.com\/AgrismartEu"]}]}},"featured_media_urls":[],"_links":{"self":[{"href":"https:\/\/agri-smart.eu\/it\/wp-json\/wp\/v2\/pages\/14311","targetHints":{"allow":["GET"]}}],"collection":[{"href":"https:\/\/agri-smart.eu\/it\/wp-json\/wp\/v2\/pages"}],"about":[{"href":"https:\/\/agri-smart.eu\/it\/wp-json\/wp\/v2\/types\/page"}],"author":[{"embeddable":true,"href":"https:\/\/agri-smart.eu\/it\/wp-json\/wp\/v2\/users\/4"}],"replies":[{"embeddable":true,"href":"https:\/\/agri-smart.eu\/it\/wp-json\/wp\/v2\/comments?post=14311"}],"version-history":[{"count":9,"href":"https:\/\/agri-smart.eu\/it\/wp-json\/wp\/v2\/pages\/14311\/revisions"}],"predecessor-version":[{"id":17375,"href":"https:\/\/agri-smart.eu\/it\/wp-json\/wp\/v2\/pages\/14311\/revisions\/17375"}],"wp:attachment":[{"href":"https:\/\/agri-smart.eu\/it\/wp-json\/wp\/v2\/media?parent=14311"}],"curies":[{"name":"wp","href":"https:\/\/api.w.org\/{rel}","templated":true}]}}