{"id":14265,"date":"2022-12-12T12:57:56","date_gmt":"2022-12-12T12:57:56","guid":{"rendered":"https:\/\/agri-smart.eu\/contact\/"},"modified":"2023-05-29T10:49:17","modified_gmt":"2023-05-29T10:49:17","slug":"contact","status":"publish","type":"page","link":"https:\/\/agri-smart.eu\/fr\/contact\/","title":{"rendered":"Durabilit\u00e9"},"content":{"rendered":"\n<figure class=\"wp-block-image size-large\"><img fetchpriority=\"high\" decoding=\"async\" width=\"1024\" height=\"683\" src=\"https:\/\/agri-smart.eu\/wp-content\/uploads\/2023\/03\/pexels-tim-mossholder-974314-1-1-1024x683.jpg\" alt=\"\" class=\"wp-image-15188\" srcset=\"https:\/\/agri-smart.eu\/wp-content\/uploads\/2023\/03\/pexels-tim-mossholder-974314-1-1-1024x683.jpg 1024w, https:\/\/agri-smart.eu\/wp-content\/uploads\/2023\/03\/pexels-tim-mossholder-974314-1-1-300x200.jpg 300w, https:\/\/agri-smart.eu\/wp-content\/uploads\/2023\/03\/pexels-tim-mossholder-974314-1-1-768x512.jpg 768w, https:\/\/agri-smart.eu\/wp-content\/uploads\/2023\/03\/pexels-tim-mossholder-974314-1-1-1536x1024.jpg 1536w, https:\/\/agri-smart.eu\/wp-content\/uploads\/2023\/03\/pexels-tim-mossholder-974314-1-1-600x400.jpg 600w, https:\/\/agri-smart.eu\/wp-content\/uploads\/2023\/03\/pexels-tim-mossholder-974314-1-1.jpg 1920w\" sizes=\"(max-width: 1024px) 100vw, 1024px\" \/><\/figure>\n\n\n\n<p>Vous pouvez ici consulter et t\u00e9l\u00e9charger les produits livrables ci-dessous.<\/p>\n\n\n\n<ul class=\"wp-block-list\">\n<li><a href=\"https:\/\/agri-smart.eu\/wp-content\/uploads\/2023\/05\/Agenda-template-AgriSmart_FR.docx\" target=\"_blank\" rel=\"noreferrer noopener\">Mod\u00e8le d&rsquo;agenda AgriSmart<\/a><\/li>\n\n\n\n<li><a href=\"https:\/\/agri-smart.eu\/wp-content\/uploads\/2023\/05\/Attendance-Register-AgriSmart-FR.xlsx\" target=\"_blank\" rel=\"noreferrer noopener\">Suivi et enregistrement AgriSmart<\/a><\/li>\n\n\n\n<li><a href=\"https:\/\/agri-smart.eu\/wp-content\/uploads\/2023\/05\/Course_certificate_Template-AgriSmart_FR.docx\" target=\"_blank\" rel=\"noreferrer noopener\">Certificat _ Mod\u00e8le AgriSmart<\/a><\/li>\n\n\n\n<li><a href=\"https:\/\/agri-smart.eu\/wp-content\/uploads\/2023\/05\/Course-Guidelines-AgriSmart_FR.docx\" target=\"_blank\" rel=\"noreferrer noopener\">Lignes directrices du cours AgriSmart<\/a><\/li>\n\n\n\n<li><a href=\"https:\/\/agri-smart.eu\/wp-content\/uploads\/2023\/05\/Course-Planning-Schedule-Template-AgriSmart_FR.xlsx\" target=\"_blank\" rel=\"noreferrer noopener\">Cours &#8211; Planification &#8211; Calendrier &#8211; Mod\u00e8le AgriSmart<\/a><\/li>\n\n\n\n<li><a href=\"https:\/\/agri-smart.eu\/wp-content\/uploads\/2023\/05\/Course-Budget-Template-AgriSmart_FR.xlsx\" target=\"_blank\" rel=\"noreferrer noopener\">Mod\u00e8le de budget de cours AgriSmart<\/a><\/li>\n\n\n\n<li><a href=\"https:\/\/agri-smart.eu\/wp-content\/uploads\/2023\/05\/Course-Checklist-Template-AgriSmart_FR.xlsx\" target=\"_blank\" rel=\"noreferrer noopener\">Liste de contr\u00f4le des cours &#8211; Mod\u00e8le AgriSmart<\/a><\/li>\n\n\n\n<li><a href=\"https:\/\/agri-smart.eu\/wp-content\/uploads\/2023\/05\/Final-survey-AgriSmart_FR.docx\" target=\"_blank\" rel=\"noreferrer noopener\">Enqu\u00eate finale AgriSmart<\/a><\/li>\n\n\n\n<li><a href=\"https:\/\/agri-smart.eu\/wp-content\/uploads\/2023\/05\/Guidelines-how-to-reach-policy-makers-and-raise-public-awareness_FINAL_FR.docx\" target=\"_blank\" rel=\"noreferrer noopener\">Lignes directrices, comment atteindre les d\u00e9cideurs politiques et sensibiliser le public<\/a><\/li>\n\n\n\n<li><a href=\"https:\/\/agri-smart.eu\/wp-content\/uploads\/2023\/05\/Invitation-to-learners-AgriSmart_FR.docx\" target=\"_blank\" rel=\"noreferrer noopener\">Invitation aux apprenants AgriSmart<\/a><\/li>\n\n\n\n<li><a href=\"https:\/\/agri-smart.eu\/wp-content\/uploads\/2023\/05\/Registration-form-AgriSmart_FR.docx\" target=\"_blank\" rel=\"noreferrer noopener\">Formulaire d&rsquo;inscription AgriSmart<\/a><\/li>\n<\/ul>\n\n\n\n<div class=\"wp-block-columns is-layout-flex wp-container-core-columns-is-layout-28f84493 wp-block-columns-is-layout-flex\">\n<div class=\"wp-block-column is-layout-flow wp-block-column-is-layout-flow\"><\/div>\n<\/div>\n","protected":false},"excerpt":{"rendered":"<p>Vous pouvez ici consulter et t\u00e9l\u00e9charger les produits livrables ci-dessous.<\/p>\n","protected":false},"author":4,"featured_media":0,"parent":0,"menu_order":0,"comment_status":"closed","ping_status":"closed","template":"","meta":{"inspiro_hide_title":false,"footnotes":""},"class_list":["post-14265","page","type-page","status-publish","hentry"],"yoast_head":"<!-- This site is optimized with the Yoast SEO plugin v27.3 - https:\/\/yoast.com\/product\/yoast-seo-wordpress\/ -->\n<title>Durabilit\u00e9 - Agrismart project<\/title>\n<meta name=\"robots\" content=\"index, follow, max-snippet:-1, max-image-preview:large, max-video-preview:-1\" \/>\n<link rel=\"canonical\" href=\"https:\/\/agri-smart.eu\/fr\/contact\/\" \/>\n<meta property=\"og:locale\" content=\"fr_FR\" \/>\n<meta property=\"og:type\" content=\"article\" \/>\n<meta property=\"og:title\" content=\"Durabilit\u00e9 - Agrismart project\" \/>\n<meta property=\"og:description\" content=\"Vous pouvez ici consulter et t\u00e9l\u00e9charger les produits livrables ci-dessous.\" \/>\n<meta property=\"og:url\" content=\"https:\/\/agri-smart.eu\/fr\/contact\/\" \/>\n<meta property=\"og:site_name\" content=\"Agrismart project\" \/>\n<meta property=\"article:publisher\" content=\"https:\/\/www.facebook.com\/AgriSmartErasmus\" \/>\n<meta property=\"article:modified_time\" content=\"2023-05-29T10:49:17+00:00\" \/>\n<meta property=\"og:image\" content=\"https:\/\/agri-smart.eu\/wp-content\/uploads\/2023\/03\/pexels-tim-mossholder-974314-1-1-1024x683.jpg\" \/>\n<meta name=\"twitter:card\" content=\"summary_large_image\" \/>\n<meta name=\"twitter:site\" content=\"@AgrismartEu\" \/>\n<meta name=\"twitter:label1\" content=\"Dur\u00e9e de lecture estim\u00e9e\" \/>\n\t<meta name=\"twitter:data1\" content=\"1 minute\" \/>\n<script type=\"application\/ld+json\" class=\"yoast-schema-graph\">{\"@context\":\"https:\\\/\\\/schema.org\",\"@graph\":[{\"@type\":\"WebPage\",\"@id\":\"https:\\\/\\\/agri-smart.eu\\\/fr\\\/contact\\\/\",\"url\":\"https:\\\/\\\/agri-smart.eu\\\/fr\\\/contact\\\/\",\"name\":\"Durabilit\u00e9 - Agrismart project\",\"isPartOf\":{\"@id\":\"https:\\\/\\\/agri-smart.eu\\\/fr\\\/#website\"},\"primaryImageOfPage\":{\"@id\":\"https:\\\/\\\/agri-smart.eu\\\/fr\\\/contact\\\/#primaryimage\"},\"image\":{\"@id\":\"https:\\\/\\\/agri-smart.eu\\\/fr\\\/contact\\\/#primaryimage\"},\"thumbnailUrl\":\"https:\\\/\\\/agri-smart.eu\\\/wp-content\\\/uploads\\\/2023\\\/03\\\/pexels-tim-mossholder-974314-1-1-1024x683.jpg\",\"datePublished\":\"2022-12-12T12:57:56+00:00\",\"dateModified\":\"2023-05-29T10:49:17+00:00\",\"breadcrumb\":{\"@id\":\"https:\\\/\\\/agri-smart.eu\\\/fr\\\/contact\\\/#breadcrumb\"},\"inLanguage\":\"fr-FR\",\"potentialAction\":[{\"@type\":\"ReadAction\",\"target\":[\"https:\\\/\\\/agri-smart.eu\\\/fr\\\/contact\\\/\"]}]},{\"@type\":\"ImageObject\",\"inLanguage\":\"fr-FR\",\"@id\":\"https:\\\/\\\/agri-smart.eu\\\/fr\\\/contact\\\/#primaryimage\",\"url\":\"https:\\\/\\\/agri-smart.eu\\\/wp-content\\\/uploads\\\/2023\\\/03\\\/pexels-tim-mossholder-974314-1-1-1024x683.jpg\",\"contentUrl\":\"https:\\\/\\\/agri-smart.eu\\\/wp-content\\\/uploads\\\/2023\\\/03\\\/pexels-tim-mossholder-974314-1-1-1024x683.jpg\"},{\"@type\":\"BreadcrumbList\",\"@id\":\"https:\\\/\\\/agri-smart.eu\\\/fr\\\/contact\\\/#breadcrumb\",\"itemListElement\":[{\"@type\":\"ListItem\",\"position\":1,\"name\":\"Home\",\"item\":\"https:\\\/\\\/agri-smart.eu\\\/fr\\\/le-projet\\\/\"},{\"@type\":\"ListItem\",\"position\":2,\"name\":\"Durabilit\u00e9\"}]},{\"@type\":\"WebSite\",\"@id\":\"https:\\\/\\\/agri-smart.eu\\\/fr\\\/#website\",\"url\":\"https:\\\/\\\/agri-smart.eu\\\/fr\\\/\",\"name\":\"Agrismart project\",\"description\":\"Sustainability and Digital Skills for the Agriculture Sector\",\"publisher\":{\"@id\":\"https:\\\/\\\/agri-smart.eu\\\/fr\\\/#organization\"},\"potentialAction\":[{\"@type\":\"SearchAction\",\"target\":{\"@type\":\"EntryPoint\",\"urlTemplate\":\"https:\\\/\\\/agri-smart.eu\\\/fr\\\/?s={search_term_string}\"},\"query-input\":{\"@type\":\"PropertyValueSpecification\",\"valueRequired\":true,\"valueName\":\"search_term_string\"}}],\"inLanguage\":\"fr-FR\"},{\"@type\":\"Organization\",\"@id\":\"https:\\\/\\\/agri-smart.eu\\\/fr\\\/#organization\",\"name\":\"Agrismart project\",\"url\":\"https:\\\/\\\/agri-smart.eu\\\/fr\\\/\",\"logo\":{\"@type\":\"ImageObject\",\"inLanguage\":\"fr-FR\",\"@id\":\"https:\\\/\\\/agri-smart.eu\\\/fr\\\/#\\\/schema\\\/logo\\\/image\\\/\",\"url\":\"https:\\\/\\\/agri-smart.eu\\\/wp-content\\\/uploads\\\/2022\\\/12\\\/AgriSmart_logo_Final-1.png\",\"contentUrl\":\"https:\\\/\\\/agri-smart.eu\\\/wp-content\\\/uploads\\\/2022\\\/12\\\/AgriSmart_logo_Final-1.png\",\"width\":443,\"height\":438,\"caption\":\"Agrismart project\"},\"image\":{\"@id\":\"https:\\\/\\\/agri-smart.eu\\\/fr\\\/#\\\/schema\\\/logo\\\/image\\\/\"},\"sameAs\":[\"https:\\\/\\\/www.facebook.com\\\/AgriSmartErasmus\",\"https:\\\/\\\/x.com\\\/AgrismartEu\"]}]}<\/script>\n<!-- \/ Yoast SEO plugin. -->","yoast_head_json":{"title":"Durabilit\u00e9 - Agrismart project","robots":{"index":"index","follow":"follow","max-snippet":"max-snippet:-1","max-image-preview":"max-image-preview:large","max-video-preview":"max-video-preview:-1"},"canonical":"https:\/\/agri-smart.eu\/fr\/contact\/","og_locale":"fr_FR","og_type":"article","og_title":"Durabilit\u00e9 - Agrismart project","og_description":"Vous pouvez ici consulter et t\u00e9l\u00e9charger les produits livrables ci-dessous.","og_url":"https:\/\/agri-smart.eu\/fr\/contact\/","og_site_name":"Agrismart project","article_publisher":"https:\/\/www.facebook.com\/AgriSmartErasmus","article_modified_time":"2023-05-29T10:49:17+00:00","og_image":[{"url":"https:\/\/agri-smart.eu\/wp-content\/uploads\/2023\/03\/pexels-tim-mossholder-974314-1-1-1024x683.jpg","type":"","width":"","height":""}],"twitter_card":"summary_large_image","twitter_site":"@AgrismartEu","twitter_misc":{"Dur\u00e9e de lecture estim\u00e9e":"1 minute"},"schema":{"@context":"https:\/\/schema.org","@graph":[{"@type":"WebPage","@id":"https:\/\/agri-smart.eu\/fr\/contact\/","url":"https:\/\/agri-smart.eu\/fr\/contact\/","name":"Durabilit\u00e9 - Agrismart project","isPartOf":{"@id":"https:\/\/agri-smart.eu\/fr\/#website"},"primaryImageOfPage":{"@id":"https:\/\/agri-smart.eu\/fr\/contact\/#primaryimage"},"image":{"@id":"https:\/\/agri-smart.eu\/fr\/contact\/#primaryimage"},"thumbnailUrl":"https:\/\/agri-smart.eu\/wp-content\/uploads\/2023\/03\/pexels-tim-mossholder-974314-1-1-1024x683.jpg","datePublished":"2022-12-12T12:57:56+00:00","dateModified":"2023-05-29T10:49:17+00:00","breadcrumb":{"@id":"https:\/\/agri-smart.eu\/fr\/contact\/#breadcrumb"},"inLanguage":"fr-FR","potentialAction":[{"@type":"ReadAction","target":["https:\/\/agri-smart.eu\/fr\/contact\/"]}]},{"@type":"ImageObject","inLanguage":"fr-FR","@id":"https:\/\/agri-smart.eu\/fr\/contact\/#primaryimage","url":"https:\/\/agri-smart.eu\/wp-content\/uploads\/2023\/03\/pexels-tim-mossholder-974314-1-1-1024x683.jpg","contentUrl":"https:\/\/agri-smart.eu\/wp-content\/uploads\/2023\/03\/pexels-tim-mossholder-974314-1-1-1024x683.jpg"},{"@type":"BreadcrumbList","@id":"https:\/\/agri-smart.eu\/fr\/contact\/#breadcrumb","itemListElement":[{"@type":"ListItem","position":1,"name":"Home","item":"https:\/\/agri-smart.eu\/fr\/le-projet\/"},{"@type":"ListItem","position":2,"name":"Durabilit\u00e9"}]},{"@type":"WebSite","@id":"https:\/\/agri-smart.eu\/fr\/#website","url":"https:\/\/agri-smart.eu\/fr\/","name":"Agrismart project","description":"Sustainability and Digital Skills for the Agriculture Sector","publisher":{"@id":"https:\/\/agri-smart.eu\/fr\/#organization"},"potentialAction":[{"@type":"SearchAction","target":{"@type":"EntryPoint","urlTemplate":"https:\/\/agri-smart.eu\/fr\/?s={search_term_string}"},"query-input":{"@type":"PropertyValueSpecification","valueRequired":true,"valueName":"search_term_string"}}],"inLanguage":"fr-FR"},{"@type":"Organization","@id":"https:\/\/agri-smart.eu\/fr\/#organization","name":"Agrismart project","url":"https:\/\/agri-smart.eu\/fr\/","logo":{"@type":"ImageObject","inLanguage":"fr-FR","@id":"https:\/\/agri-smart.eu\/fr\/#\/schema\/logo\/image\/","url":"https:\/\/agri-smart.eu\/wp-content\/uploads\/2022\/12\/AgriSmart_logo_Final-1.png","contentUrl":"https:\/\/agri-smart.eu\/wp-content\/uploads\/2022\/12\/AgriSmart_logo_Final-1.png","width":443,"height":438,"caption":"Agrismart project"},"image":{"@id":"https:\/\/agri-smart.eu\/fr\/#\/schema\/logo\/image\/"},"sameAs":["https:\/\/www.facebook.com\/AgriSmartErasmus","https:\/\/x.com\/AgrismartEu"]}]}},"featured_media_urls":[],"_links":{"self":[{"href":"https:\/\/agri-smart.eu\/fr\/wp-json\/wp\/v2\/pages\/14265","targetHints":{"allow":["GET"]}}],"collection":[{"href":"https:\/\/agri-smart.eu\/fr\/wp-json\/wp\/v2\/pages"}],"about":[{"href":"https:\/\/agri-smart.eu\/fr\/wp-json\/wp\/v2\/types\/page"}],"author":[{"embeddable":true,"href":"https:\/\/agri-smart.eu\/fr\/wp-json\/wp\/v2\/users\/4"}],"replies":[{"embeddable":true,"href":"https:\/\/agri-smart.eu\/fr\/wp-json\/wp\/v2\/comments?post=14265"}],"version-history":[{"count":6,"href":"https:\/\/agri-smart.eu\/fr\/wp-json\/wp\/v2\/pages\/14265\/revisions"}],"predecessor-version":[{"id":16268,"href":"https:\/\/agri-smart.eu\/fr\/wp-json\/wp\/v2\/pages\/14265\/revisions\/16268"}],"wp:attachment":[{"href":"https:\/\/agri-smart.eu\/fr\/wp-json\/wp\/v2\/media?parent=14265"}],"curies":[{"name":"wp","href":"https:\/\/api.w.org\/{rel}","templated":true}]}}