{"id":14303,"date":"2022-12-12T12:35:18","date_gmt":"2022-12-12T12:35:18","guid":{"rendered":"https:\/\/agri-smart.eu\/output\/"},"modified":"2026-02-18T10:15:42","modified_gmt":"2026-02-18T10:15:42","slug":"output","status":"publish","type":"page","link":"https:\/\/agri-smart.eu\/de\/output\/","title":{"rendered":"Output"},"content":{"rendered":"\n<div class=\"wp-block-columns is-layout-flex wp-container-core-columns-is-layout-28f84493 wp-block-columns-is-layout-flex\">\n<div class=\"wp-block-column is-layout-flow wp-block-column-is-layout-flow\">\n<figure class=\"wp-block-image size-large\"><img decoding=\"async\" src=\"https:\/\/agri-smart.eu\/wp-content\/uploads\/2022\/12\/pexels-photo-247819-3-1-1024x595.jpeg\" alt=\"\" class=\"wp-image-24\"\/><\/figure>\n\n\n\n<h2 class=\"wp-block-heading\"><strong>1. Evidenzbasierte Lernergebnisse und Lektionen f\u00fcr die Entwicklung klimafreundlicher und digitaler Kompetenzen f\u00fcr den Agrarsektor<\/strong><\/h2>\n\n\n\n<p>In diesem Output werden die Lernergebnisse f\u00fcr ein aktuelles, auf die sektoralen Bed\u00fcrfnisse zugeschnittenes, landwirtschaftliches Lernprogramm zu \u00f6kologisch nachhaltigen Arbeitspraktiken und modernen digitalen Anwendungen definiert. Es wird Aussagen dar\u00fcber geben, was die Lernenden nach Abschluss des AgriSmart-Schulungsprogramms wissen, verstehen und k\u00f6nnen sollten. <\/p>\n\n\n\n<div class=\"wp-block-buttons is-layout-flex wp-block-buttons-is-layout-flex\">\n<div class=\"wp-block-button aligncenter\"><a class=\"wp-block-button__link wp-element-button\" href=\"https:\/\/agri-smart.eu\/wp-content\/uploads\/2022\/12\/O1_T4_LearningOutputReport-1.pdf\" target=\"_blank\" rel=\"noreferrer noopener\">Learning Outcomes report<\/a><\/div>\n<\/div>\n<\/div>\n\n\n\n<div class=\"wp-block-column is-layout-flow wp-block-column-is-layout-flow\">\n<figure class=\"wp-block-image size-large is-resized\"><img decoding=\"async\" src=\"https:\/\/agri-smart.eu\/wp-content\/uploads\/2022\/12\/syllabus_2_1-1-e1671186576183-1024x556.jpg\" alt=\"\" class=\"wp-image-6943\" style=\"width:403px;height:218px\"\/><\/figure>\n\n\n\n<h2 class=\"wp-block-heading\"><strong>2. Modulare Lehrplanstruktur (Syllabus), Bildungsanweisungen und Lern- und Bewertungsmaterialien<\/strong><\/h2>\n\n\n\n<p>In diesem Output wird eine modulare Lehrplanstruktur (Syllabus) entwickelt, die sowohl von Berufsbildungsanbietern als auch von Landwirten genutzt werden kann, die ihre klimafreundlichen und digitalen F\u00e4higkeiten entwickeln m\u00f6chten. Dar\u00fcber hinaus umfasst dieses Ergebnis die Schaffung eines Ressourcenpools mit Bildungsanweisungen, Lern- und Bewertungsmaterialien, die die Durchf\u00fchrung des AGRISMART-Kurses in der Berufsbildung unterst\u00fctzen sollen. Der Hauptzweck besteht darin, den Erwerb klimafreundlicher und digitaler Kompetenzen im Agrarsektor zu erleichtern.  <\/p>\n\n\n\n<div class=\"wp-block-buttons is-layout-flex wp-block-buttons-is-layout-flex\">\n<div class=\"wp-block-button aligncenter\"><a class=\"wp-block-button__link wp-element-button\" href=\"https:\/\/agri-smart.eu\/wp-content\/uploads\/2023\/05\/O2_T1_AgriSmart_curriculum_final_german.pdf\" target=\"_blank\" rel=\"noreferrer noopener\">MODULARES CURRICULUM<\/a><\/div>\n\n\n\n<div class=\"wp-block-button aligncenter\"><a class=\"wp-block-button__link wp-element-button\" href=\"https:\/\/agri-smart.eu\/wp-content\/uploads\/2023\/05\/O2-T2_final_deu.pdf\" target=\"_blank\" rel=\"noreferrer noopener\">SCHULUNGS- UND BEWERTUNGSMATERIALIEN<\/a><\/div>\n\n\n\n<div class=\"wp-block-button aligncenter\"><a class=\"wp-block-button__link wp-element-button\" href=\"https:\/\/agri-smart.eu\/wp-content\/uploads\/2023\/05\/O2_T3_Final_GERMAN-new-1.pdf\" target=\"_blank\" rel=\"noreferrer noopener\">TRAINERS HANDBOOK<\/a><\/div>\n<\/div>\n<\/div>\n<\/div>\n\n\n\n<div class=\"wp-block-columns is-layout-flex wp-container-core-columns-is-layout-28f84493 wp-block-columns-is-layout-flex\">\n<div class=\"wp-block-column is-layout-flow wp-block-column-is-layout-flow\">\n<figure class=\"wp-block-image size-large\"><img decoding=\"async\" src=\"https:\/\/agri-smart.eu\/wp-content\/uploads\/2022\/12\/copy-of-lk_books_harlan-108_wide-0de53ac74a75eaa61a975b7b02b83f1cd1a18ba5-1-1024x576.jpg\" alt=\"\" class=\"wp-image-21\"\/><\/figure>\n\n\n\n<h2 class=\"wp-block-heading\"><strong>3. Erstellung von p\u00e4dagogischem Material als Open Educational Resources (OER)<\/strong><\/h2>\n\n\n\n<p>Die zu entwickelnden OER eignen sich sowohl f\u00fcr die Integration in die Berufsbildung als auch f\u00fcr eine selbstgesteuerte Ausbildung, die sowohl auf die Bed\u00fcrfnisse von Neuank\u00f6mmlingen als auch auf erfahrene Landwirte zugeschnitten ist. Die AGRISMART-OER werden in allen Sprachen der Projektpartner (EN, IT, EL, DE, PL, SK, FR) verf\u00fcgbar sein, um eine breite geografische \u00dcbertragbarkeit zu gew\u00e4hrleisten. Der Zugang und die Nutzung der OER sind uneingeschr\u00e4nkt.  <\/p>\n\n\n\n<div class=\"wp-block-buttons is-layout-flex wp-block-buttons-is-layout-flex\">\n<div class=\"wp-block-button\"><a class=\"wp-block-button__link wp-element-button\" href=\"https:\/\/agri-smart.eu\/wp-content\/uploads\/2026\/02\/DE-Master_Agrismart-e-book_.pdf\" target=\"_blank\" rel=\"noreferrer noopener\">Laden Sie das AGRISMART Learner&#8217;s E-Book auf Deutsch herunter<\/a><\/div>\n<\/div>\n\n\n\n<div style=\"height:25px\" aria-hidden=\"true\" class=\"wp-block-spacer\"><\/div>\n<\/div>\n\n\n\n<div class=\"wp-block-column is-layout-flow wp-block-column-is-layout-flow\">\n<figure class=\"wp-block-image size-large\"><img decoding=\"async\" src=\"https:\/\/agri-smart.eu\/wp-content\/uploads\/2022\/12\/Free-Online-Course-1-1024x684.jpg\" alt=\"\" class=\"wp-image-23\"\/><\/figure>\n\n\n\n<h2 class=\"wp-block-heading\"><strong>4. AGRISMART Vocational Open Online Course (VOOC) Infrastrukturen und Inhalte in 7 Sprachen<\/strong><\/h2>\n\n\n\n<p>Der VOOC wird die Projektlerneinheiten und kontextualisierten Schulungs- und Bewertungsmaterialien, die in O2 in ihrer Online-Form erstellt wurden und f\u00fcr selbstgesteuertes und gemischtes Lernen geeignet sind, umfassen.<\/p>\n\n\n\n<div class=\"wp-block-buttons is-layout-flex wp-block-buttons-is-layout-flex\">\n<div class=\"wp-block-button aligncenter\"><a class=\"wp-block-button__link wp-element-button\" href=\"https:\/\/erasmusmoocs.thinkific.com\/courses\/agrismart-sustainability-and-digital-skills-for-the-agricultural-sector-GermanVersion\" target=\"_blank\" rel=\"noreferrer noopener\">Zugriff auf den VOOC<\/a><\/div>\n<\/div>\n<\/div>\n<\/div>\n\n\n\n<div class=\"wp-block-columns is-layout-flex wp-container-core-columns-is-layout-28f84493 wp-block-columns-is-layout-flex\">\n<div class=\"wp-block-column is-layout-flow wp-block-column-is-layout-flow\">\n<figure class=\"wp-block-image size-large\"><img decoding=\"async\" src=\"https:\/\/agri-smart.eu\/wp-content\/uploads\/2022\/12\/dark-mode-email-toolkit-1-1024x538.jpg\" alt=\"\" class=\"wp-image-22\"\/><\/figure>\n\n\n\n<h2 class=\"wp-block-heading\"><strong>5. AGRISMART Mentor&#8217;s Toolkit zur Integration der landwirtschaftlichen WBL Lernergebnisse.<\/strong>  <\/h2>\n\n\n\n<p>Ziel des Toolkits ist es, den Erwerb klimafreundlicher und digitaler Kompetenzen zu erleichtern. Das Toolkit richtet sich an erfahrene Praktiker, die als Mentoren an WBL-Aktivit\u00e4ten teilnehmen oder teilnehmen m\u00f6chten, und gilt f\u00fcr verschiedene Formen der WBL-Ausbildung (z. B. I-VET, C-VET, formal\/non-formal, mit\/ohne Teilnahme von Berufsbildungsanbietern).  <\/p>\n\n\n\n<div class=\"wp-block-buttons is-layout-flex wp-block-buttons-is-layout-flex\">\n<div class=\"wp-block-button\"><a class=\"wp-block-button__link wp-element-button\" href=\"https:\/\/agri-smart.eu\/wp-content\/uploads\/2023\/06\/O4-T2-AGRISMART-MENTORS-TOOLBOX-GER.pdf\" target=\"_blank\" rel=\"noreferrer noopener\">HERUNTERLADEN AGRISMART MENTORS TOOLBOX<\/a><\/div>\n<\/div>\n<\/div>\n\n\n\n<div class=\"wp-block-column is-layout-flow wp-block-column-is-layout-flow\">\n<figure class=\"wp-block-image size-large\"><img decoding=\"async\" src=\"https:\/\/agri-smart.eu\/wp-content\/uploads\/2022\/12\/2x-1-1024x439.png\" alt=\"\" class=\"wp-image-20\"\/><\/figure>\n\n\n\n<h2 class=\"wp-block-heading\"><strong>6. AGRISMART-Rahmen zur F\u00f6rderung der Integration klimaintelligenter und digitaler Kompetenzen in Berufsbildungsangeboten und Regionalpolitiken<\/strong>   <\/h2>\n\n\n\n<p>This output comprises the formation of a framework to promote the integration of climate smart and digital skills development in VET offerings and regional policies. The purpose of this output is to identify important aspects (i.e. administrative, organisational, financial, awareness raising) that are relevant to the setup, introduction, and running of agriculture WBL schemes.<\/p>\n\n\n\n<div class=\"wp-block-buttons is-layout-flex wp-block-buttons-is-layout-flex\">\n<div class=\"wp-block-button\"><a class=\"wp-block-button__link wp-element-button\" href=\"https:\/\/agri-smart.eu\/wp-content\/uploads\/2023\/05\/AGRISMART_O5-T1_Position-paper-DE.pdf\" target=\"_blank\" rel=\"noreferrer noopener\">Download the position paper(de)<\/a><\/div>\n<\/div>\n<\/div>\n<\/div>\n","protected":false},"excerpt":{"rendered":"<p>1. Evidenzbasierte Lernergebnisse und Lektionen f\u00fcr die Entwicklung klimafreundlicher und digitaler Kompetenzen f\u00fcr den Agrarsektor In diesem Output werden die Lernergebnisse f\u00fcr ein aktuelles, auf die sektoralen Bed\u00fcrfnisse zugeschnittenes, landwirtschaftliches Lernprogramm zu \u00f6kologisch nachhaltigen Arbeitspraktiken und modernen digitalen Anwendungen definiert. Es wird Aussagen dar\u00fcber geben, was die Lernenden nach Abschluss des AgriSmart-Schulungsprogramms wissen, verstehen und &hellip; <\/p>\n<p class=\"link-more\"><a href=\"https:\/\/agri-smart.eu\/de\/output\/\" class=\"more-link\">Mehr <span class=\"screen-reader-text\">\u00fcber &#8222;Output&#8220; <\/span>Lesen<\/a><\/p>\n","protected":false},"author":4,"featured_media":0,"parent":0,"menu_order":0,"comment_status":"closed","ping_status":"closed","template":"","meta":{"inspiro_hide_title":false,"footnotes":""},"class_list":["post-14303","page","type-page","status-publish","hentry"],"yoast_head":"<!-- This site is optimized with the Yoast SEO plugin v27.5 - https:\/\/yoast.com\/product\/yoast-seo-wordpress\/ -->\n<title>Output - Agrismart project<\/title>\n<meta name=\"robots\" content=\"index, follow, max-snippet:-1, max-image-preview:large, max-video-preview:-1\" \/>\n<link rel=\"canonical\" href=\"https:\/\/agri-smart.eu\/de\/output\/\" \/>\n<meta property=\"og:locale\" content=\"de_DE\" \/>\n<meta property=\"og:type\" content=\"article\" \/>\n<meta property=\"og:title\" content=\"Output - Agrismart project\" \/>\n<meta property=\"og:description\" content=\"1. Evidenzbasierte Lernergebnisse und Lektionen f\u00fcr die Entwicklung klimafreundlicher und digitaler Kompetenzen f\u00fcr den Agrarsektor In diesem Output werden die Lernergebnisse f\u00fcr ein aktuelles, auf die sektoralen Bed\u00fcrfnisse zugeschnittenes, landwirtschaftliches Lernprogramm zu \u00f6kologisch nachhaltigen Arbeitspraktiken und modernen digitalen Anwendungen definiert. Es wird Aussagen dar\u00fcber geben, was die Lernenden nach Abschluss des AgriSmart-Schulungsprogramms wissen, verstehen und &hellip; Mehr \u00fcber &quot;Output&quot; Lesen\" \/>\n<meta property=\"og:url\" content=\"https:\/\/agri-smart.eu\/de\/output\/\" \/>\n<meta property=\"og:site_name\" content=\"Agrismart project\" \/>\n<meta property=\"article:publisher\" content=\"https:\/\/www.facebook.com\/AgriSmartErasmus\" \/>\n<meta property=\"article:modified_time\" content=\"2026-02-18T10:15:42+00:00\" \/>\n<meta property=\"og:image\" content=\"https:\/\/agri-smart.eu\/wp-content\/uploads\/2021\/06\/LogosBeneficairesErasmusRIGHT_EN.jpg\" \/>\n\t<meta property=\"og:image:width\" content=\"1\" \/>\n\t<meta property=\"og:image:height\" content=\"1\" \/>\n\t<meta property=\"og:image:type\" content=\"image\/jpeg\" \/>\n<meta name=\"twitter:card\" content=\"summary_large_image\" \/>\n<meta name=\"twitter:site\" content=\"@AgrismartEu\" \/>\n<meta name=\"twitter:label1\" content=\"Gesch\u00e4tzte Lesezeit\" \/>\n\t<meta name=\"twitter:data1\" content=\"3\u00a0Minuten\" \/>\n<script type=\"application\/ld+json\" class=\"yoast-schema-graph\">{\"@context\":\"https:\\\/\\\/schema.org\",\"@graph\":[{\"@type\":\"WebPage\",\"@id\":\"https:\\\/\\\/agri-smart.eu\\\/de\\\/output\\\/\",\"url\":\"https:\\\/\\\/agri-smart.eu\\\/de\\\/output\\\/\",\"name\":\"Output - Agrismart project\",\"isPartOf\":{\"@id\":\"https:\\\/\\\/agri-smart.eu\\\/de\\\/#website\"},\"primaryImageOfPage\":{\"@id\":\"https:\\\/\\\/agri-smart.eu\\\/de\\\/output\\\/#primaryimage\"},\"image\":{\"@id\":\"https:\\\/\\\/agri-smart.eu\\\/de\\\/output\\\/#primaryimage\"},\"thumbnailUrl\":\"https:\\\/\\\/agri-smart.eu\\\/wp-content\\\/uploads\\\/2022\\\/12\\\/pexels-photo-247819-3-1-1024x595.jpeg\",\"datePublished\":\"2022-12-12T12:35:18+00:00\",\"dateModified\":\"2026-02-18T10:15:42+00:00\",\"breadcrumb\":{\"@id\":\"https:\\\/\\\/agri-smart.eu\\\/de\\\/output\\\/#breadcrumb\"},\"inLanguage\":\"de\",\"potentialAction\":[{\"@type\":\"ReadAction\",\"target\":[\"https:\\\/\\\/agri-smart.eu\\\/de\\\/output\\\/\"]}]},{\"@type\":\"ImageObject\",\"inLanguage\":\"de\",\"@id\":\"https:\\\/\\\/agri-smart.eu\\\/de\\\/output\\\/#primaryimage\",\"url\":\"https:\\\/\\\/agri-smart.eu\\\/wp-content\\\/uploads\\\/2022\\\/12\\\/pexels-photo-247819-3-1-1024x595.jpeg\",\"contentUrl\":\"https:\\\/\\\/agri-smart.eu\\\/wp-content\\\/uploads\\\/2022\\\/12\\\/pexels-photo-247819-3-1-1024x595.jpeg\"},{\"@type\":\"BreadcrumbList\",\"@id\":\"https:\\\/\\\/agri-smart.eu\\\/de\\\/output\\\/#breadcrumb\",\"itemListElement\":[{\"@type\":\"ListItem\",\"position\":1,\"name\":\"Home\",\"item\":\"https:\\\/\\\/agri-smart.eu\\\/de\\\/das-projekt\\\/\"},{\"@type\":\"ListItem\",\"position\":2,\"name\":\"Output\"}]},{\"@type\":\"WebSite\",\"@id\":\"https:\\\/\\\/agri-smart.eu\\\/de\\\/#website\",\"url\":\"https:\\\/\\\/agri-smart.eu\\\/de\\\/\",\"name\":\"Agrismart project\",\"description\":\"Sustainability and Digital Skills for the Agriculture Sector\",\"publisher\":{\"@id\":\"https:\\\/\\\/agri-smart.eu\\\/de\\\/#organization\"},\"potentialAction\":[{\"@type\":\"SearchAction\",\"target\":{\"@type\":\"EntryPoint\",\"urlTemplate\":\"https:\\\/\\\/agri-smart.eu\\\/de\\\/?s={search_term_string}\"},\"query-input\":{\"@type\":\"PropertyValueSpecification\",\"valueRequired\":true,\"valueName\":\"search_term_string\"}}],\"inLanguage\":\"de\"},{\"@type\":\"Organization\",\"@id\":\"https:\\\/\\\/agri-smart.eu\\\/de\\\/#organization\",\"name\":\"Agrismart project\",\"url\":\"https:\\\/\\\/agri-smart.eu\\\/de\\\/\",\"logo\":{\"@type\":\"ImageObject\",\"inLanguage\":\"de\",\"@id\":\"https:\\\/\\\/agri-smart.eu\\\/de\\\/#\\\/schema\\\/logo\\\/image\\\/\",\"url\":\"https:\\\/\\\/agri-smart.eu\\\/wp-content\\\/uploads\\\/2022\\\/12\\\/AgriSmart_logo_Final-1.png\",\"contentUrl\":\"https:\\\/\\\/agri-smart.eu\\\/wp-content\\\/uploads\\\/2022\\\/12\\\/AgriSmart_logo_Final-1.png\",\"width\":443,\"height\":438,\"caption\":\"Agrismart project\"},\"image\":{\"@id\":\"https:\\\/\\\/agri-smart.eu\\\/de\\\/#\\\/schema\\\/logo\\\/image\\\/\"},\"sameAs\":[\"https:\\\/\\\/www.facebook.com\\\/AgriSmartErasmus\",\"https:\\\/\\\/x.com\\\/AgrismartEu\"]}]}<\/script>\n<!-- \/ Yoast SEO plugin. -->","yoast_head_json":{"title":"Output - Agrismart project","robots":{"index":"index","follow":"follow","max-snippet":"max-snippet:-1","max-image-preview":"max-image-preview:large","max-video-preview":"max-video-preview:-1"},"canonical":"https:\/\/agri-smart.eu\/de\/output\/","og_locale":"de_DE","og_type":"article","og_title":"Output - Agrismart project","og_description":"1. Evidenzbasierte Lernergebnisse und Lektionen f\u00fcr die Entwicklung klimafreundlicher und digitaler Kompetenzen f\u00fcr den Agrarsektor In diesem Output werden die Lernergebnisse f\u00fcr ein aktuelles, auf die sektoralen Bed\u00fcrfnisse zugeschnittenes, landwirtschaftliches Lernprogramm zu \u00f6kologisch nachhaltigen Arbeitspraktiken und modernen digitalen Anwendungen definiert. Es wird Aussagen dar\u00fcber geben, was die Lernenden nach Abschluss des AgriSmart-Schulungsprogramms wissen, verstehen und &hellip; Mehr \u00fcber \"Output\" Lesen","og_url":"https:\/\/agri-smart.eu\/de\/output\/","og_site_name":"Agrismart project","article_publisher":"https:\/\/www.facebook.com\/AgriSmartErasmus","article_modified_time":"2026-02-18T10:15:42+00:00","og_image":[{"url":"https:\/\/agri-smart.eu\/wp-content\/uploads\/2021\/06\/LogosBeneficairesErasmusRIGHT_EN.jpg","width":1,"height":1,"type":"image\/jpeg"}],"twitter_card":"summary_large_image","twitter_site":"@AgrismartEu","twitter_misc":{"Gesch\u00e4tzte Lesezeit":"3\u00a0Minuten"},"schema":{"@context":"https:\/\/schema.org","@graph":[{"@type":"WebPage","@id":"https:\/\/agri-smart.eu\/de\/output\/","url":"https:\/\/agri-smart.eu\/de\/output\/","name":"Output - Agrismart project","isPartOf":{"@id":"https:\/\/agri-smart.eu\/de\/#website"},"primaryImageOfPage":{"@id":"https:\/\/agri-smart.eu\/de\/output\/#primaryimage"},"image":{"@id":"https:\/\/agri-smart.eu\/de\/output\/#primaryimage"},"thumbnailUrl":"https:\/\/agri-smart.eu\/wp-content\/uploads\/2022\/12\/pexels-photo-247819-3-1-1024x595.jpeg","datePublished":"2022-12-12T12:35:18+00:00","dateModified":"2026-02-18T10:15:42+00:00","breadcrumb":{"@id":"https:\/\/agri-smart.eu\/de\/output\/#breadcrumb"},"inLanguage":"de","potentialAction":[{"@type":"ReadAction","target":["https:\/\/agri-smart.eu\/de\/output\/"]}]},{"@type":"ImageObject","inLanguage":"de","@id":"https:\/\/agri-smart.eu\/de\/output\/#primaryimage","url":"https:\/\/agri-smart.eu\/wp-content\/uploads\/2022\/12\/pexels-photo-247819-3-1-1024x595.jpeg","contentUrl":"https:\/\/agri-smart.eu\/wp-content\/uploads\/2022\/12\/pexels-photo-247819-3-1-1024x595.jpeg"},{"@type":"BreadcrumbList","@id":"https:\/\/agri-smart.eu\/de\/output\/#breadcrumb","itemListElement":[{"@type":"ListItem","position":1,"name":"Home","item":"https:\/\/agri-smart.eu\/de\/das-projekt\/"},{"@type":"ListItem","position":2,"name":"Output"}]},{"@type":"WebSite","@id":"https:\/\/agri-smart.eu\/de\/#website","url":"https:\/\/agri-smart.eu\/de\/","name":"Agrismart project","description":"Sustainability and Digital Skills for the Agriculture Sector","publisher":{"@id":"https:\/\/agri-smart.eu\/de\/#organization"},"potentialAction":[{"@type":"SearchAction","target":{"@type":"EntryPoint","urlTemplate":"https:\/\/agri-smart.eu\/de\/?s={search_term_string}"},"query-input":{"@type":"PropertyValueSpecification","valueRequired":true,"valueName":"search_term_string"}}],"inLanguage":"de"},{"@type":"Organization","@id":"https:\/\/agri-smart.eu\/de\/#organization","name":"Agrismart project","url":"https:\/\/agri-smart.eu\/de\/","logo":{"@type":"ImageObject","inLanguage":"de","@id":"https:\/\/agri-smart.eu\/de\/#\/schema\/logo\/image\/","url":"https:\/\/agri-smart.eu\/wp-content\/uploads\/2022\/12\/AgriSmart_logo_Final-1.png","contentUrl":"https:\/\/agri-smart.eu\/wp-content\/uploads\/2022\/12\/AgriSmart_logo_Final-1.png","width":443,"height":438,"caption":"Agrismart project"},"image":{"@id":"https:\/\/agri-smart.eu\/de\/#\/schema\/logo\/image\/"},"sameAs":["https:\/\/www.facebook.com\/AgriSmartErasmus","https:\/\/x.com\/AgrismartEu"]}]}},"featured_media_urls":[],"_links":{"self":[{"href":"https:\/\/agri-smart.eu\/de\/wp-json\/wp\/v2\/pages\/14303","targetHints":{"allow":["GET"]}}],"collection":[{"href":"https:\/\/agri-smart.eu\/de\/wp-json\/wp\/v2\/pages"}],"about":[{"href":"https:\/\/agri-smart.eu\/de\/wp-json\/wp\/v2\/types\/page"}],"author":[{"embeddable":true,"href":"https:\/\/agri-smart.eu\/de\/wp-json\/wp\/v2\/users\/4"}],"replies":[{"embeddable":true,"href":"https:\/\/agri-smart.eu\/de\/wp-json\/wp\/v2\/comments?post=14303"}],"version-history":[{"count":12,"href":"https:\/\/agri-smart.eu\/de\/wp-json\/wp\/v2\/pages\/14303\/revisions"}],"predecessor-version":[{"id":17451,"href":"https:\/\/agri-smart.eu\/de\/wp-json\/wp\/v2\/pages\/14303\/revisions\/17451"}],"wp:attachment":[{"href":"https:\/\/agri-smart.eu\/de\/wp-json\/wp\/v2\/media?parent=14303"}],"curies":[{"name":"wp","href":"https:\/\/api.w.org\/{rel}","templated":true}]}}