{"id":14289,"date":"2022-12-09T08:59:28","date_gmt":"2022-12-09T08:59:28","guid":{"rendered":"https:\/\/agri-smart.eu\/das-projekt\/"},"modified":"2023-01-19T13:34:14","modified_gmt":"2023-01-19T13:34:14","slug":"das-projekt","status":"publish","type":"page","link":"https:\/\/agri-smart.eu\/de\/","title":{"rendered":"Das Projekt"},"content":{"rendered":"\n<p>Das E + AGRISMART-Projekt ist das Ergebnis einer strategischen Partnerschaft von 6 europ\u00e4ischen L\u00e4ndern, das darauf abzielt, das Berufsbildungs- und WBL-Angebot an bestehende und aufkommende berufliche Bed\u00fcrfnisse anzupassen und die klimafreundlichen und digitalen F\u00e4higkeiten von Arbeitnehmern in der Landwirtschaft zu st\u00e4rken.<\/p>\n\n<h2 class=\"has-text-align-center has-text-color wp-block-heading\" style=\"color:#345421\">\u00dcber das Projekt<\/h2>\n\n<p>Die EU hat der F\u00f6rderung einer nachhaltigen Landwirtschaft, die auch als &#8222;klimaintelligente&#8220; Landwirtschaft bezeichnet wird, Priorit\u00e4t einger\u00e4umt und ist entsprechende internationale Verpflichtungen eingegangen. Digitale Technologien sind von zentraler Bedeutung f\u00fcr die Entwicklung eines intelligenteren, ressourceneffizienteren und wettbewerbsf\u00e4higeren Agrarsektors. Die digitale Kluft zwischen st\u00e4dtischen und l\u00e4ndlichen Gebieten in Europa, die diesem Ziel entgegensteht, besteht trotz der Bem\u00fchungen der EU und verschiedener Ma\u00dfnahmen zur Verbesserung der digitalen Kompetenzen in l\u00e4ndlichen Gebieten nach wie vor. Ferner sei darauf hingewiesen, dass sich die \u00fcberwiegende Mehrheit der Betriebsleiter in der EU in Bezug auf die Aus- und Weiterbildung ausschlie\u00dflich auf praktische Erfahrungen st\u00fctzt; Work-Based Learning (WBL) ist daher von entscheidender Bedeutung f\u00fcr die Entwicklung klimafreundlicher und digitaler Kompetenzen in diesem Sektor.Im Gegenzug m\u00fcssen Berufsbildungsprogramme und WBL-Programme ihre Angebote und ihr Kompetenzportfolio aktualisieren, um den klimafreundlichen und digitalen Qualifikationsbedarf der Lernenden besser zu decken und Schulungsm\u00f6glichkeiten f\u00fcr die Qualifizierung bestehender Arbeitnehmer auf der Grundlage dieser Kompetenzen zu entwickeln. Die Ergebnisse des AGRISMART-Projekts werden einige Instrumente sein, um auf diese Herausforderung zu reagieren.     <\/p>\n\n<figure class=\"wp-block-image size-large\"><img decoding=\"async\" src=\"https:\/\/agri-smart.eu\/wp-content\/uploads\/2022\/12\/5a3884ba3bbd136093e94aee3753cac14123af5eada4509fc84e67e6a84a7c864a4978d1f3f9d567575d88c09a0890848fcf588d1d169e6c1feb84_1280-1-1024x682.jpg\" alt=\"\" class=\"wp-image-31\"\/><\/figure>\n<div class=\"wp-block-columns is-layout-flex wp-container-core-columns-is-layout-28f84493 wp-block-columns-is-layout-flex\">\n<div class=\"wp-block-column is-layout-flow wp-block-column-is-layout-flow\">\n<h2 class=\"has-text-color wp-block-heading\" style=\"color:#a8bc65\">Die Herausforderung<\/h2>\n\n\n\n<p>Bei den Bem\u00fchungen um die Entwicklung der digitalen Kompetenzen der Arbeitnehmer und die Verbesserung der Nachhaltigkeit des Sektors muss ber\u00fccksichtigt werden, dass die Landwirtschaft \u00fcber eine sehr starke Komponente der praktischen Erfahrung verf\u00fcgt. Dementsprechend ist Work-Based Learning (WBL) unerl\u00e4sslich, um dieses Ziel zu erreichen. Die bestehenden Ausbildungsangebote auf postsekund\u00e4rer und beruflicher Ebene legen jedoch wenig bis gar keinen Schwerpunkt auf diese Dimensionen, wie die aktuellen Lehrpl\u00e4ne, die von Berufsbildungsanbietern in den meisten EU-L\u00e4ndern angeboten werden, zeigen. Es besteht daher ein zunehmender Bedarf, WBL besser an bestehende und aufkommende Anforderungen und Realit\u00e4ten am Arbeitsplatz anzupassen, insbesondere im Hinblick auf \u00f6kologisch nachhaltige und digitale Praktiken und Anwendungen. WBL-Systeme m\u00fcssen ihre Angebote und ihr Kompetenzportfolio aktualisieren, um den klimafreundlichen und digitalen Schulungsbedarf der Lernenden besser zu decken und Schulungsm\u00f6glichkeiten f\u00fcr die Qualifizierung bestehender Arbeitnehmer auf der Grundlage dieser Kompetenzen zu entwickeln.   <\/p>\n<\/div>\n\n\n\n<div class=\"wp-block-column is-layout-flow wp-block-column-is-layout-flow\">\n<h2 class=\"has-text-align-center has-text-color wp-block-heading\" style=\"color:#a8bc65\">Ziele<\/h2>\n\n\n\n<p class=\"has-text-align-center\">Hauptziel des Projekts ist es, das Berufsbildungs- und WBL-Angebot an bestehende und sich abzeichnende berufliche Bed\u00fcrfnisse anzupassen. Das AGRISMART-Projekt zielt auch darauf ab, die klimafreundlichen und digitalen Kompetenzen von Arbeitnehmern in der Landwirtschaft zu st\u00e4rken. Es wird erwartet, dass AGRISMART auch Dritten auf internationaler Ebene die M\u00f6glichkeit bietet, zu ermitteln, welche Aspekte des Projekts erhebliche Vorteile bringen w\u00fcrden, wenn sie diese in ihren eigenen T\u00e4tigkeitsrahmen \u00fcbertragen w\u00fcrden.  <\/p>\n<\/div>\n\n\n\n<div class=\"wp-block-column is-layout-flow wp-block-column-is-layout-flow\">\n<h2 class=\"has-text-align-right has-text-color wp-block-heading\" style=\"color:#a8bc65\">Die Partner<\/h2>\n\n\n\n<p class=\"has-text-align-right\">Die Partnerschaft umfasst 6 Organisationen aus 6 EU-L\u00e4ndern (IT, GR, BEL, PL, SK, GER), aus der Welt der Forschung und landwirtschaftlichen Ausbildung. Der federf\u00fchrende Partner, UNIMI, beherbergt eine der st\u00e4rksten Fakult\u00e4ten der Agrar- und Lebensmittelwissenschaften. DEULA-Nienburg, ARID und AGROINSTITUT sind f\u00fchrende Berufsbildungsanbieter in der Landwirtschaft mit umfangreicher Erfahrung in der Entwicklung von Ausbildungsprogrammen und WBL-Aktivit\u00e4ten. EXELIA und INNOVELA sind Experten f\u00fcr Forschung und Entwicklung und die Bereitstellung innovativer Lernmethoden.    <\/p>\n<\/div>\n<\/div>\n\n<figure class=\"wp-block-image size-large\"><img decoding=\"async\" src=\"https:\/\/agri-smart.eu\/wp-content\/uploads\/2022\/12\/54270789-0-1-1024x683.jpeg\" alt=\"\" class=\"wp-image-32\"\/><\/figure>\n<div class=\"wp-block-columns is-layout-flex wp-container-core-columns-is-layout-28f84493 wp-block-columns-is-layout-flex\">\n<div class=\"wp-block-column is-layout-flow wp-block-column-is-layout-flow\">\n<h2 class=\"has-text-align-center has-text-color wp-block-heading\" style=\"color:#466c44\">Ziele<\/h2>\n\n\n\n<p>Das AGRISMART-Projekt zielt darauf ab, das Berufsbildungs- und WBL-Angebot an bestehende und aufkommende berufliche Bed\u00fcrfnisse anzupassen und die klimafreundlichen und digitalen Kompetenzen von Arbeitnehmern in der Landwirtschaft zu st\u00e4rken. Das Projekt wird insbesondere: <\/p>\n\n\n\n<ul class=\"wp-block-list\">\n<li>Entwerfen eines Lehrplans f\u00fcr klimafreundliche und digitale Praktiken, der auf aktuelle und zuk\u00fcnftige berufliche Bed\u00fcrfnisse eingeht.<\/li>\n\n\n\n<li>Einf\u00fchrung verschiedener Ausbildungsmethoden und innovativer p\u00e4dagogischer Open-Access-Ressourcen, die auf sektorale Besonderheiten zugeschnitten sind, um die Bereitstellung von Berufsbildung und WBL zu unterst\u00fctzen.<\/li>\n\n\n\n<li>Erh\u00f6hung der Kapazit\u00e4ten und Verbesserung der Zusammenarbeit zwischen \u00f6ffentlichen und sektoralen Interessenstr\u00e4gern, um die Integration der Entwicklung klimaintelligenter und digitaler Kompetenzen in Schulungsangeboten und Regionalpolitiken zu f\u00f6rdern und so landwirtschaftliche Gemeinschaften zu erreichen.<\/li>\n<\/ul>\n<\/div>\n\n\n\n<div class=\"wp-block-column is-layout-flow wp-block-column-is-layout-flow\">\n<h2 class=\"has-text-align-center has-text-color wp-block-heading\" style=\"color:#466c44\">Ergebnisse<\/h2>\n\n\n\n<ul class=\"wp-block-list\">\n<li>Eine Reihe von Lernergebnissen (gruppiert in Lerneinheiten) f\u00fcr die Entwicklung klimafreundlicher und digitaler landwirtschaftlicher Kompetenzen.<\/li>\n\n\n\n<li>Ein modularer Kurs f\u00fcr Berufsbildungsangebot und OERs.<\/li>\n\n\n\n<li>Ein VOOC, das den AgriSmart-Kurs in seiner Online-Form umfasst.<\/li>\n\n\n\n<li>Ein Mentoren-Toolkit f\u00fcr die Integration der AgriSmart-Lernergebnisse in der Landwirtschaft WBL.<\/li>\n\n\n\n<li>Ein Positionspapier zur Integration des Projekts f\u00fchrt zu Berufsbildungsangeboten und Regionalpolitiken.<\/li>\n\n\n\n<li>Eine Reihe von Ressourcen f\u00fcr die F\u00f6rderung und Durchf\u00fchrung von Schulungen zu klimafreundlichen und digitalen Kompetenzen in landwirtschaftlichen Gemeinschaften.<\/li>\n\n\n\n<li>Eine Unterst\u00fctzungserkl\u00e4rung zur G\u00fcltigkeit der entwickelten Lernergebnisse.<\/li>\n\n\n\n<li>6 nationale Informationstage (einer in jedem Partnerschaftsland), um die Projektergebnisse zu f\u00f6rdern und eine offene Diskussion \u00fcber den Bedarf an sektoraler Kompetenzentwicklung und M\u00f6glichkeiten zu deren Bew\u00e4ltigung anzusto\u00dfen.<\/li>\n<\/ul>\n<\/div>\n<\/div>\n\n<div class=\"wp-block-columns is-layout-flex wp-container-core-columns-is-layout-28f84493 wp-block-columns-is-layout-flex\">\n<div class=\"wp-block-column is-layout-flow wp-block-column-is-layout-flow\">\n<figure class=\"wp-block-image size-large\"><img decoding=\"async\" src=\"https:\/\/agri-smart.eu\/wp-content\/uploads\/2022\/12\/Digital-agriculture-1-1024x576.jpg\" alt=\"\" class=\"wp-image-33\"\/><\/figure><\/div>\n\n\n\n<div class=\"wp-block-column is-layout-flow wp-block-column-is-layout-flow\">\n<h2 class=\"has-text-align-center has-text-color wp-block-heading\" style=\"color:#466c44\">AgriSmart Brosch\u00fcre<\/h2>\n\n\n\n<p>Unser Projekt auf einen Blick. Laden Sie hier die Brosch\u00fcre in Ihrer Sprache herunter:<\/p>\n\n\n\n<div class=\"wp-block-columns is-layout-flex wp-container-core-columns-is-layout-28f84493 wp-block-columns-is-layout-flex\">\n<div class=\"wp-block-column is-layout-flow wp-block-column-is-layout-flow\">\n<p><a href=\"https:\/\/agri-smart.eu\/wp-content\/uploads\/2022\/12\/AgriSmart_Brochure_EN-1-1.pdf\" target=\"_blank\" rel=\"noreferrer noopener\">English<\/a><\/p>\n\n\n\n<p><a href=\"https:\/\/agri-smart.eu\/wp-content\/uploads\/2022\/12\/AgriSmart_Brochure_GR-1-1.pdf\" target=\"_blank\" rel=\"noreferrer noopener\">\u0395\u03bb\u03bb\u03b7\u03bd\u03b9\u03ba\u03ac<\/a><\/p>\n\n\n\n<p><a href=\"https:\/\/agri-smart.eu\/wp-content\/uploads\/2022\/12\/AgriSmart_Brochure_FR-1-1.pdf\" target=\"_blank\" rel=\"noreferrer noopener\">Fran\u00e7ais<\/a><\/p>\n\n\n\n<p><a href=\"https:\/\/agri-smart.eu\/wp-content\/uploads\/2022\/12\/AgriSmart_Brochure_DE-1-1.pdf\" target=\"_blank\" rel=\"noreferrer noopener\">Deutsch<\/a><\/p>\n<\/div>\n\n\n\n<div class=\"wp-block-column is-layout-flow wp-block-column-is-layout-flow\">\n<p><a href=\"https:\/\/agri-smart.eu\/wp-content\/uploads\/2022\/12\/AgriSmart_Brochure_PL-1-1.pdf\" target=\"_blank\" rel=\"noreferrer noopener\">Polskie<\/a><\/p>\n\n\n\n<p><a href=\"https:\/\/agri-smart.eu\/wp-content\/uploads\/2022\/12\/AgriSmart_Brochure_SK-1-1.pdf\" target=\"_blank\" rel=\"noreferrer noopener\">Slov\u00e1k<\/a><\/p>\n\n\n\n<p><a href=\"https:\/\/agri-smart.eu\/wp-content\/uploads\/2022\/12\/AgriSmart_Brochure_IT-1-1.pdf\" target=\"_blank\" rel=\"noreferrer noopener\">Italiano<\/a><\/p>\n<\/div>\n<\/div>\n<\/div>\n<\/div>\n\n<div class=\"wp-block-columns is-layout-flex wp-container-core-columns-is-layout-28f84493 wp-block-columns-is-layout-flex\">\n<div class=\"wp-block-column is-layout-flow wp-block-column-is-layout-flow\">\n<h2 class=\"has-text-align-center has-text-color wp-block-heading\" style=\"color:#466c44\">AgriSmart Poster<br\/><\/h2>\n\n\n\n<p>Unser Projekt auf einen Blick. Laden Sie hier das Poster in Ihrer Sprache herunter:<\/p>\n\n\n\n<div class=\"wp-block-columns is-layout-flex wp-container-core-columns-is-layout-28f84493 wp-block-columns-is-layout-flex\">\n<div class=\"wp-block-column is-layout-flow wp-block-column-is-layout-flow\">\n<p><a href=\"https:\/\/agri-smart.eu\/wp-content\/uploads\/2022\/12\/AgriSmart_poster_EN-1.pdf\" target=\"_blank\" rel=\"noreferrer noopener\">English<\/a><\/p>\n\n\n\n<p><a href=\"https:\/\/agri-smart.eu\/wp-content\/uploads\/2022\/12\/AgriSmart_poster_GR-1.pdf\" target=\"_blank\" rel=\"noreferrer noopener\">\u0395\u03bb\u03bb\u03b7\u03bd\u03b9\u03ba\u03ac<\/a><\/p>\n\n\n\n<p><a href=\"https:\/\/agri-smart.eu\/wp-content\/uploads\/2022\/12\/AgriSmart_poster_FR-1.pdf\" target=\"_blank\" rel=\"noreferrer noopener\">Fran\u00e7ais<\/a><\/p>\n\n\n\n<p><a href=\"https:\/\/agri-smart.eu\/wp-content\/uploads\/2022\/12\/AgriSmart_poster_DE-1.pdf\" target=\"_blank\" rel=\"noreferrer noopener\">Deutsch<\/a><\/p>\n<\/div>\n\n\n\n<div class=\"wp-block-column is-layout-flow wp-block-column-is-layout-flow\">\n<p><a href=\"https:\/\/agri-smart.eu\/wp-content\/uploads\/2022\/12\/AgriSmart_poster_PL-1.pdf\" target=\"_blank\" rel=\"noreferrer noopener\">Polskie<\/a><\/p>\n\n\n\n<p><a href=\"https:\/\/agri-smart.eu\/wp-content\/uploads\/2022\/12\/AgriSmart_poster_SK-1.pdf\" target=\"_blank\" rel=\"noreferrer noopener\">Slov\u00e1k<\/a><\/p>\n\n\n\n<p><a href=\"https:\/\/agri-smart.eu\/wp-content\/uploads\/2022\/12\/AgriSmart_poster_IT-1.pdf\" target=\"_blank\" rel=\"noreferrer noopener\">Italiano<\/a><\/p>\n<\/div>\n<\/div>\n<\/div>\n\n\n\n<div class=\"wp-block-column is-layout-flow wp-block-column-is-layout-flow\">\n<figure class=\"wp-block-image size-large\"><img decoding=\"async\" src=\"https:\/\/agri-smart.eu\/wp-content\/uploads\/2022\/12\/1_8GLFTX7FkOEtcHXLouu87g-1-1024x410.jpeg\" alt=\"\" class=\"wp-image-30\"\/><\/figure><\/div>\n<\/div>\n","protected":false},"excerpt":{"rendered":"<p>Das E + AGRISMART-Projekt ist das Ergebnis einer strategischen Partnerschaft von 6 europ\u00e4ischen L\u00e4ndern, das darauf abzielt, das Berufsbildungs- und WBL-Angebot an bestehende und aufkommende berufliche Bed\u00fcrfnisse anzupassen und die klimafreundlichen und digitalen F\u00e4higkeiten von Arbeitnehmern in der Landwirtschaft zu st\u00e4rken. \u00dcber das Projekt Die EU hat der F\u00f6rderung einer nachhaltigen Landwirtschaft, die auch als &hellip; <\/p>\n<p class=\"link-more\"><a href=\"https:\/\/agri-smart.eu\/de\/\" class=\"more-link\">Mehr <span class=\"screen-reader-text\">\u00fcber &#8222;Das Projekt&#8220; <\/span>Lesen<\/a><\/p>\n","protected":false},"author":4,"featured_media":0,"parent":0,"menu_order":0,"comment_status":"closed","ping_status":"closed","template":"","meta":{"inspiro_hide_title":false,"footnotes":""},"class_list":["post-14289","page","type-page","status-publish","hentry"],"yoast_head":"<!-- This site is optimized with the Yoast SEO plugin v27.5 - https:\/\/yoast.com\/product\/yoast-seo-wordpress\/ -->\n<title>Das Projekt - Agrismart project<\/title>\n<meta name=\"robots\" content=\"index, follow, max-snippet:-1, max-image-preview:large, max-video-preview:-1\" \/>\n<link rel=\"canonical\" href=\"https:\/\/agri-smart.eu\/de\/\" \/>\n<meta property=\"og:locale\" content=\"de_DE\" \/>\n<meta property=\"og:type\" content=\"article\" \/>\n<meta property=\"og:title\" content=\"Das Projekt - Agrismart project\" \/>\n<meta property=\"og:description\" content=\"Das E + AGRISMART-Projekt ist das Ergebnis einer strategischen Partnerschaft von 6 europ\u00e4ischen L\u00e4ndern, das darauf abzielt, das Berufsbildungs- und WBL-Angebot an bestehende und aufkommende berufliche Bed\u00fcrfnisse anzupassen und die klimafreundlichen und digitalen F\u00e4higkeiten von Arbeitnehmern in der Landwirtschaft zu st\u00e4rken. \u00dcber das Projekt Die EU hat der F\u00f6rderung einer nachhaltigen Landwirtschaft, die auch als &hellip; Mehr \u00fcber &quot;Das Projekt&quot; Lesen\" \/>\n<meta property=\"og:url\" content=\"https:\/\/agri-smart.eu\/de\/\" \/>\n<meta property=\"og:site_name\" content=\"Agrismart project\" \/>\n<meta property=\"article:publisher\" content=\"https:\/\/www.facebook.com\/AgriSmartErasmus\" \/>\n<meta property=\"article:modified_time\" content=\"2023-01-19T13:34:14+00:00\" \/>\n<meta property=\"og:image\" content=\"https:\/\/agri-smart.eu\/wp-content\/uploads\/2022\/12\/5a3884ba3bbd136093e94aee3753cac14123af5eada4509fc84e67e6a84a7c864a4978d1f3f9d567575d88c09a0890848fcf588d1d169e6c1feb84_1280-1-1024x682.jpg\" \/>\n<meta name=\"twitter:card\" content=\"summary_large_image\" \/>\n<meta name=\"twitter:site\" content=\"@AgrismartEu\" \/>\n<meta name=\"twitter:label1\" content=\"Gesch\u00e4tzte Lesezeit\" \/>\n\t<meta name=\"twitter:data1\" content=\"4\u00a0Minuten\" \/>\n<script type=\"application\/ld+json\" class=\"yoast-schema-graph\">{\"@context\":\"https:\\\/\\\/schema.org\",\"@graph\":[{\"@type\":\"WebPage\",\"@id\":\"https:\\\/\\\/agri-smart.eu\\\/de\\\/\",\"url\":\"https:\\\/\\\/agri-smart.eu\\\/de\\\/\",\"name\":\"Das Projekt - Agrismart project\",\"isPartOf\":{\"@id\":\"https:\\\/\\\/agri-smart.eu\\\/de\\\/#website\"},\"primaryImageOfPage\":{\"@id\":\"https:\\\/\\\/agri-smart.eu\\\/de\\\/#primaryimage\"},\"image\":{\"@id\":\"https:\\\/\\\/agri-smart.eu\\\/de\\\/#primaryimage\"},\"thumbnailUrl\":\"https:\\\/\\\/agri-smart.eu\\\/wp-content\\\/uploads\\\/2022\\\/12\\\/5a3884ba3bbd136093e94aee3753cac14123af5eada4509fc84e67e6a84a7c864a4978d1f3f9d567575d88c09a0890848fcf588d1d169e6c1feb84_1280-1-1024x682.jpg\",\"datePublished\":\"2022-12-09T08:59:28+00:00\",\"dateModified\":\"2023-01-19T13:34:14+00:00\",\"breadcrumb\":{\"@id\":\"https:\\\/\\\/agri-smart.eu\\\/de\\\/#breadcrumb\"},\"inLanguage\":\"de\",\"potentialAction\":[{\"@type\":\"ReadAction\",\"target\":[\"https:\\\/\\\/agri-smart.eu\\\/de\\\/\"]}]},{\"@type\":\"ImageObject\",\"inLanguage\":\"de\",\"@id\":\"https:\\\/\\\/agri-smart.eu\\\/de\\\/#primaryimage\",\"url\":\"https:\\\/\\\/agri-smart.eu\\\/wp-content\\\/uploads\\\/2022\\\/12\\\/5a3884ba3bbd136093e94aee3753cac14123af5eada4509fc84e67e6a84a7c864a4978d1f3f9d567575d88c09a0890848fcf588d1d169e6c1feb84_1280-1-1024x682.jpg\",\"contentUrl\":\"https:\\\/\\\/agri-smart.eu\\\/wp-content\\\/uploads\\\/2022\\\/12\\\/5a3884ba3bbd136093e94aee3753cac14123af5eada4509fc84e67e6a84a7c864a4978d1f3f9d567575d88c09a0890848fcf588d1d169e6c1feb84_1280-1-1024x682.jpg\"},{\"@type\":\"BreadcrumbList\",\"@id\":\"https:\\\/\\\/agri-smart.eu\\\/de\\\/#breadcrumb\",\"itemListElement\":[{\"@type\":\"ListItem\",\"position\":1,\"name\":\"Home\",\"item\":\"https:\\\/\\\/agri-smart.eu\\\/de\\\/das-projekt\\\/\"},{\"@type\":\"ListItem\",\"position\":2,\"name\":\"Das Projekt\"}]},{\"@type\":\"WebSite\",\"@id\":\"https:\\\/\\\/agri-smart.eu\\\/de\\\/#website\",\"url\":\"https:\\\/\\\/agri-smart.eu\\\/de\\\/\",\"name\":\"Agrismart project\",\"description\":\"Sustainability and Digital Skills for the Agriculture Sector\",\"publisher\":{\"@id\":\"https:\\\/\\\/agri-smart.eu\\\/de\\\/#organization\"},\"potentialAction\":[{\"@type\":\"SearchAction\",\"target\":{\"@type\":\"EntryPoint\",\"urlTemplate\":\"https:\\\/\\\/agri-smart.eu\\\/de\\\/?s={search_term_string}\"},\"query-input\":{\"@type\":\"PropertyValueSpecification\",\"valueRequired\":true,\"valueName\":\"search_term_string\"}}],\"inLanguage\":\"de\"},{\"@type\":\"Organization\",\"@id\":\"https:\\\/\\\/agri-smart.eu\\\/de\\\/#organization\",\"name\":\"Agrismart project\",\"url\":\"https:\\\/\\\/agri-smart.eu\\\/de\\\/\",\"logo\":{\"@type\":\"ImageObject\",\"inLanguage\":\"de\",\"@id\":\"https:\\\/\\\/agri-smart.eu\\\/de\\\/#\\\/schema\\\/logo\\\/image\\\/\",\"url\":\"https:\\\/\\\/agri-smart.eu\\\/wp-content\\\/uploads\\\/2022\\\/12\\\/AgriSmart_logo_Final-1.png\",\"contentUrl\":\"https:\\\/\\\/agri-smart.eu\\\/wp-content\\\/uploads\\\/2022\\\/12\\\/AgriSmart_logo_Final-1.png\",\"width\":443,\"height\":438,\"caption\":\"Agrismart project\"},\"image\":{\"@id\":\"https:\\\/\\\/agri-smart.eu\\\/de\\\/#\\\/schema\\\/logo\\\/image\\\/\"},\"sameAs\":[\"https:\\\/\\\/www.facebook.com\\\/AgriSmartErasmus\",\"https:\\\/\\\/x.com\\\/AgrismartEu\"]}]}<\/script>\n<!-- \/ Yoast SEO plugin. -->","yoast_head_json":{"title":"Das Projekt - Agrismart project","robots":{"index":"index","follow":"follow","max-snippet":"max-snippet:-1","max-image-preview":"max-image-preview:large","max-video-preview":"max-video-preview:-1"},"canonical":"https:\/\/agri-smart.eu\/de\/","og_locale":"de_DE","og_type":"article","og_title":"Das Projekt - Agrismart project","og_description":"Das E + AGRISMART-Projekt ist das Ergebnis einer strategischen Partnerschaft von 6 europ\u00e4ischen L\u00e4ndern, das darauf abzielt, das Berufsbildungs- und WBL-Angebot an bestehende und aufkommende berufliche Bed\u00fcrfnisse anzupassen und die klimafreundlichen und digitalen F\u00e4higkeiten von Arbeitnehmern in der Landwirtschaft zu st\u00e4rken. \u00dcber das Projekt Die EU hat der F\u00f6rderung einer nachhaltigen Landwirtschaft, die auch als &hellip; Mehr \u00fcber \"Das Projekt\" Lesen","og_url":"https:\/\/agri-smart.eu\/de\/","og_site_name":"Agrismart project","article_publisher":"https:\/\/www.facebook.com\/AgriSmartErasmus","article_modified_time":"2023-01-19T13:34:14+00:00","og_image":[{"url":"https:\/\/agri-smart.eu\/wp-content\/uploads\/2022\/12\/5a3884ba3bbd136093e94aee3753cac14123af5eada4509fc84e67e6a84a7c864a4978d1f3f9d567575d88c09a0890848fcf588d1d169e6c1feb84_1280-1-1024x682.jpg","type":"","width":"","height":""}],"twitter_card":"summary_large_image","twitter_site":"@AgrismartEu","twitter_misc":{"Gesch\u00e4tzte Lesezeit":"4\u00a0Minuten"},"schema":{"@context":"https:\/\/schema.org","@graph":[{"@type":"WebPage","@id":"https:\/\/agri-smart.eu\/de\/","url":"https:\/\/agri-smart.eu\/de\/","name":"Das Projekt - Agrismart project","isPartOf":{"@id":"https:\/\/agri-smart.eu\/de\/#website"},"primaryImageOfPage":{"@id":"https:\/\/agri-smart.eu\/de\/#primaryimage"},"image":{"@id":"https:\/\/agri-smart.eu\/de\/#primaryimage"},"thumbnailUrl":"https:\/\/agri-smart.eu\/wp-content\/uploads\/2022\/12\/5a3884ba3bbd136093e94aee3753cac14123af5eada4509fc84e67e6a84a7c864a4978d1f3f9d567575d88c09a0890848fcf588d1d169e6c1feb84_1280-1-1024x682.jpg","datePublished":"2022-12-09T08:59:28+00:00","dateModified":"2023-01-19T13:34:14+00:00","breadcrumb":{"@id":"https:\/\/agri-smart.eu\/de\/#breadcrumb"},"inLanguage":"de","potentialAction":[{"@type":"ReadAction","target":["https:\/\/agri-smart.eu\/de\/"]}]},{"@type":"ImageObject","inLanguage":"de","@id":"https:\/\/agri-smart.eu\/de\/#primaryimage","url":"https:\/\/agri-smart.eu\/wp-content\/uploads\/2022\/12\/5a3884ba3bbd136093e94aee3753cac14123af5eada4509fc84e67e6a84a7c864a4978d1f3f9d567575d88c09a0890848fcf588d1d169e6c1feb84_1280-1-1024x682.jpg","contentUrl":"https:\/\/agri-smart.eu\/wp-content\/uploads\/2022\/12\/5a3884ba3bbd136093e94aee3753cac14123af5eada4509fc84e67e6a84a7c864a4978d1f3f9d567575d88c09a0890848fcf588d1d169e6c1feb84_1280-1-1024x682.jpg"},{"@type":"BreadcrumbList","@id":"https:\/\/agri-smart.eu\/de\/#breadcrumb","itemListElement":[{"@type":"ListItem","position":1,"name":"Home","item":"https:\/\/agri-smart.eu\/de\/das-projekt\/"},{"@type":"ListItem","position":2,"name":"Das Projekt"}]},{"@type":"WebSite","@id":"https:\/\/agri-smart.eu\/de\/#website","url":"https:\/\/agri-smart.eu\/de\/","name":"Agrismart project","description":"Sustainability and Digital Skills for the Agriculture Sector","publisher":{"@id":"https:\/\/agri-smart.eu\/de\/#organization"},"potentialAction":[{"@type":"SearchAction","target":{"@type":"EntryPoint","urlTemplate":"https:\/\/agri-smart.eu\/de\/?s={search_term_string}"},"query-input":{"@type":"PropertyValueSpecification","valueRequired":true,"valueName":"search_term_string"}}],"inLanguage":"de"},{"@type":"Organization","@id":"https:\/\/agri-smart.eu\/de\/#organization","name":"Agrismart project","url":"https:\/\/agri-smart.eu\/de\/","logo":{"@type":"ImageObject","inLanguage":"de","@id":"https:\/\/agri-smart.eu\/de\/#\/schema\/logo\/image\/","url":"https:\/\/agri-smart.eu\/wp-content\/uploads\/2022\/12\/AgriSmart_logo_Final-1.png","contentUrl":"https:\/\/agri-smart.eu\/wp-content\/uploads\/2022\/12\/AgriSmart_logo_Final-1.png","width":443,"height":438,"caption":"Agrismart project"},"image":{"@id":"https:\/\/agri-smart.eu\/de\/#\/schema\/logo\/image\/"},"sameAs":["https:\/\/www.facebook.com\/AgriSmartErasmus","https:\/\/x.com\/AgrismartEu"]}]}},"featured_media_urls":[],"_links":{"self":[{"href":"https:\/\/agri-smart.eu\/de\/wp-json\/wp\/v2\/pages\/14289","targetHints":{"allow":["GET"]}}],"collection":[{"href":"https:\/\/agri-smart.eu\/de\/wp-json\/wp\/v2\/pages"}],"about":[{"href":"https:\/\/agri-smart.eu\/de\/wp-json\/wp\/v2\/types\/page"}],"author":[{"embeddable":true,"href":"https:\/\/agri-smart.eu\/de\/wp-json\/wp\/v2\/users\/4"}],"replies":[{"embeddable":true,"href":"https:\/\/agri-smart.eu\/de\/wp-json\/wp\/v2\/comments?post=14289"}],"version-history":[{"count":1,"href":"https:\/\/agri-smart.eu\/de\/wp-json\/wp\/v2\/pages\/14289\/revisions"}],"predecessor-version":[{"id":14290,"href":"https:\/\/agri-smart.eu\/de\/wp-json\/wp\/v2\/pages\/14289\/revisions\/14290"}],"wp:attachment":[{"href":"https:\/\/agri-smart.eu\/de\/wp-json\/wp\/v2\/media?parent=14289"}],"curies":[{"name":"wp","href":"https:\/\/api.w.org\/{rel}","templated":true}]}}